{"id":21,"date":"2016-11-15T15:39:47","date_gmt":"2016-11-15T14:39:47","guid":{"rendered":"http:\/\/aquatool.webs.upv.es\/pd\/?page_id=21"},"modified":"2017-09-07T11:00:26","modified_gmt":"2017-09-07T10:00:26","slug":"actualizaciones-aquatool","status":"publish","type":"page","link":"https:\/\/aquatool.webs.upv.es\/pd\/actualizaciones-aquatool\/","title":{"rendered":"Actualizaciones AquaTool"},"content":{"rendered":"<table>\n<tbody>\n<tr>\n<td><strong>Fecha<\/strong><\/td>\n<td><strong>Versi\u00f3n<\/strong><\/td>\n<td><strong>Cambios<\/strong><\/td>\n<\/tr>\n<tr>\n<td>07\/09\/2017<\/td>\n<td>6.5.1<\/td>\n<td>Reemplazo del visor GIS para poder crear subcuencas o introducir informaci\u00f3n desde capas GIS a AquaTool. Correcci\u00f3n de error en conducciones Tipo 3. Mejoras en la ventana de Subcuencas.<\/td>\n<\/tr>\n<tr>\n<td>19\/07\/2017<\/td>\n<td>6.4.6<\/td>\n<td>Mejora del sistema de licencia para su uso en pa\u00edses con codificaci\u00f3n unicode. Nuevo bot\u00f3n de acceso r\u00e1pido a los resultados (en la tabla de elementos). Nueva validaci\u00f3n de datos para EvalHid.<\/td>\n<\/tr>\n<tr>\n<td>24\/05\/2017<\/td>\n<td>6.4.3<\/td>\n<td>Correcci\u00f3n de errores al cambiar la fuente de datos de las aportaciones. Correcciones menores en el c\u00e1lculo de EvalHid. Bot\u00f3n de acceso r\u00e1pido a resultados en la tabla resumen de elementos.<\/td>\n<\/tr>\n<tr>\n<td>21\/03\/2017<\/td>\n<td>6.3.3<\/td>\n<td>Incluido idioma Turco e Ingl\u00e9s. Mejoras en las ventanas de datos de EvalHid y nuevas herramientas para generar los inputs. Correcciones en el visor de resultados. Se guarda la imagen de fondo de la topolog\u00eda.<\/td>\n<\/tr>\n<tr>\n<td>11\/01\/2017<\/td>\n<td>6.1.12<\/td>\n<td>Correcci\u00f3n de resultados de las tomas en Optiges. Mejoras en el visor de la topolog\u00eda.<\/td>\n<\/tr>\n<tr>\n<td>27\/12\/2016<\/td>\n<td>6.1.10<\/td>\n<td>Mejoras en Optiges y correcci\u00f3n de la carga de par\u00e1metros de control en las conducciones.<\/td>\n<\/tr>\n<tr>\n<td>19\/12\/2016<\/td>\n<td>6.1.8<\/td>\n<td>Mejoras en las opciones de proyecto y en el m\u00f3dulo de Optiges.<\/td>\n<\/tr>\n<tr>\n<td>05\/12\/2016<\/td>\n<td>6.1.6<\/td>\n<td>Nuevo Simges. Correcci\u00f3n de errores en par\u00e1metros de control de Acu\u00edferos. Mejoras varias.<\/td>\n<\/tr>\n<tr>\n<td>09\/09\/2016<\/td>\n<td>6.1.2<\/td>\n<td>Traducci\u00f3n del interface al Turco<\/td>\n<\/tr>\n<tr>\n<td>05\/05\/2016<\/td>\n<td>6.0.9<\/td>\n<td>Mejoras en la importaci\u00f3n de proyectos previos de EvalHid<\/td>\n<\/tr>\n<tr>\n<td>29\/04\/2016<\/td>\n<td>6.0.8<\/td>\n<td>Cambios menores en el funcionamiento con EvalHid. Cambios en el Visor.ocx<\/td>\n<\/tr>\n<tr>\n<td>24\/04\/2016<\/td>\n<td>6.0.7<\/td>\n<td>Correcciones de Gescal (t\u00f3xicos), incluido EvalHidC, apo_etiquetas, generaci\u00f3n de capas GIS automatico si existe topolog\u00eda en la BD<\/td>\n<\/tr>\n<\/tbody>\n<\/table>\n","protected":false},"excerpt":{"rendered":"<p>Fecha Versi\u00f3n Cambios 07\/09\/2017 6.5.1 Reemplazo del visor GIS para poder crear subcuencas o introducir informaci\u00f3n desde capas GIS a AquaTool. Correcci\u00f3n de error en conducciones Tipo 3. Mejoras en la ventana de Subcuencas. 19\/07\/2017 6.4.6 Mejora del sistema de &hellip; <a href=\"https:\/\/aquatool.webs.upv.es\/pd\/actualizaciones-aquatool\/\">Sigue leyendo <span class=\"meta-nav\">&rarr;<\/span><\/a><\/p>\n","protected":false},"author":6,"featured_media":0,"parent":0,"menu_order":0,"comment_status":"closed","ping_status":"closed","template":"","meta":{"footnotes":""},"class_list":["post-21","page","type-page","status-publish","hentry"],"_links":{"self":[{"href":"https:\/\/aquatool.webs.upv.es\/pd\/wp-json\/wp\/v2\/pages\/21","targetHints":{"allow":["GET"]}}],"collection":[{"href":"https:\/\/aquatool.webs.upv.es\/pd\/wp-json\/wp\/v2\/pages"}],"about":[{"href":"https:\/\/aquatool.webs.upv.es\/pd\/wp-json\/wp\/v2\/types\/page"}],"author":[{"embeddable":true,"href":"https:\/\/aquatool.webs.upv.es\/pd\/wp-json\/wp\/v2\/users\/6"}],"replies":[{"embeddable":true,"href":"https:\/\/aquatool.webs.upv.es\/pd\/wp-json\/wp\/v2\/comments?post=21"}],"version-history":[{"count":4,"href":"https:\/\/aquatool.webs.upv.es\/pd\/wp-json\/wp\/v2\/pages\/21\/revisions"}],"predecessor-version":[{"id":49,"href":"https:\/\/aquatool.webs.upv.es\/pd\/wp-json\/wp\/v2\/pages\/21\/revisions\/49"}],"wp:attachment":[{"href":"https:\/\/aquatool.webs.upv.es\/pd\/wp-json\/wp\/v2\/media?parent=21"}],"curies":[{"name":"wp","href":"https:\/\/api.w.org\/{rel}","templated":true}]}}