{"id":2,"date":"2016-11-15T12:04:28","date_gmt":"2016-11-15T12:04:28","guid":{"rendered":"http:\/\/aquatool.webs.upv.es\/pd\/?page_id=2"},"modified":"2018-05-24T15:16:06","modified_gmt":"2018-05-24T14:16:06","slug":"principal","status":"publish","type":"page","link":"https:\/\/aquatool.webs.upv.es\/pd\/","title":{"rendered":"Proyecto AquaTool"},"content":{"rendered":"<p align=\"justify\"><strong>Este es un portal para el intercambio de informaci\u00f3n entre los usuarios de Aquatool y sus desarrolladores. El software compilado y la informaci\u00f3n general se encuentra en la p\u00e1gina web.<\/strong><\/p>\n<p align=\"justify\">Los usuarios con licencia anterior a julio de 2013 que utilizaban una llave de control usb tienen aqu\u00ed la \u00faltima versi\u00f3n de los m\u00f3dulos licenciados identific\u00e1ndose con el usuario y la clave suministrados junto con la licencia. Sin embargo, se recomienda actualizarse a la \u00faltima versi\u00f3n, que pueden hacerlo de forma gratuita. Para ello solo deben completar y enviar a aquatool@upv.es el modelo de petici\u00f3n de licencia gratuita que se encuentra disponible en la web de AQUATOOL, en el apartado de software y Aquatool+ en <a href=\"https:\/\/aquatool.webs.upv.es\/files\/programas\/licencias\/Formulario_Lic_AQT.rtf\" target=\"_blank\" rel=\"noopener\">adquisici\u00f3n de licencias<\/a>.<\/p>\n<p align=\"justify\">A continuaci\u00f3n, esta p\u00e1gina se actualiza con informaci\u00f3n y documentos dise\u00f1ados para ser utilizados por usuarios experimentados en AQUATOOL y para mejorar su producci\u00f3n en aspectos espec\u00edficos. Identific\u00e1ndose con su c\u00f3digo de usuario en el men\u00fa de la derecha podr\u00e1 acceder a los documentos que usted intercambie directamente con el equipo de desarrollo de AQUATOOL.<\/p>\n<h3><a id=\"indice\" name=\"indice\"><\/a>\u00cdndice<\/h3>\n<div>\n<ol start=\"1\">\n<li><a href=\"#uno\">Descripci\u00f3n general<\/a><\/li>\n<li><a href=\"#dos\">Instalaci\u00f3n del programa<\/a><\/li>\n<li><a href=\"#tres\">Documentos de inter\u00e9s<\/a><\/li>\n<li><a href=\"#cuatro\">Requisitos del programa<\/a><\/li>\n<li><a href=\"actualizaciones-aquatool\">Incidencias y notas sobre las \u00faltimas actualizaciones.<\/a><\/li>\n<li><a href=\"utilidades\">Utilidades, herramientas de ayuda en el trabajo con modelos.<\/a><\/li>\n<\/ol>\n<\/div>\n<h3><a id=\"uno\" name=\"uno\"><\/a>1. Descripci\u00f3n general.<\/h3>\n<p align=\"justify\">AQUATOOL+ sustituye a AQUATOOLDMA con las mismas utilidades de dise\u00f1o que aquel y algunas mejoras como la velocidad de carga y edici\u00f3n.<\/p>\n<p align=\"justify\">Las fichas de edici\u00f3n de elementos permiten editar los datos para los modelos SIMGES, OPTIGES, GESCAL y SIMRISK.<\/p>\n<p align=\"justify\">Todas las simulaciones\/escenarios de un mismo modelo pueden mantenerse en un \u00fanico archivo de datos. Esto permitir\u00e1 el manejo en paralelo de los distintos escenarios que se estudian sobre un mismo sistema.<\/p>\n<p align=\"justify\">Los datos se guardan en un archivo de base de datos con el que interact\u00faa el programa, y los archivos de datos y resultados de las simulaciones se incluyen en una subcarpeta de la que contiene al archivo principal.<\/p>\n<p><a href=\"#indice\">Volver al \u00edndice<\/a><\/p>\n<h3><a id=\"dos\" name=\"dos\"><\/a>2. Instalaci\u00f3n del programa.<\/h3>\n<p align=\"justify\">Para instalar el programa descargue el archivo (<a title=\"Instalaci\u00f3n de AQUATOOL+\" href=\"https:\/\/aquatool.webs.upv.es\/files\/programas\/AquaToolPlus_Setup.exe\">Instalaci\u00f3n de AquaTool+<\/a>). Despu\u00e9s ejecute el programa y siga las instrucciones de la pantalla. Si ya tiene instalado el programa y ha recibido una nueva licencia puede actualizar su versi\u00f3n del programa o actualizar solo la licencia mediante <a title=\"este\" href=\"https:\/\/aquatool.webs.upv.es\/files\/programas\/ActualizadorLicencia.exe\">este<\/a> programa.<\/p>\n<p align=\"justify\">Para utilizar el programa con su licencia, debe antes activar su licencia. Para activarla ha debido recibir un correo electr\u00f3nico con sus datos. Debe introducirlos en la opci\u00f3n: Ayuda-&gt;Licencia. De no activar la licencia podr\u00e1 tambi\u00e9n trabajar en el dise\u00f1o y edici\u00f3n del modelo de su cuenca, pero el uso de los m\u00f3dulos de c\u00e1lculo estar\u00e1 limitado a sistemas con pocos elementos.<\/p>\n<p align=\"justify\">En versiones anteriores a 2013 debe copiar en su ordenador desde su CD o descargar de su cuenta aqu\u00ed, el programa SIMGES.EXE. OPTIGES.EXE y GESCAL.EXE. Una vez disponga de estos archivos, y durante la ejecuci\u00f3n de \u00abInstalador.exe\u00bb pulse en \u00abCopiar programas\u00bb y responda \u00abs\u00ed\u00bb a la pregunta \u00abdispone de programas personalizados?\u00bb. Despu\u00e9s el instalador le preguntar\u00e1 donde tiene su copia de SIMGES.EXE y GESCAL.EXE para incluirlos autom\u00e1ticamente en su programa instalado. Si esta es su primera instalaci\u00f3n con esta licencia, deber\u00e1 tambi\u00e9n instalar el servicio WIBU-KEY que se describe en <a href=\"#cuatro\">Requisitos del programa<\/a>.<\/p>\n<p align=\"justify\">Aqu\u00ed est\u00e1 disponible la \u00faltima versi\u00f3n de Aquatool con las \u00faltimas modificaciones que se encuentra es fase de pruebas previa a su paso a la web como nueva versi\u00f3n oficial del programa AQUATOOL+. Esta versi\u00f3n del programa est\u00e1 en desarrollo y sujeto a revisiones continuas. Cualquier sugerencia, comentario o advertencia de errores ser\u00e1 bienvenida.\u00a0 Descarga aqu\u00ed -&gt; <a href=\"..\/files\/portaldesarrollo\/AquaToolPlus_SetupBETA.exe\">Versi\u00f3n Beta de AQUATOOL+<\/a>. Tambi\u00e9n disponemos de una <a href=\"..\/files\/portaldesarrollo\/AquaToolPlus_SetupALFA.exe\">Versi\u00f3n Alfa de AQUATOOL+<\/a> que incluye un visor web con Google Maps.<\/p>\n<p align=\"justify\">Desde la versi\u00f3n de abril de 2016 se incluye el manejo del programa EVALHID. Permite la importaci\u00f3n de proyectos procedentes de la versi\u00f3n anterior, la edici\u00f3n de datos y la simulaci\u00f3n con el programa. En este <a href=\"https:\/\/docs.google.com\/document\/d\/1NCKtOGSHJrIOzNk9M5XrUbuzSgxFLaTV8gAiLezSBpo\/edit?usp=sharing\" target=\"_blank\" rel=\"noopener\">enlace<\/a> se encuentra informaci\u00f3n sobre la nueva versi\u00f3n para usuarios de la versi\u00f3n previa de EVALHID.<\/p>\n<p align=\"justify\">Puede encontrar algunas anotaciones sobre novedades en las sucesivas versiones en este <a href=\"actualizaciones-aquatool\">enlace<\/a>.<\/p>\n<p><a href=\"#indice\">Volver al \u00edndice<\/a><\/p>\n<h3><a id=\"tres\" name=\"tres\"><\/a>3. Documentos de inter\u00e9s.<\/h3>\n<p align=\"justify\">En la web del proyecto se dispone de los manuales de usuario de los programas y diferentes documentos de aprendizaje.<\/p>\n<p align=\"justify\">Para el trabajo con esquemas complejos ya elaborados puede agilizar mucho el trabajo la edici\u00f3n directamente en la base de datos de Aquatool. La edici\u00f3n de la base de datos es delicado, ya que se podr\u00eda cometer errores que impidan la edici\u00f3n posterior del esquema con Aquatool. Por ello es importante conocer en detalle el dise\u00f1o de la base de datos. El documento <a title=\"Descripci\u00f3n de la base de datos AQUATOOL+\" href=\"..\/files\/portaldesarrollo\/DescripcionBaseDatos.pdf\" target=\"_blank\" rel=\"noopener\">Descripci\u00f3n de la base de datos de AquaTool+<\/a>contiene una descripci\u00f3n detallada de las tablas que contiene la base de datos del proyecto; y el documento <a title=\"Esquema de la base de datos AQUATOOL\" href=\"..\/files\/portaldesarrollo\/mapaBD.pdf\" target=\"_blank\" rel=\"noopener\">Esquema de la base de datos de AquaTool+<\/a> contiene un mapa de la misma base de datos agrupando las tablas por los tipos de elementos a que hacen referencia y con las relaciones entre ellas.<\/p>\n<p><a href=\"#indice\">Volver al \u00edndice<\/a><\/p>\n<h3><a id=\"cuatro\" name=\"cuatro\"><\/a>4. Requisitos del programa.<\/h3>\n<p align=\"justify\">Los programas han sido testeados en los sistemas operativos Windows XP, Vista, 7, 8 y 10.<\/p>\n<p align=\"justify\">AQUATOOL utiliza algunos recursos que podr\u00edan no estar instalados en su ordenador, estos son:<\/p>\n<ul>\n<li>Entorno de ejecuci\u00f3n de programas compilados en .NET Framework (Informaci\u00f3n en <a href=\"http:\/\/www.microsoft.com\/downloads\/details.aspx?displaylang=es&amp;FamilyID=0856eacb-4362-4b0d-8edd-aab15c5e04f5\" target=\"_blank\" rel=\"noopener\">microsoft.com<\/a>). Si durante la instalaci\u00f3n de AQUATOOL dispone de conexi\u00f3n a internet, el instalador comprobar\u00e1 si lo tiene instalado y de no ser as\u00ed lo descargar\u00e1 autom\u00e1ticamente.<\/li>\n<li>Librer\u00edas de Microsoft para proporcionar soporte XML a las aplicaciones MSXML (Informaci\u00f3n en <a href=\"http:\/\/www.microsoft.com\/downloads\/details.aspx?displaylang=es&amp;FamilyID=3144b72b-b4f2-46da-b4b6-c5d7485f2b42\" target=\"_blank\" rel=\"noopener\">microsoft.com<\/a>)<\/li>\n<li>Para usuarios con licencia anterior a 2012 tambi\u00e9n es necesario el servicio de control del licencias WIBU-KEY (web de soporte: <a href=\"http:\/\/wibu.com\/download_user.php\" target=\"_blank\" rel=\"noopener\">wibu.com<\/a>)<\/li>\n<li>Controladores ODBC y OLE DB para acceso a Datos de Microsoft MDAC (Informaci\u00f3n en <a href=\"http:\/\/www.microsoft.com\/downloads\/details.aspx?FamilyID=6c050fe3-c795-4b7d-b037-185d0506396c&amp;DisplayLang=es\" target=\"_blank\" rel=\"noopener\">microsoft.com<\/a>)<\/li>\n<\/ul>\n<p><a href=\"#indice\">Volver al \u00edndice<\/a><\/p>\n","protected":false},"excerpt":{"rendered":"<p>Este es un portal para el intercambio de informaci\u00f3n entre los usuarios de Aquatool y sus desarrolladores. El software compilado y la informaci\u00f3n general se encuentra en la p\u00e1gina web. Los usuarios con licencia anterior a julio de 2013 que &hellip; <a href=\"https:\/\/aquatool.webs.upv.es\/pd\/\">Sigue leyendo <span class=\"meta-nav\">&rarr;<\/span><\/a><\/p>\n","protected":false},"author":6,"featured_media":0,"parent":0,"menu_order":0,"comment_status":"closed","ping_status":"closed","template":"","meta":{"footnotes":""},"class_list":["post-2","page","type-page","status-publish","hentry"],"_links":{"self":[{"href":"https:\/\/aquatool.webs.upv.es\/pd\/wp-json\/wp\/v2\/pages\/2","targetHints":{"allow":["GET"]}}],"collection":[{"href":"https:\/\/aquatool.webs.upv.es\/pd\/wp-json\/wp\/v2\/pages"}],"about":[{"href":"https:\/\/aquatool.webs.upv.es\/pd\/wp-json\/wp\/v2\/types\/page"}],"author":[{"embeddable":true,"href":"https:\/\/aquatool.webs.upv.es\/pd\/wp-json\/wp\/v2\/users\/6"}],"replies":[{"embeddable":true,"href":"https:\/\/aquatool.webs.upv.es\/pd\/wp-json\/wp\/v2\/comments?post=2"}],"version-history":[{"count":20,"href":"https:\/\/aquatool.webs.upv.es\/pd\/wp-json\/wp\/v2\/pages\/2\/revisions"}],"predecessor-version":[{"id":55,"href":"https:\/\/aquatool.webs.upv.es\/pd\/wp-json\/wp\/v2\/pages\/2\/revisions\/55"}],"wp:attachment":[{"href":"https:\/\/aquatool.webs.upv.es\/pd\/wp-json\/wp\/v2\/media?parent=2"}],"curies":[{"name":"wp","href":"https:\/\/api.w.org\/{rel}","templated":true}]}}