{"id":833,"date":"2021-06-14T12:55:38","date_gmt":"2021-06-14T10:55:38","guid":{"rendered":"https:\/\/aquatool.webs.upv.es\/aqt\/?page_id=833"},"modified":"2025-05-21T11:29:28","modified_gmt":"2025-05-21T09:29:28","slug":"documentos","status":"publish","type":"page","link":"https:\/\/aquatool.webs.upv.es\/aqt\/documentos\/","title":{"rendered":"Documentos"},"content":{"rendered":"\t\t<div data-elementor-type=\"wp-page\" data-elementor-id=\"833\" class=\"elementor elementor-833\">\n\t\t\t\t\t\t<section class=\"elementor-section elementor-top-section elementor-element elementor-element-32ffb14b elementor-section-boxed elementor-section-height-default elementor-section-height-default\" data-id=\"32ffb14b\" data-element_type=\"section\" data-e-type=\"section\">\n\t\t\t\t\t\t<div class=\"elementor-container elementor-column-gap-default\">\n\t\t\t\t\t<div class=\"elementor-column elementor-col-100 elementor-top-column elementor-element elementor-element-61fe5670\" data-id=\"61fe5670\" data-element_type=\"column\" data-e-type=\"column\">\n\t\t\t<div class=\"elementor-widget-wrap elementor-element-populated\">\n\t\t\t\t\t\t<div class=\"elementor-element elementor-element-292aa4b2 elementor-widget elementor-widget-heading\" data-id=\"292aa4b2\" data-element_type=\"widget\" data-e-type=\"widget\" data-widget_type=\"heading.default\">\n\t\t\t\t<div class=\"elementor-widget-container\">\n\t\t\t\t\t<h2 class=\"elementor-heading-title elementor-size-default\">Software AquaTool para la simulaci\u00f3n y optimizaci\u00f3n de la gesti\u00f3n de cuencas con tiempo en paso variable<span style=\"color: var( --e-global-color-primary );font-family: var( --e-global-typography-primary-font-family ), Verdana;font-style: inherit;font-weight: var( --e-global-typography-primary-font-weight )\"><\/span><br><\/h2>\t\t\t\t<\/div>\n\t\t\t\t<\/div>\n\t\t\t\t\t<\/div>\n\t\t<\/div>\n\t\t\t\t\t<\/div>\n\t\t<\/section>\n\t\t\t\t<section class=\"elementor-section elementor-top-section elementor-element elementor-element-63fa75dd elementor-section-boxed elementor-section-height-default elementor-section-height-default\" data-id=\"63fa75dd\" data-element_type=\"section\" data-e-type=\"section\">\n\t\t\t\t\t\t<div class=\"elementor-container elementor-column-gap-default\">\n\t\t\t\t\t<div class=\"elementor-column elementor-col-50 elementor-top-column elementor-element elementor-element-58cca273\" data-id=\"58cca273\" data-element_type=\"column\" data-e-type=\"column\">\n\t\t\t<div class=\"elementor-widget-wrap elementor-element-populated\">\n\t\t\t\t\t\t<div class=\"elementor-element elementor-element-2e824b62 elementor-widget elementor-widget-heading\" data-id=\"2e824b62\" data-element_type=\"widget\" data-e-type=\"widget\" data-widget_type=\"heading.default\">\n\t\t\t\t<div class=\"elementor-widget-container\">\n\t\t\t\t\t<h5 class=\"elementor-heading-title elementor-size-default\">M\u00f3dulos disponibles<\/h5>\t\t\t\t<\/div>\n\t\t\t\t<\/div>\n\t\t\t\t<div class=\"elementor-element elementor-element-a400fcd elementor-widget elementor-widget-wp-widget-nav_menu\" data-id=\"a400fcd\" data-element_type=\"widget\" data-e-type=\"widget\" data-widget_type=\"wp-widget-nav_menu.default\">\n\t\t\t\t<div class=\"elementor-widget-container\">\n\t\t\t\t\t<div class=\"menu-aqt-tiempo-variable-container\"><ul id=\"menu-aqt-tiempo-variable\" class=\"menu\"><li id=\"menu-item-784\" class=\"menu-item menu-item-type-post_type menu-item-object-page menu-item-784\"><a href=\"https:\/\/aquatool.webs.upv.es\/aqt\/aquatool-2021\/\">Aquatool 2025<\/a><\/li>\n<li id=\"menu-item-1054\" class=\"menu-item menu-item-type-post_type menu-item-object-page menu-item-1054\"><a href=\"https:\/\/aquatool.webs.upv.es\/aqt\/aquatool-geo\/\">GeoAquaTool<\/a><\/li>\n<li id=\"menu-item-797\" class=\"menu-item menu-item-type-post_type menu-item-object-page menu-item-797\"><a href=\"https:\/\/aquatool.webs.upv.es\/aqt\/aqt-sim\/\">AQT-SIM<\/a><\/li>\n<li id=\"menu-item-806\" class=\"menu-item menu-item-type-post_type menu-item-object-page menu-item-806\"><a href=\"https:\/\/aquatool.webs.upv.es\/aqt\/aqt-opt\/\">AQT-OPT<\/a><\/li>\n<li id=\"menu-item-821\" class=\"menu-item menu-item-type-post_type menu-item-object-page menu-item-821\"><a href=\"https:\/\/aquatool.webs.upv.es\/aqt\/aqt-cal\/\">AQT-CAL<\/a><\/li>\n<li id=\"menu-item-812\" class=\"menu-item menu-item-type-post_type menu-item-object-page menu-item-812\"><a href=\"https:\/\/aquatool.webs.upv.es\/aqt\/aqt-risk\/\">AQT-RISK<\/a><\/li>\n<li id=\"menu-item-832\" class=\"menu-item menu-item-type-post_type menu-item-object-page menu-item-832\"><a href=\"https:\/\/aquatool.webs.upv.es\/aqt\/descargas-2\/\">Descargas<\/a><\/li>\n<li id=\"menu-item-842\" class=\"menu-item menu-item-type-post_type menu-item-object-page menu-item-842\"><a href=\"https:\/\/aquatool.webs.upv.es\/aqt\/documentos\/\">Documentos<\/a><\/li>\n<li id=\"menu-item-1676\" class=\"menu-item menu-item-type-post_type menu-item-object-page menu-item-1676\"><a href=\"https:\/\/aquatool.webs.upv.es\/aqt\/ejercicios-2\/\">Ejercicios con GeoAquaTool<\/a><\/li>\n<\/ul><\/div>\t\t\t\t<\/div>\n\t\t\t\t<\/div>\n\t\t\t\t\t<\/div>\n\t\t<\/div>\n\t\t\t\t<div class=\"elementor-column elementor-col-50 elementor-top-column elementor-element elementor-element-46f94d49\" data-id=\"46f94d49\" data-element_type=\"column\" data-e-type=\"column\">\n\t\t\t<div class=\"elementor-widget-wrap elementor-element-populated\">\n\t\t\t\t\t\t<div class=\"elementor-element elementor-element-6964bec5 elementor-widget elementor-widget-text-editor\" data-id=\"6964bec5\" data-element_type=\"widget\" data-e-type=\"widget\" data-widget_type=\"text-editor.default\">\n\t\t\t\t<div class=\"elementor-widget-container\">\n\t\t\t\t\t\t\t\t\t<p>Se presenta aqu\u00ed la nueva generaci\u00f3n de programas de AQUATOOL para el an\u00e1lisis de la gesti\u00f3n de cuencas con tama\u00f1o del paso de tiempo de c\u00e1lculo libre, desde diario a mensual.<\/p><p>Estos programas han sido dise\u00f1ados para mejorar y sustituir los anteriores programas de AQUATOOL mejorados principalmente en la opci\u00f3n de trabajar en una escala temporal inferior al mes. Y en consecuencia, tambi\u00e9n para ampliar el alcance de aquellos en todos los aspectos que no pueden abordarse correctamente en escala mensual.\u00a0<\/p>\t\t\t\t\t\t\t\t<\/div>\n\t\t\t\t<\/div>\n\t\t\t\t<div class=\"elementor-element elementor-element-2ec9eb7d elementor-widget elementor-widget-text-editor\" data-id=\"2ec9eb7d\" data-element_type=\"widget\" data-e-type=\"widget\" data-widget_type=\"text-editor.default\">\n\t\t\t\t<div class=\"elementor-widget-container\">\n\t\t\t\t\t\t\t\t\t<p>La documentaci\u00f3n de los nuevos programas se encuentra en desarrollo actualmente. A continuaci\u00f3n se puede acceder a los documentos disponibles:<\/p><ul><li><a href=\"..\/..\/files\/manuales\/aquatool2021\/AQUATOOL-2021.pdf\">Gu\u00eda r\u00e1pida<\/a>.<i><\/i><\/li><li><a href=\"..\/..\/files\/manuales\/aquatool2021\/AQUATOOL2025 - Manual Tecnico.pdf\">Manual t\u00e9cnico versi\u00f3n 2.0<\/a>. <span style=\"font-size: small;\"><i>(versi\u00f3n 17\/2\/2025)<\/i><\/span><\/li><li><a href=\"..\/..\/files\/manuales\/aquatool2021\/GeoAquatool_Usuario.pdf\">Manual usuario GeoAquaTool<\/a>. <span style=\"font-size: small;\"><i>(versi\u00f3n 21\/5\/2025)<\/i><\/span><\/li><\/ul>\t\t\t\t\t\t\t\t<\/div>\n\t\t\t\t<\/div>\n\t\t\t\t\t<\/div>\n\t\t<\/div>\n\t\t\t\t\t<\/div>\n\t\t<\/section>\n\t\t\t\t<section class=\"elementor-section elementor-top-section elementor-element elementor-element-563e455c elementor-section-boxed elementor-section-height-default elementor-section-height-default\" data-id=\"563e455c\" data-element_type=\"section\" data-e-type=\"section\">\n\t\t\t\t\t\t<div class=\"elementor-container elementor-column-gap-default\">\n\t\t\t\t\t<div class=\"elementor-column elementor-col-100 elementor-top-column elementor-element elementor-element-1688f133\" data-id=\"1688f133\" data-element_type=\"column\" data-e-type=\"column\">\n\t\t\t<div class=\"elementor-widget-wrap elementor-element-populated\">\n\t\t\t\t\t\t<div class=\"elementor-element elementor-element-3dcd6c18 elementor-widget elementor-widget-text-editor\" data-id=\"3dcd6c18\" data-element_type=\"widget\" data-e-type=\"widget\" data-widget_type=\"text-editor.default\">\n\t\t\t\t<div class=\"elementor-widget-container\">\n\t\t\t\t\t\t\t\t\t<p><span style=\"font-variant-numeric: normal; font-variant-east-asian: normal; background-color: transparent; font-size: 11pt; font-family: Arial; color: #000000; vertical-align: baseline; white-space: pre-wrap;\">Este desarrollo se realiza en gran parte al amparo del proyecto de investigaci\u00f3n\u00a0 \u201c<\/span><span style=\"font-variant-numeric: normal; font-variant-east-asian: normal; background-color: transparent; font-size: 11pt; font-family: Arial; color: #000000; font-style: italic; vertical-align: baseline; white-space: pre-wrap;\">Reducci\u00f3n de la EScala Temporal en la Planificaci\u00f3n HIdrol\u00f3gica para la gesti\u00f3n de Recursos y el medio Ambiente (<\/span><span style=\"font-variant-numeric: normal; font-variant-east-asian: normal; background-color: transparent; font-size: 11pt; font-family: Arial; color: #000000; font-weight: bold; font-style: italic; vertical-align: baseline; white-space: pre-wrap;\">RESPHIRA<\/span><span style=\"font-variant-numeric: normal; font-variant-east-asian: normal; background-color: transparent; font-size: 11pt; font-family: Arial; color: #000000; font-style: italic; vertical-align: baseline; white-space: pre-wrap;\">)<\/span><span style=\"font-variant-numeric: normal; font-variant-east-asian: normal; background-color: transparent; font-size: 11pt; font-family: Arial; color: #000000; vertical-align: baseline; white-space: pre-wrap;\">\u201d financiado por la Agencia Estatal de Investigaci\u00f3n (AEI) del\u00a0 Ministerio de Ciencia e Innovaci\u00f3n en la convocatoria de 2019 de proyectos de I+D+I de proyectos de generaci\u00f3n de conocimiento. (PID2019-106322RB-100\/AEI\/ 10.13039\/501100011033) vigente de junio de 2020 a mayo de 2023.<\/span><\/p>\t\t\t\t\t\t\t\t<\/div>\n\t\t\t\t<\/div>\n\t\t\t\t\t<\/div>\n\t\t<\/div>\n\t\t\t\t\t<\/div>\n\t\t<\/section>\n\t\t\t\t<\/div>\n\t\t","protected":false},"excerpt":{"rendered":"<p>Software AquaTool para la simulaci\u00f3n y optimizaci\u00f3n de la gesti\u00f3n de cuencas con tiempo en paso variable M\u00f3dulos disponibles Se presenta aqu\u00ed la nueva generaci\u00f3n de programas de AQUATOOL para el an\u00e1lisis de la gesti\u00f3n de cuencas con tama\u00f1o del paso de tiempo de c\u00e1lculo libre, desde diario a mensual. Estos programas han sido dise\u00f1ados &#8230; <a title=\"Documentos\" class=\"read-more\" href=\"https:\/\/aquatool.webs.upv.es\/aqt\/documentos\/\" aria-label=\"Leer m\u00e1s sobre Documentos\">Leer m\u00e1s<\/a><\/p>\n","protected":false},"author":1,"featured_media":0,"parent":0,"menu_order":0,"comment_status":"closed","ping_status":"closed","template":"","meta":{"inline_featured_image":false,"footnotes":""},"class_list":["post-833","page","type-page","status-publish"],"_links":{"self":[{"href":"https:\/\/aquatool.webs.upv.es\/aqt\/wp-json\/wp\/v2\/pages\/833","targetHints":{"allow":["GET"]}}],"collection":[{"href":"https:\/\/aquatool.webs.upv.es\/aqt\/wp-json\/wp\/v2\/pages"}],"about":[{"href":"https:\/\/aquatool.webs.upv.es\/aqt\/wp-json\/wp\/v2\/types\/page"}],"author":[{"embeddable":true,"href":"https:\/\/aquatool.webs.upv.es\/aqt\/wp-json\/wp\/v2\/users\/1"}],"replies":[{"embeddable":true,"href":"https:\/\/aquatool.webs.upv.es\/aqt\/wp-json\/wp\/v2\/comments?post=833"}],"version-history":[{"count":40,"href":"https:\/\/aquatool.webs.upv.es\/aqt\/wp-json\/wp\/v2\/pages\/833\/revisions"}],"predecessor-version":[{"id":1740,"href":"https:\/\/aquatool.webs.upv.es\/aqt\/wp-json\/wp\/v2\/pages\/833\/revisions\/1740"}],"wp:attachment":[{"href":"https:\/\/aquatool.webs.upv.es\/aqt\/wp-json\/wp\/v2\/media?parent=833"}],"curies":[{"name":"wp","href":"https:\/\/api.w.org\/{rel}","templated":true}]}}