{"id":813,"date":"2021-06-11T13:29:16","date_gmt":"2021-06-11T11:29:16","guid":{"rendered":"https:\/\/aquatool.webs.upv.es\/aqt\/?page_id=813"},"modified":"2021-06-11T13:30:37","modified_gmt":"2021-06-11T11:30:37","slug":"aqt-cal","status":"publish","type":"page","link":"https:\/\/aquatool.webs.upv.es\/aqt\/aqt-cal\/","title":{"rendered":"AQT-CAL"},"content":{"rendered":"\t\t<div data-elementor-type=\"wp-page\" data-elementor-id=\"813\" class=\"elementor elementor-813\">\n\t\t\t\t\t\t<section class=\"elementor-section elementor-top-section elementor-element elementor-element-6801c975 elementor-section-boxed elementor-section-height-default elementor-section-height-default\" data-id=\"6801c975\" data-element_type=\"section\" data-e-type=\"section\">\n\t\t\t\t\t\t<div class=\"elementor-container elementor-column-gap-default\">\n\t\t\t\t\t<div class=\"elementor-column elementor-col-100 elementor-top-column elementor-element elementor-element-69cb4763\" data-id=\"69cb4763\" data-element_type=\"column\" data-e-type=\"column\">\n\t\t\t<div class=\"elementor-widget-wrap elementor-element-populated\">\n\t\t\t\t\t\t<div class=\"elementor-element elementor-element-3ecfe7aa elementor-widget elementor-widget-heading\" data-id=\"3ecfe7aa\" data-element_type=\"widget\" data-e-type=\"widget\" data-widget_type=\"heading.default\">\n\t\t\t\t<div class=\"elementor-widget-container\">\n\t\t\t\t\t<h2 class=\"elementor-heading-title elementor-size-default\">M\u00f3dulo para el an\u00e1lisis de la calidad del agua a escala de cuenca con paso de tiempo variable.<\/h2>\t\t\t\t<\/div>\n\t\t\t\t<\/div>\n\t\t\t\t\t<\/div>\n\t\t<\/div>\n\t\t\t\t\t<\/div>\n\t\t<\/section>\n\t\t\t\t<section class=\"elementor-section elementor-top-section elementor-element elementor-element-3863e566 elementor-section-boxed elementor-section-height-default elementor-section-height-default\" data-id=\"3863e566\" data-element_type=\"section\" data-e-type=\"section\">\n\t\t\t\t\t\t<div class=\"elementor-container elementor-column-gap-default\">\n\t\t\t\t\t<div class=\"elementor-column elementor-col-50 elementor-top-column elementor-element elementor-element-15106a95\" data-id=\"15106a95\" data-element_type=\"column\" data-e-type=\"column\">\n\t\t\t<div class=\"elementor-widget-wrap elementor-element-populated\">\n\t\t\t\t\t\t<div class=\"elementor-element elementor-element-43b6fddd elementor-widget elementor-widget-heading\" data-id=\"43b6fddd\" data-element_type=\"widget\" data-e-type=\"widget\" data-widget_type=\"heading.default\">\n\t\t\t\t<div class=\"elementor-widget-container\">\n\t\t\t\t\t<h5 class=\"elementor-heading-title elementor-size-default\">M\u00f3dulos disponibles<\/h5>\t\t\t\t<\/div>\n\t\t\t\t<\/div>\n\t\t\t\t<div class=\"elementor-element elementor-element-16b47a5f elementor-widget elementor-widget-wp-widget-nav_menu\" data-id=\"16b47a5f\" data-element_type=\"widget\" data-e-type=\"widget\" data-widget_type=\"wp-widget-nav_menu.default\">\n\t\t\t\t<div class=\"elementor-widget-container\">\n\t\t\t\t\t<div class=\"menu-aqt-tiempo-variable-container\"><ul id=\"menu-aqt-tiempo-variable\" class=\"menu\"><li id=\"menu-item-784\" class=\"menu-item menu-item-type-post_type menu-item-object-page menu-item-784\"><a href=\"https:\/\/aquatool.webs.upv.es\/aqt\/aquatool-2021\/\">Aquatool 2025<\/a><\/li>\n<li id=\"menu-item-1054\" class=\"menu-item menu-item-type-post_type menu-item-object-page menu-item-1054\"><a href=\"https:\/\/aquatool.webs.upv.es\/aqt\/aquatool-geo\/\">GeoAquaTool<\/a><\/li>\n<li id=\"menu-item-797\" class=\"menu-item menu-item-type-post_type menu-item-object-page menu-item-797\"><a href=\"https:\/\/aquatool.webs.upv.es\/aqt\/aqt-sim\/\">AQT-SIM<\/a><\/li>\n<li id=\"menu-item-806\" class=\"menu-item menu-item-type-post_type menu-item-object-page menu-item-806\"><a href=\"https:\/\/aquatool.webs.upv.es\/aqt\/aqt-opt\/\">AQT-OPT<\/a><\/li>\n<li id=\"menu-item-821\" class=\"menu-item menu-item-type-post_type menu-item-object-page menu-item-821\"><a href=\"https:\/\/aquatool.webs.upv.es\/aqt\/aqt-cal\/\">AQT-CAL<\/a><\/li>\n<li id=\"menu-item-812\" class=\"menu-item menu-item-type-post_type menu-item-object-page menu-item-812\"><a href=\"https:\/\/aquatool.webs.upv.es\/aqt\/aqt-risk\/\">AQT-RISK<\/a><\/li>\n<li id=\"menu-item-832\" class=\"menu-item menu-item-type-post_type menu-item-object-page menu-item-832\"><a href=\"https:\/\/aquatool.webs.upv.es\/aqt\/descargas-2\/\">Descargas<\/a><\/li>\n<li id=\"menu-item-842\" class=\"menu-item menu-item-type-post_type menu-item-object-page menu-item-842\"><a href=\"https:\/\/aquatool.webs.upv.es\/aqt\/documentos\/\">Documentos<\/a><\/li>\n<li id=\"menu-item-1676\" class=\"menu-item menu-item-type-post_type menu-item-object-page menu-item-1676\"><a href=\"https:\/\/aquatool.webs.upv.es\/aqt\/ejercicios-2\/\">Ejercicios con GeoAquaTool<\/a><\/li>\n<\/ul><\/div>\t\t\t\t<\/div>\n\t\t\t\t<\/div>\n\t\t\t\t\t<\/div>\n\t\t<\/div>\n\t\t\t\t<div class=\"elementor-column elementor-col-50 elementor-top-column elementor-element elementor-element-ae22185\" data-id=\"ae22185\" data-element_type=\"column\" data-e-type=\"column\">\n\t\t\t<div class=\"elementor-widget-wrap elementor-element-populated\">\n\t\t\t\t\t\t<div class=\"elementor-element elementor-element-5fb83713 elementor-widget elementor-widget-text-editor\" data-id=\"5fb83713\" data-element_type=\"widget\" data-e-type=\"widget\" data-widget_type=\"text-editor.default\">\n\t\t\t\t<div class=\"elementor-widget-container\">\n\t\t\t\t\t\t\t\t\t<p><span data-contrast=\"auto\">El programa AQT-CAL es una herramienta para la modelaci\u00f3n de la calidad del agua en tramos de r\u00edo, embalses y sistemas de recursos h\u00eddricos completos. Se ha implementado sobre\u00a0 el Sistema Soporte Decisi\u00f3n (SSD) AQUATOOL\u00a0\u00a0(Andreu et al. 1996) y para la planificaci\u00f3n y gesti\u00f3n de recursos h\u00eddricos. De este modo la aplicaci\u00f3n conjunta permitir\u00e1, con una sola herramienta modelar la gesti\u00f3n y la calidad del agua en sistemas de recursos h\u00eddricos. <\/span><span data-ccp-props=\"{&quot;335551550&quot;:6,&quot;335551620&quot;:6,&quot;335559731&quot;:708,&quot;335559739&quot;:120,&quot;335559740&quot;:312}\">\u00a0<\/span><\/p><p><span data-contrast=\"auto\">Este\u00a0m\u00f3dulo no intenta representar la evoluci\u00f3n de la calidad del agua frente a eventos puntuales, sino por el contrario, reflejar la evoluci\u00f3n espacio temporal de la calidad del agua en los sistemas modelados, fruto de las diferentes alternativas de gesti\u00f3n, depuraci\u00f3n, contaminaci\u00f3n y uso del recurso.<\/span><\/p>\t\t\t\t\t\t\t\t<\/div>\n\t\t\t\t<\/div>\n\t\t\t\t\t<\/div>\n\t\t<\/div>\n\t\t\t\t\t<\/div>\n\t\t<\/section>\n\t\t\t\t<section class=\"elementor-section elementor-top-section elementor-element elementor-element-3ff09e02 elementor-section-boxed elementor-section-height-default elementor-section-height-default\" data-id=\"3ff09e02\" data-element_type=\"section\" data-e-type=\"section\">\n\t\t\t\t\t\t<div class=\"elementor-container elementor-column-gap-default\">\n\t\t\t\t\t<div class=\"elementor-column elementor-col-100 elementor-top-column elementor-element elementor-element-27a1c79b\" data-id=\"27a1c79b\" data-element_type=\"column\" data-e-type=\"column\">\n\t\t\t<div class=\"elementor-widget-wrap elementor-element-populated\">\n\t\t\t\t\t\t\t<\/div>\n\t\t<\/div>\n\t\t\t\t\t<\/div>\n\t\t<\/section>\n\t\t\t\t<\/div>\n\t\t","protected":false},"excerpt":{"rendered":"<p>M\u00f3dulo para el an\u00e1lisis de la calidad del agua a escala de cuenca con paso de tiempo variable. M\u00f3dulos disponibles El programa AQT-CAL es una herramienta para la modelaci\u00f3n de la calidad del agua en tramos de r\u00edo, embalses y sistemas de recursos h\u00eddricos completos. Se ha implementado sobre\u00a0 el Sistema Soporte Decisi\u00f3n (SSD) AQUATOOL\u00a0\u00a0(Andreu &#8230; <a title=\"AQT-CAL\" class=\"read-more\" href=\"https:\/\/aquatool.webs.upv.es\/aqt\/aqt-cal\/\" aria-label=\"Leer m\u00e1s sobre AQT-CAL\">Leer m\u00e1s<\/a><\/p>\n","protected":false},"author":1,"featured_media":0,"parent":0,"menu_order":0,"comment_status":"closed","ping_status":"closed","template":"","meta":{"inline_featured_image":false,"footnotes":""},"class_list":["post-813","page","type-page","status-publish"],"_links":{"self":[{"href":"https:\/\/aquatool.webs.upv.es\/aqt\/wp-json\/wp\/v2\/pages\/813","targetHints":{"allow":["GET"]}}],"collection":[{"href":"https:\/\/aquatool.webs.upv.es\/aqt\/wp-json\/wp\/v2\/pages"}],"about":[{"href":"https:\/\/aquatool.webs.upv.es\/aqt\/wp-json\/wp\/v2\/types\/page"}],"author":[{"embeddable":true,"href":"https:\/\/aquatool.webs.upv.es\/aqt\/wp-json\/wp\/v2\/users\/1"}],"replies":[{"embeddable":true,"href":"https:\/\/aquatool.webs.upv.es\/aqt\/wp-json\/wp\/v2\/comments?post=813"}],"version-history":[{"count":4,"href":"https:\/\/aquatool.webs.upv.es\/aqt\/wp-json\/wp\/v2\/pages\/813\/revisions"}],"predecessor-version":[{"id":820,"href":"https:\/\/aquatool.webs.upv.es\/aqt\/wp-json\/wp\/v2\/pages\/813\/revisions\/820"}],"wp:attachment":[{"href":"https:\/\/aquatool.webs.upv.es\/aqt\/wp-json\/wp\/v2\/media?parent=813"}],"curies":[{"name":"wp","href":"https:\/\/api.w.org\/{rel}","templated":true}]}}