{"id":798,"date":"2021-06-11T12:53:34","date_gmt":"2021-06-11T10:53:34","guid":{"rendered":"https:\/\/aquatool.webs.upv.es\/aqt\/?page_id=798"},"modified":"2021-06-11T13:01:27","modified_gmt":"2021-06-11T11:01:27","slug":"aqt-opt","status":"publish","type":"page","link":"https:\/\/aquatool.webs.upv.es\/aqt\/aqt-opt\/","title":{"rendered":"AQT-OPT"},"content":{"rendered":"\t\t<div data-elementor-type=\"wp-page\" data-elementor-id=\"798\" class=\"elementor elementor-798\">\n\t\t\t\t\t\t<section class=\"elementor-section elementor-top-section elementor-element elementor-element-57e32d79 elementor-section-boxed elementor-section-height-default elementor-section-height-default\" data-id=\"57e32d79\" data-element_type=\"section\" data-e-type=\"section\">\n\t\t\t\t\t\t<div class=\"elementor-container elementor-column-gap-default\">\n\t\t\t\t\t<div class=\"elementor-column elementor-col-100 elementor-top-column elementor-element elementor-element-747df5c4\" data-id=\"747df5c4\" data-element_type=\"column\" data-e-type=\"column\">\n\t\t\t<div class=\"elementor-widget-wrap elementor-element-populated\">\n\t\t\t\t\t\t<div class=\"elementor-element elementor-element-6415017a elementor-widget elementor-widget-heading\" data-id=\"6415017a\" data-element_type=\"widget\" data-e-type=\"widget\" data-widget_type=\"heading.default\">\n\t\t\t\t<div class=\"elementor-widget-container\">\n\t\t\t\t\t<h2 class=\"elementor-heading-title elementor-size-default\">M\u00f3dulo para el an\u00e1lisis de sistemas de recursos h\u00eddricos mediante de modelos de optimizaci\u00f3n de la gesti\u00f3n con paso de tiempo b\u00e1sico variable<\/h2>\t\t\t\t<\/div>\n\t\t\t\t<\/div>\n\t\t\t\t\t<\/div>\n\t\t<\/div>\n\t\t\t\t\t<\/div>\n\t\t<\/section>\n\t\t\t\t<section class=\"elementor-section elementor-top-section elementor-element elementor-element-5a13a5f8 elementor-section-boxed elementor-section-height-default elementor-section-height-default\" data-id=\"5a13a5f8\" data-element_type=\"section\" data-e-type=\"section\">\n\t\t\t\t\t\t<div class=\"elementor-container elementor-column-gap-default\">\n\t\t\t\t\t<div class=\"elementor-column elementor-col-50 elementor-top-column elementor-element elementor-element-5134e561\" data-id=\"5134e561\" data-element_type=\"column\" data-e-type=\"column\">\n\t\t\t<div class=\"elementor-widget-wrap elementor-element-populated\">\n\t\t\t\t\t\t<div class=\"elementor-element elementor-element-2b2b5289 elementor-widget elementor-widget-heading\" data-id=\"2b2b5289\" data-element_type=\"widget\" data-e-type=\"widget\" data-widget_type=\"heading.default\">\n\t\t\t\t<div class=\"elementor-widget-container\">\n\t\t\t\t\t<h5 class=\"elementor-heading-title elementor-size-default\">M\u00f3dulos disponibles<\/h5>\t\t\t\t<\/div>\n\t\t\t\t<\/div>\n\t\t\t\t<div class=\"elementor-element elementor-element-647a100 elementor-widget elementor-widget-wp-widget-nav_menu\" data-id=\"647a100\" data-element_type=\"widget\" data-e-type=\"widget\" data-widget_type=\"wp-widget-nav_menu.default\">\n\t\t\t\t<div class=\"elementor-widget-container\">\n\t\t\t\t\t<div class=\"menu-aqt-tiempo-variable-container\"><ul id=\"menu-aqt-tiempo-variable\" class=\"menu\"><li id=\"menu-item-784\" class=\"menu-item menu-item-type-post_type menu-item-object-page menu-item-784\"><a href=\"https:\/\/aquatool.webs.upv.es\/aqt\/aquatool-2021\/\">Aquatool 2025<\/a><\/li>\n<li id=\"menu-item-1054\" class=\"menu-item menu-item-type-post_type menu-item-object-page menu-item-1054\"><a href=\"https:\/\/aquatool.webs.upv.es\/aqt\/aquatool-geo\/\">GeoAquaTool<\/a><\/li>\n<li id=\"menu-item-797\" class=\"menu-item menu-item-type-post_type menu-item-object-page menu-item-797\"><a href=\"https:\/\/aquatool.webs.upv.es\/aqt\/aqt-sim\/\">AQT-SIM<\/a><\/li>\n<li id=\"menu-item-806\" class=\"menu-item menu-item-type-post_type menu-item-object-page menu-item-806\"><a href=\"https:\/\/aquatool.webs.upv.es\/aqt\/aqt-opt\/\">AQT-OPT<\/a><\/li>\n<li id=\"menu-item-821\" class=\"menu-item menu-item-type-post_type menu-item-object-page menu-item-821\"><a href=\"https:\/\/aquatool.webs.upv.es\/aqt\/aqt-cal\/\">AQT-CAL<\/a><\/li>\n<li id=\"menu-item-812\" class=\"menu-item menu-item-type-post_type menu-item-object-page menu-item-812\"><a href=\"https:\/\/aquatool.webs.upv.es\/aqt\/aqt-risk\/\">AQT-RISK<\/a><\/li>\n<li id=\"menu-item-832\" class=\"menu-item menu-item-type-post_type menu-item-object-page menu-item-832\"><a href=\"https:\/\/aquatool.webs.upv.es\/aqt\/descargas-2\/\">Descargas<\/a><\/li>\n<li id=\"menu-item-842\" class=\"menu-item menu-item-type-post_type menu-item-object-page menu-item-842\"><a href=\"https:\/\/aquatool.webs.upv.es\/aqt\/documentos\/\">Documentos<\/a><\/li>\n<li id=\"menu-item-1676\" class=\"menu-item menu-item-type-post_type menu-item-object-page menu-item-1676\"><a href=\"https:\/\/aquatool.webs.upv.es\/aqt\/ejercicios-2\/\">Ejercicios con GeoAquaTool<\/a><\/li>\n<\/ul><\/div>\t\t\t\t<\/div>\n\t\t\t\t<\/div>\n\t\t\t\t\t<\/div>\n\t\t<\/div>\n\t\t\t\t<div class=\"elementor-column elementor-col-50 elementor-top-column elementor-element elementor-element-4caf42e5\" data-id=\"4caf42e5\" data-element_type=\"column\" data-e-type=\"column\">\n\t\t\t<div class=\"elementor-widget-wrap elementor-element-populated\">\n\t\t\t\t\t\t<div class=\"elementor-element elementor-element-74b8fcdf elementor-widget elementor-widget-text-editor\" data-id=\"74b8fcdf\" data-element_type=\"widget\" data-e-type=\"widget\" data-widget_type=\"text-editor.default\">\n\t\t\t\t<div class=\"elementor-widget-container\">\n\t\t\t\t\t\t\t\t\t<p>AQT-OPT permite al igual que AQT-SIM el an\u00e1lisis de la gesti\u00f3n de un sistema de recursos h\u00eddricos <span class=\"TextRun BCX0 SCXW90439650\" lang=\"ES-ES\" xml:lang=\"ES-ES\" data-contrast=\"auto\"><span class=\"NormalTextRun BCX0 SCXW90439650\">con\u00a0<\/span><\/span><span class=\"TextRun BCX0 SCXW90439650\" lang=\"ES-ES\" xml:lang=\"ES-ES\" data-contrast=\"auto\"><span class=\"NormalTextRun BCX0 SCXW90439650\">paso de tiempo\u00a0<\/span><span class=\"NormalTextRun BCX0 SCXW90439650\">b\u00e1sico\u00a0<\/span><span class=\"NormalTextRun BCX0 SCXW90439650\">variable, desde diario hasta\u00a0<\/span><span class=\"NormalTextRun BCX0 SCXW90439650\">mensual. Pero este m\u00f3dulo no resuelve la distribuci\u00f3n del agua paso a paso como el primero, sino que lo hace observando en cada optimizaci\u00f3n un horizonte temporal de simulaci\u00f3n <span class=\"TextRun SCXW37114522 BCX0\" lang=\"ES-ES\" xml:lang=\"ES-ES\" data-contrast=\"auto\"><span class=\"NormalTextRun SCXW37114522 BCX0\">intra<\/span><span class=\"NormalTextRun SCXW37114522 BCX0\">-anual, anual,\u00a0 o plurianual.<\/span><\/span><span class=\"EOP SCXW37114522 BCX0\" data-ccp-props=\"{&quot;201341983&quot;:0,&quot;335551550&quot;:6,&quot;335551620&quot;:6,&quot;335559739&quot;:200,&quot;335559740&quot;:276}\">\u00a0<\/span><\/span><\/span><\/p><p><span class=\"NormalTextRun SCXW262404093 BCX0\">En principio<\/span><span class=\"NormalTextRun SCXW262404093 BCX0\">, AQT<\/span><span class=\"NormalTextRun SCXW262404093 BCX0\">&#8211;<\/span><span class=\"NormalTextRun SCXW262404093 BCX0\">OPT<\/span><span class=\"NormalTextRun SCXW262404093 BCX0\">\u00a0est\u00e1 concebido para realizar el mismo tipo de\u00a0<\/span><span class=\"NormalTextRun SCXW262404093 BCX0\">optimiz<\/span><span class=\"NormalTextRun SCXW262404093 BCX0\">aciones que realiza el modelo\u00a0<\/span><span class=\"NormalTextRun SCXW262404093 BCX0\">OPTI<\/span><span class=\"NormalTextRun SCXW262404093 BCX0\">GES, pero con la diferencia de que el a\u00f1o hidrol\u00f3gico ya no se divide en 12 meses, sino en un n\u00famero de per\u00edodos de tiempo opcional entre 12 y 365, con lo que puede utilizarse para realizar simulaciones con paso b\u00e1sico mensual, quincenal, <\/span><span class=\"NormalTextRun SCXW262404093 BCX0\">decadal<\/span><span class=\"NormalTextRun SCXW262404093 BCX0\">, semanal o diario.<\/span><\/p><p>AQT-OPT proporciona las mismas utilidades que OPTIGES y que AQT-SIM ampliadas con la optimizaci\u00f3n simult\u00e1nea de varios pasos de tiempo. Pero adem\u00e1s proporciona otras ventajas de c\u00e1lculo\u00a0 son los siguientes:<\/p><ul><li style=\"list-style-type: none;\">\u00a0<\/li><li><p>Permite la optimizaci\u00f3n de un modelo desarrollado con SIMGES o con AQT-SIM. Esto es, con todo el detalle en la definici\u00f3n de elementos que ten\u00eda el primero.<\/p><\/li><li><p>El periodo de optimizaci\u00f3n no es necesariamente un n\u00famero entero de a\u00f1os, se define por n\u00famero de pasos, que puede ser superior o inferior al a\u00f1o.<\/p><\/li><li><p>Se puede realizar una simulaci\u00f3n mediante optimizaciones m\u00e1s largas, de las que solo se conserva o valida un periodo de tiempo m\u00e1s corto. Por ejemplo, se puede hacer una simulaci\u00f3n con optimizaciones de dos a\u00f1os, descartando los resultados del segundo a\u00f1o conservando solo el primero, repitiendo en la siguiente optimizaci\u00f3n la del segundo a\u00f1o, pero esta vez como primer a\u00f1o optimizado.\u202f<\/p><\/li><\/ul>\t\t\t\t\t\t\t\t<\/div>\n\t\t\t\t<\/div>\n\t\t\t\t\t<\/div>\n\t\t<\/div>\n\t\t\t\t\t<\/div>\n\t\t<\/section>\n\t\t\t\t<section class=\"elementor-section elementor-top-section elementor-element elementor-element-614285ac elementor-section-boxed elementor-section-height-default elementor-section-height-default\" data-id=\"614285ac\" data-element_type=\"section\" data-e-type=\"section\">\n\t\t\t\t\t\t<div class=\"elementor-container elementor-column-gap-default\">\n\t\t\t\t\t<div class=\"elementor-column elementor-col-100 elementor-top-column elementor-element elementor-element-3c8506ef\" data-id=\"3c8506ef\" data-element_type=\"column\" data-e-type=\"column\">\n\t\t\t<div class=\"elementor-widget-wrap elementor-element-populated\">\n\t\t\t\t\t\t<div class=\"elementor-element elementor-element-15bff06e elementor-widget elementor-widget-text-editor\" data-id=\"15bff06e\" data-element_type=\"widget\" data-e-type=\"widget\" data-widget_type=\"text-editor.default\">\n\t\t\t\t<div class=\"elementor-widget-container\">\n\t\t\t\t\t\t\t\t\t<p><span style=\"font-variant-numeric: normal; font-variant-east-asian: normal; background-color: transparent; font-size: 11pt; font-family: Arial; color: #000000; vertical-align: baseline; white-space: pre-wrap;\">Este desarrollo se realiza en gran parte al amparo del proyecto de investigaci\u00f3n\u00a0 \u201c<\/span><span style=\"font-variant-numeric: normal; font-variant-east-asian: normal; background-color: transparent; font-size: 11pt; font-family: Arial; color: #000000; font-style: italic; vertical-align: baseline; white-space: pre-wrap;\">Reducci\u00f3n de la EScala Temporal en la Planificaci\u00f3n HIdrol\u00f3gica para la gesti\u00f3n de Recursos y el medio Ambiente (<\/span><span style=\"font-variant-numeric: normal; font-variant-east-asian: normal; background-color: transparent; font-size: 11pt; font-family: Arial; color: #000000; font-weight: bold; font-style: italic; vertical-align: baseline; white-space: pre-wrap;\">RESPHIRA<\/span><span style=\"font-variant-numeric: normal; font-variant-east-asian: normal; background-color: transparent; font-size: 11pt; font-family: Arial; color: #000000; font-style: italic; vertical-align: baseline; white-space: pre-wrap;\">)<\/span><span style=\"font-variant-numeric: normal; font-variant-east-asian: normal; background-color: transparent; font-size: 11pt; font-family: Arial; color: #000000; vertical-align: baseline; white-space: pre-wrap;\">\u201d financiado por la Agencia Estatal de Investigaci\u00f3n (AEI) del\u00a0 Ministerio de Ciencia e Innovaci\u00f3n en la convocatoria de 2019 de proyectos de I+D+I de proyectos de generaci\u00f3n de conocimiento. (PID2019-106322RB-100\/AEI\/ 10.13039\/501100011033) vigente de junio de 2020 a mayo de 2023.<\/span><\/p>\t\t\t\t\t\t\t\t<\/div>\n\t\t\t\t<\/div>\n\t\t\t\t\t<\/div>\n\t\t<\/div>\n\t\t\t\t\t<\/div>\n\t\t<\/section>\n\t\t\t\t<\/div>\n\t\t","protected":false},"excerpt":{"rendered":"<p>M\u00f3dulo para el an\u00e1lisis de sistemas de recursos h\u00eddricos mediante de modelos de optimizaci\u00f3n de la gesti\u00f3n con paso de tiempo b\u00e1sico variable M\u00f3dulos disponibles AQT-OPT permite al igual que AQT-SIM el an\u00e1lisis de la gesti\u00f3n de un sistema de recursos h\u00eddricos con\u00a0paso de tiempo\u00a0b\u00e1sico\u00a0variable, desde diario hasta\u00a0mensual. Pero este m\u00f3dulo no resuelve la distribuci\u00f3n &#8230; <a title=\"AQT-OPT\" class=\"read-more\" href=\"https:\/\/aquatool.webs.upv.es\/aqt\/aqt-opt\/\" aria-label=\"Leer m\u00e1s sobre AQT-OPT\">Leer m\u00e1s<\/a><\/p>\n","protected":false},"author":1,"featured_media":0,"parent":0,"menu_order":0,"comment_status":"closed","ping_status":"closed","template":"","meta":{"inline_featured_image":false,"footnotes":""},"class_list":["post-798","page","type-page","status-publish"],"_links":{"self":[{"href":"https:\/\/aquatool.webs.upv.es\/aqt\/wp-json\/wp\/v2\/pages\/798","targetHints":{"allow":["GET"]}}],"collection":[{"href":"https:\/\/aquatool.webs.upv.es\/aqt\/wp-json\/wp\/v2\/pages"}],"about":[{"href":"https:\/\/aquatool.webs.upv.es\/aqt\/wp-json\/wp\/v2\/types\/page"}],"author":[{"embeddable":true,"href":"https:\/\/aquatool.webs.upv.es\/aqt\/wp-json\/wp\/v2\/users\/1"}],"replies":[{"embeddable":true,"href":"https:\/\/aquatool.webs.upv.es\/aqt\/wp-json\/wp\/v2\/comments?post=798"}],"version-history":[{"count":5,"href":"https:\/\/aquatool.webs.upv.es\/aqt\/wp-json\/wp\/v2\/pages\/798\/revisions"}],"predecessor-version":[{"id":1682,"href":"https:\/\/aquatool.webs.upv.es\/aqt\/wp-json\/wp\/v2\/pages\/798\/revisions\/1682"}],"wp:attachment":[{"href":"https:\/\/aquatool.webs.upv.es\/aqt\/wp-json\/wp\/v2\/media?parent=798"}],"curies":[{"name":"wp","href":"https:\/\/api.w.org\/{rel}","templated":true}]}}