{"id":791,"date":"2021-06-11T12:29:01","date_gmt":"2021-06-11T10:29:01","guid":{"rendered":"https:\/\/aquatool.webs.upv.es\/aqt\/?page_id=791"},"modified":"2025-05-21T11:55:50","modified_gmt":"2025-05-21T09:55:50","slug":"aqt-sim","status":"publish","type":"page","link":"https:\/\/aquatool.webs.upv.es\/aqt\/aqt-sim\/","title":{"rendered":"AQT-SIM"},"content":{"rendered":"\t\t<div data-elementor-type=\"wp-page\" data-elementor-id=\"791\" class=\"elementor elementor-791\">\n\t\t\t\t\t\t<section class=\"elementor-section elementor-top-section elementor-element elementor-element-14e61669 elementor-section-boxed elementor-section-height-default elementor-section-height-default\" data-id=\"14e61669\" data-element_type=\"section\" data-e-type=\"section\">\n\t\t\t\t\t\t<div class=\"elementor-container elementor-column-gap-default\">\n\t\t\t\t\t<div class=\"elementor-column elementor-col-100 elementor-top-column elementor-element elementor-element-2991de62\" data-id=\"2991de62\" data-element_type=\"column\" data-e-type=\"column\">\n\t\t\t<div class=\"elementor-widget-wrap elementor-element-populated\">\n\t\t\t\t\t\t<div class=\"elementor-element elementor-element-2d129fdb elementor-widget elementor-widget-heading\" data-id=\"2d129fdb\" data-element_type=\"widget\" data-e-type=\"widget\" data-widget_type=\"heading.default\">\n\t\t\t\t<div class=\"elementor-widget-container\">\n\t\t\t\t\t<h2 class=\"elementor-heading-title elementor-size-default\">M\u00d3DULO PARA EL DESARROLLO DE MODELOS DE SIMULACI\u00d3N DE LA GESTI\u00d3N DE SISTEMAS DE RECURSOS H\u00cdDRICOS CON PASO DE TIEMPO B\u00c1SICO VARIABLE<\/h2>\t\t\t\t<\/div>\n\t\t\t\t<\/div>\n\t\t\t\t\t<\/div>\n\t\t<\/div>\n\t\t\t\t\t<\/div>\n\t\t<\/section>\n\t\t\t\t<section class=\"elementor-section elementor-top-section elementor-element elementor-element-7b82d267 elementor-section-boxed elementor-section-height-default elementor-section-height-default\" data-id=\"7b82d267\" data-element_type=\"section\" data-e-type=\"section\">\n\t\t\t\t\t\t<div class=\"elementor-container elementor-column-gap-default\">\n\t\t\t\t\t<div class=\"elementor-column elementor-col-50 elementor-top-column elementor-element elementor-element-140c596e\" data-id=\"140c596e\" data-element_type=\"column\" data-e-type=\"column\">\n\t\t\t<div class=\"elementor-widget-wrap elementor-element-populated\">\n\t\t\t\t\t\t<div class=\"elementor-element elementor-element-1b23539f elementor-widget elementor-widget-heading\" data-id=\"1b23539f\" data-element_type=\"widget\" data-e-type=\"widget\" data-widget_type=\"heading.default\">\n\t\t\t\t<div class=\"elementor-widget-container\">\n\t\t\t\t\t<h5 class=\"elementor-heading-title elementor-size-default\">M\u00f3dulos disponibles<\/h5>\t\t\t\t<\/div>\n\t\t\t\t<\/div>\n\t\t\t\t<div class=\"elementor-element elementor-element-503809a9 elementor-widget elementor-widget-wp-widget-nav_menu\" data-id=\"503809a9\" data-element_type=\"widget\" data-e-type=\"widget\" data-widget_type=\"wp-widget-nav_menu.default\">\n\t\t\t\t<div class=\"elementor-widget-container\">\n\t\t\t\t\t<div class=\"menu-aqt-tiempo-variable-container\"><ul id=\"menu-aqt-tiempo-variable\" class=\"menu\"><li id=\"menu-item-784\" class=\"menu-item menu-item-type-post_type menu-item-object-page menu-item-784\"><a href=\"https:\/\/aquatool.webs.upv.es\/aqt\/aquatool-2021\/\">Aquatool 2025<\/a><\/li>\n<li id=\"menu-item-1054\" class=\"menu-item menu-item-type-post_type menu-item-object-page menu-item-1054\"><a href=\"https:\/\/aquatool.webs.upv.es\/aqt\/aquatool-geo\/\">GeoAquaTool<\/a><\/li>\n<li id=\"menu-item-797\" class=\"menu-item menu-item-type-post_type menu-item-object-page menu-item-797\"><a href=\"https:\/\/aquatool.webs.upv.es\/aqt\/aqt-sim\/\">AQT-SIM<\/a><\/li>\n<li id=\"menu-item-806\" class=\"menu-item menu-item-type-post_type menu-item-object-page menu-item-806\"><a href=\"https:\/\/aquatool.webs.upv.es\/aqt\/aqt-opt\/\">AQT-OPT<\/a><\/li>\n<li id=\"menu-item-821\" class=\"menu-item menu-item-type-post_type menu-item-object-page menu-item-821\"><a href=\"https:\/\/aquatool.webs.upv.es\/aqt\/aqt-cal\/\">AQT-CAL<\/a><\/li>\n<li id=\"menu-item-812\" class=\"menu-item menu-item-type-post_type menu-item-object-page menu-item-812\"><a href=\"https:\/\/aquatool.webs.upv.es\/aqt\/aqt-risk\/\">AQT-RISK<\/a><\/li>\n<li id=\"menu-item-832\" class=\"menu-item menu-item-type-post_type menu-item-object-page menu-item-832\"><a href=\"https:\/\/aquatool.webs.upv.es\/aqt\/descargas-2\/\">Descargas<\/a><\/li>\n<li id=\"menu-item-842\" class=\"menu-item menu-item-type-post_type menu-item-object-page menu-item-842\"><a href=\"https:\/\/aquatool.webs.upv.es\/aqt\/documentos\/\">Documentos<\/a><\/li>\n<li id=\"menu-item-1676\" class=\"menu-item menu-item-type-post_type menu-item-object-page menu-item-1676\"><a href=\"https:\/\/aquatool.webs.upv.es\/aqt\/ejercicios-2\/\">Ejercicios con GeoAquaTool<\/a><\/li>\n<\/ul><\/div>\t\t\t\t<\/div>\n\t\t\t\t<\/div>\n\t\t\t\t\t<\/div>\n\t\t<\/div>\n\t\t\t\t<div class=\"elementor-column elementor-col-50 elementor-top-column elementor-element elementor-element-3fca5a9e\" data-id=\"3fca5a9e\" data-element_type=\"column\" data-e-type=\"column\">\n\t\t\t<div class=\"elementor-widget-wrap elementor-element-populated\">\n\t\t\t\t\t\t<div class=\"elementor-element elementor-element-45d04a44 elementor-widget elementor-widget-text-editor\" data-id=\"45d04a44\" data-element_type=\"widget\" data-e-type=\"widget\" data-widget_type=\"text-editor.default\">\n\t\t\t\t<div class=\"elementor-widget-container\">\n\t\t\t\t\t\t\t\t\t<p>el m\u00f3dulo de AQUATOOL m\u00e1s utilizado en la planificaci\u00f3n hidrol\u00f3gica ha sido el m\u00f3dulo SIMGES (m\u00f3dulo para la simulaci\u00f3n de la gesti\u00f3n de sistemas de recursos h\u00eddricos incluyendo uso conjunto).\u00a0<\/p><p>AQT-SIM ha sido dise\u00f1ado para poder reproducir la simulaci\u00f3n de la gesti\u00f3n en los mismos t\u00e9rminos que SIMGES y mucho m\u00e1s, gracias a la libertad en la definici\u00f3n de la escala temporal y las nuevas prestaciones que se incluyen con este m\u00f3dulo.<\/p>\t\t\t\t\t\t\t\t<\/div>\n\t\t\t\t<\/div>\n\t\t\t\t<div class=\"elementor-element elementor-element-665875ee elementor-widget elementor-widget-text-editor\" data-id=\"665875ee\" data-element_type=\"widget\" data-e-type=\"widget\" data-widget_type=\"text-editor.default\">\n\t\t\t\t<div class=\"elementor-widget-container\">\n\t\t\t\t\t\t\t\t\t<p>Algunas de las nuevas utilidades de AQT-SIM con respecto al antiguo SIMGES son los siguientes:<\/p>\n<ul>\n<li><span style=\"color: var( --e-global-color-text ); font-family: var( --e-global-typography-text-font-family ), Verdana; font-weight: var( --e-global-typography-text-font-weight );\">Utilizaci\u00f3n de un paso de tiempo b\u00e1sico inferior al mensual. Esto se considera muy conveniente para la gesti\u00f3n en tiempo real de los sistemas de recursos h\u00eddricos.&nbsp;<\/span><\/li>\n<li><span style=\"color: var( --e-global-color-text ); font-family: var( --e-global-typography-text-font-family ), Verdana; font-weight: var( --e-global-typography-text-font-weight );\">Gesti\u00f3n de crecidas en tramos de r\u00edo. Es necesario el control de estas situaciones para un uso adecuado de la capacidad de embalse prevista para laminaci\u00f3n de avenidas, as\u00ed como para evitar, en la medida de los posible, caudales en los tramos de r\u00edo que produzcan inundaciones.&nbsp;<\/span><\/li>\n<li><span style=\"color: var( --e-global-color-text ); font-family: var( --e-global-typography-text-font-family ), Verdana; font-weight: var( --e-global-typography-text-font-weight );\">Limitaciones de tomas de embalse cuando el volumen del mismo est\u00e1 por debajo de una determinada cota&nbsp;<\/span><\/li>\n<li><span style=\"color: var( --e-global-color-text ); font-family: var( --e-global-typography-text-font-family ), Verdana; font-weight: var( --e-global-typography-text-font-weight );\">Estimaciones probabil\u00edsticas, de las variables y resultados relevantes del modelo en t\u00e9rminos de cantidad y calidad del agua, as\u00ed como tambi\u00e9n medioambientales.&nbsp;<\/span><\/li>\n<\/ul>\t\t\t\t\t\t\t\t<\/div>\n\t\t\t\t<\/div>\n\t\t\t\t\t<\/div>\n\t\t<\/div>\n\t\t\t\t\t<\/div>\n\t\t<\/section>\n\t\t\t\t<section class=\"elementor-section elementor-top-section elementor-element elementor-element-3dd8f3bd elementor-section-boxed elementor-section-height-default elementor-section-height-default\" data-id=\"3dd8f3bd\" data-element_type=\"section\" data-e-type=\"section\">\n\t\t\t\t\t\t<div class=\"elementor-container elementor-column-gap-default\">\n\t\t\t\t\t<div class=\"elementor-column elementor-col-100 elementor-top-column elementor-element elementor-element-2ccc98d6\" data-id=\"2ccc98d6\" data-element_type=\"column\" data-e-type=\"column\">\n\t\t\t<div class=\"elementor-widget-wrap elementor-element-populated\">\n\t\t\t\t\t\t<div class=\"elementor-element elementor-element-74e8ff76 elementor-widget elementor-widget-text-editor\" data-id=\"74e8ff76\" data-element_type=\"widget\" data-e-type=\"widget\" data-widget_type=\"text-editor.default\">\n\t\t\t\t<div class=\"elementor-widget-container\">\n\t\t\t\t\t\t\t\t\t<p><span style=\"font-variant-numeric: normal; font-variant-east-asian: normal; background-color: transparent; font-size: 11pt; font-family: Arial; color: #000000; vertical-align: baseline; white-space: pre-wrap;\">Este desarrollo se realiza en gran parte al amparo del proyecto de investigaci\u00f3n\u00a0 \u201c<\/span><span style=\"font-variant-numeric: normal; font-variant-east-asian: normal; background-color: transparent; font-size: 11pt; font-family: Arial; color: #000000; font-style: italic; vertical-align: baseline; white-space: pre-wrap;\">Reducci\u00f3n de la EScala Temporal en la Planificaci\u00f3n HIdrol\u00f3gica para la gesti\u00f3n de Recursos y el medio Ambiente (<\/span><span style=\"font-variant-numeric: normal; font-variant-east-asian: normal; background-color: transparent; font-size: 11pt; font-family: Arial; color: #000000; font-weight: bold; font-style: italic; vertical-align: baseline; white-space: pre-wrap;\">RESPHIRA<\/span><span style=\"font-variant-numeric: normal; font-variant-east-asian: normal; background-color: transparent; font-size: 11pt; font-family: Arial; color: #000000; font-style: italic; vertical-align: baseline; white-space: pre-wrap;\">)<\/span><span style=\"font-variant-numeric: normal; font-variant-east-asian: normal; background-color: transparent; font-size: 11pt; font-family: Arial; color: #000000; vertical-align: baseline; white-space: pre-wrap;\">\u201d financiado por la Agencia Estatal de Investigaci\u00f3n (AEI) del\u00a0 Ministerio de Ciencia e Innovaci\u00f3n en la convocatoria de 2019 de proyectos de I+D+I de proyectos de generaci\u00f3n de conocimiento. (PID2019-106322RB-100\/AEI\/ 10.13039\/501100011033) vigente de junio de 2020 a mayo de 2023.<\/span><\/p>\t\t\t\t\t\t\t\t<\/div>\n\t\t\t\t<\/div>\n\t\t\t\t\t<\/div>\n\t\t<\/div>\n\t\t\t\t\t<\/div>\n\t\t<\/section>\n\t\t\t\t<\/div>\n\t\t","protected":false},"excerpt":{"rendered":"<p>M\u00d3DULO PARA EL DESARROLLO DE MODELOS DE SIMULACI\u00d3N DE LA GESTI\u00d3N DE SISTEMAS DE RECURSOS H\u00cdDRICOS CON PASO DE TIEMPO B\u00c1SICO VARIABLE M\u00f3dulos disponibles el m\u00f3dulo de AQUATOOL m\u00e1s utilizado en la planificaci\u00f3n hidrol\u00f3gica ha sido el m\u00f3dulo SIMGES (m\u00f3dulo para la simulaci\u00f3n de la gesti\u00f3n de sistemas de recursos h\u00eddricos incluyendo uso conjunto).\u00a0 AQT-SIM &#8230; <a title=\"AQT-SIM\" class=\"read-more\" href=\"https:\/\/aquatool.webs.upv.es\/aqt\/aqt-sim\/\" aria-label=\"Leer m\u00e1s sobre AQT-SIM\">Leer m\u00e1s<\/a><\/p>\n","protected":false},"author":1,"featured_media":0,"parent":0,"menu_order":0,"comment_status":"closed","ping_status":"closed","template":"","meta":{"inline_featured_image":false,"footnotes":""},"class_list":["post-791","page","type-page","status-publish"],"_links":{"self":[{"href":"https:\/\/aquatool.webs.upv.es\/aqt\/wp-json\/wp\/v2\/pages\/791","targetHints":{"allow":["GET"]}}],"collection":[{"href":"https:\/\/aquatool.webs.upv.es\/aqt\/wp-json\/wp\/v2\/pages"}],"about":[{"href":"https:\/\/aquatool.webs.upv.es\/aqt\/wp-json\/wp\/v2\/types\/page"}],"author":[{"embeddable":true,"href":"https:\/\/aquatool.webs.upv.es\/aqt\/wp-json\/wp\/v2\/users\/1"}],"replies":[{"embeddable":true,"href":"https:\/\/aquatool.webs.upv.es\/aqt\/wp-json\/wp\/v2\/comments?post=791"}],"version-history":[{"count":11,"href":"https:\/\/aquatool.webs.upv.es\/aqt\/wp-json\/wp\/v2\/pages\/791\/revisions"}],"predecessor-version":[{"id":1744,"href":"https:\/\/aquatool.webs.upv.es\/aqt\/wp-json\/wp\/v2\/pages\/791\/revisions\/1744"}],"wp:attachment":[{"href":"https:\/\/aquatool.webs.upv.es\/aqt\/wp-json\/wp\/v2\/media?parent=791"}],"curies":[{"name":"wp","href":"https:\/\/api.w.org\/{rel}","templated":true}]}}