{"id":766,"date":"2021-06-11T11:51:40","date_gmt":"2021-06-11T09:51:40","guid":{"rendered":"https:\/\/aquatool.webs.upv.es\/aqt\/?page_id=766"},"modified":"2025-02-17T16:42:20","modified_gmt":"2025-02-17T14:42:20","slug":"aquatool-2021","status":"publish","type":"page","link":"https:\/\/aquatool.webs.upv.es\/aqt\/aquatool-2021\/","title":{"rendered":"Aquatool 2025"},"content":{"rendered":"\t\t<div data-elementor-type=\"wp-page\" data-elementor-id=\"766\" class=\"elementor elementor-766\">\n\t\t\t\t\t\t<section class=\"elementor-section elementor-top-section elementor-element elementor-element-2ccb9c78 elementor-section-boxed elementor-section-height-default elementor-section-height-default\" data-id=\"2ccb9c78\" data-element_type=\"section\" data-e-type=\"section\">\n\t\t\t\t\t\t<div class=\"elementor-container elementor-column-gap-default\">\n\t\t\t\t\t<div class=\"elementor-column elementor-col-100 elementor-top-column elementor-element elementor-element-12feb998\" data-id=\"12feb998\" data-element_type=\"column\" data-e-type=\"column\">\n\t\t\t<div class=\"elementor-widget-wrap elementor-element-populated\">\n\t\t\t\t\t\t<div class=\"elementor-element elementor-element-326d1601 elementor-widget elementor-widget-heading\" data-id=\"326d1601\" data-element_type=\"widget\" data-e-type=\"widget\" data-widget_type=\"heading.default\">\n\t\t\t\t<div class=\"elementor-widget-container\">\n\t\t\t\t\t<h2 class=\"elementor-heading-title elementor-size-default\">Software AquaTool para la simulaci\u00f3n y optimizaci\u00f3n de la gesti\u00f3n de cuencas con tiempo en paso variable<span style=\"color: var( --e-global-color-primary );font-family: var( --e-global-typography-primary-font-family ), Verdana;font-style: inherit;font-weight: var( --e-global-typography-primary-font-weight )\"><\/span><br><\/h2>\t\t\t\t<\/div>\n\t\t\t\t<\/div>\n\t\t\t\t\t<\/div>\n\t\t<\/div>\n\t\t\t\t\t<\/div>\n\t\t<\/section>\n\t\t\t\t<section class=\"elementor-section elementor-top-section elementor-element elementor-element-73071ca4 elementor-section-boxed elementor-section-height-default elementor-section-height-default\" data-id=\"73071ca4\" data-element_type=\"section\" data-e-type=\"section\">\n\t\t\t\t\t\t<div class=\"elementor-container elementor-column-gap-default\">\n\t\t\t\t\t<div class=\"elementor-column elementor-col-50 elementor-top-column elementor-element elementor-element-1f4f5455\" data-id=\"1f4f5455\" data-element_type=\"column\" data-e-type=\"column\">\n\t\t\t<div class=\"elementor-widget-wrap elementor-element-populated\">\n\t\t\t\t\t\t<div class=\"elementor-element elementor-element-7cbd2792 elementor-widget elementor-widget-heading\" data-id=\"7cbd2792\" data-element_type=\"widget\" data-e-type=\"widget\" data-widget_type=\"heading.default\">\n\t\t\t\t<div class=\"elementor-widget-container\">\n\t\t\t\t\t<h5 class=\"elementor-heading-title elementor-size-default\">M\u00f3dulos disponibles<\/h5>\t\t\t\t<\/div>\n\t\t\t\t<\/div>\n\t\t\t\t<div class=\"elementor-element elementor-element-4e8adfb4 elementor-widget elementor-widget-wp-widget-nav_menu\" data-id=\"4e8adfb4\" data-element_type=\"widget\" data-e-type=\"widget\" data-widget_type=\"wp-widget-nav_menu.default\">\n\t\t\t\t<div class=\"elementor-widget-container\">\n\t\t\t\t\t<div class=\"menu-aqt-tiempo-variable-container\"><ul id=\"menu-aqt-tiempo-variable\" class=\"menu\"><li id=\"menu-item-784\" class=\"menu-item menu-item-type-post_type menu-item-object-page menu-item-784\"><a href=\"https:\/\/aquatool.webs.upv.es\/aqt\/aquatool-2021\/\">Aquatool 2025<\/a><\/li>\n<li id=\"menu-item-1054\" class=\"menu-item menu-item-type-post_type menu-item-object-page menu-item-1054\"><a href=\"https:\/\/aquatool.webs.upv.es\/aqt\/aquatool-geo\/\">GeoAquaTool<\/a><\/li>\n<li id=\"menu-item-797\" class=\"menu-item menu-item-type-post_type menu-item-object-page menu-item-797\"><a href=\"https:\/\/aquatool.webs.upv.es\/aqt\/aqt-sim\/\">AQT-SIM<\/a><\/li>\n<li id=\"menu-item-806\" class=\"menu-item menu-item-type-post_type menu-item-object-page menu-item-806\"><a href=\"https:\/\/aquatool.webs.upv.es\/aqt\/aqt-opt\/\">AQT-OPT<\/a><\/li>\n<li id=\"menu-item-821\" class=\"menu-item menu-item-type-post_type menu-item-object-page menu-item-821\"><a href=\"https:\/\/aquatool.webs.upv.es\/aqt\/aqt-cal\/\">AQT-CAL<\/a><\/li>\n<li id=\"menu-item-812\" class=\"menu-item menu-item-type-post_type menu-item-object-page menu-item-812\"><a href=\"https:\/\/aquatool.webs.upv.es\/aqt\/aqt-risk\/\">AQT-RISK<\/a><\/li>\n<li id=\"menu-item-832\" class=\"menu-item menu-item-type-post_type menu-item-object-page menu-item-832\"><a href=\"https:\/\/aquatool.webs.upv.es\/aqt\/descargas-2\/\">Descargas<\/a><\/li>\n<li id=\"menu-item-842\" class=\"menu-item menu-item-type-post_type menu-item-object-page menu-item-842\"><a href=\"https:\/\/aquatool.webs.upv.es\/aqt\/documentos\/\">Documentos<\/a><\/li>\n<li id=\"menu-item-1676\" class=\"menu-item menu-item-type-post_type menu-item-object-page menu-item-1676\"><a href=\"https:\/\/aquatool.webs.upv.es\/aqt\/ejercicios-2\/\">Ejercicios con GeoAquaTool<\/a><\/li>\n<\/ul><\/div>\t\t\t\t<\/div>\n\t\t\t\t<\/div>\n\t\t\t\t\t<\/div>\n\t\t<\/div>\n\t\t\t\t<div class=\"elementor-column elementor-col-50 elementor-top-column elementor-element elementor-element-4774376\" data-id=\"4774376\" data-element_type=\"column\" data-e-type=\"column\">\n\t\t\t<div class=\"elementor-widget-wrap elementor-element-populated\">\n\t\t\t\t\t\t<div class=\"elementor-element elementor-element-2a5d9c8f elementor-widget elementor-widget-text-editor\" data-id=\"2a5d9c8f\" data-element_type=\"widget\" data-e-type=\"widget\" data-widget_type=\"text-editor.default\">\n\t\t\t\t<div class=\"elementor-widget-container\">\n\t\t\t\t\t\t\t\t\t<p>Se presenta aqu\u00ed la nueva generaci\u00f3n de programas de AQUATOOL para el an\u00e1lisis de la gesti\u00f3n de cuencas con tama\u00f1o del paso de tiempo de c\u00e1lculo libre, desde diario a mensual.<\/p><p>Estos programas han sido dise\u00f1ados para mejorar y sustituir los anteriores programas de AQUATOOL mejorados principalmente en la opci\u00f3n de trabajar en una escala temporal inferior al mes. Y en consecuencia, tambi\u00e9n para ampliar el alcance de aquellos en todos los aspectos que no pueden abordarse correctamente en escala mensual.\u00a0<\/p><p>Las funcionalidades principales de los nuevos programas son las siguientes:<\/p><ol><li>Pueden procesar\u00a0 modelos de an\u00e1lisis de la gesti\u00f3n de cuencas previamente desarrollados en la versi\u00f3n a escala mensual de Aquatool.<\/li><li>Compatibilidad con la disponibilidad real de datos. Esto es, permiten realizar c\u00e1lculos (por ejemplo) en escala diaria utilizando las series de datos de escala diaria para los elementos\u00a0 de que se dispone de datos en esta escala. Mientras que para el resto utiliza el dato mensual repartiendolo a la escala diaria o la escala fijada.<\/li><li>Implementa mejoras respecto a los modelos mensuales orientadas a tratar problemas que cobran inter\u00e9s en escala diaria.<\/li><li>Versatilidad para la ampliaci\u00f3n seg\u00fan nuevas necesidades.<\/li><\/ol>\t\t\t\t\t\t\t\t<\/div>\n\t\t\t\t<\/div>\n\t\t\t\t<div class=\"elementor-element elementor-element-f8f5252 elementor-widget elementor-widget-text-editor\" data-id=\"f8f5252\" data-element_type=\"widget\" data-e-type=\"widget\" data-widget_type=\"text-editor.default\">\n\t\t\t\t<div class=\"elementor-widget-container\">\n\t\t\t\t\t\t\t\t\t<p>Los nuevos m\u00f3dulos de trabajo disponibles con Aquatool 2021 son los siguientes:<\/p><ul><li>AQT-SIM &#8211; M\u00f3dulo para el desarrollo de modelos de simulaci\u00f3n de la gesti\u00f3n de sistemas de recursos h\u00eddricos con paso de tiempo b\u00e1sico variable, desde diario hasta mensual, para horizontes temporales de simulaci\u00f3n intra-anuales, anuales,\u00a0 o plurianuales.<\/li><li>AQT-OPT &#8211; M\u00f3dulo para el desarrollo de modelos de optimizaci\u00f3n de la gesti\u00f3n\u00a0 de sistemas de recursos h\u00eddricos con paso de tiempo b\u00e1sico variable, desde diario hasta mensual, para horizontes temporales de optimizaci\u00f3n intra-anuales, anuales,\u00a0 o plurianuales.<\/li><li>AQT-RISK \u2013 M\u00f3dulo para estimaciones probabil\u00edsticas de evoluci\u00f3n de los flujos de agua, de la calidad de la misma, y de indicadores cuantitativos, ambientales, y otros, con paso de tiempo b\u00e1sico variable, desde diario hasta mensual, para horizontes temporales intra-anuales, anuales,\u00a0 o plurianuales.<\/li><li>AQT-CAL &#8211; M\u00f3dulo para el an\u00e1lisis de la calidad del agua a escala de cuenca.<\/li><\/ul>\t\t\t\t\t\t\t\t<\/div>\n\t\t\t\t<\/div>\n\t\t\t\t\t<\/div>\n\t\t<\/div>\n\t\t\t\t\t<\/div>\n\t\t<\/section>\n\t\t\t\t<section class=\"elementor-section elementor-top-section elementor-element elementor-element-df3b44a elementor-section-boxed elementor-section-height-default elementor-section-height-default\" data-id=\"df3b44a\" data-element_type=\"section\" data-e-type=\"section\">\n\t\t\t\t\t\t<div class=\"elementor-container elementor-column-gap-default\">\n\t\t\t\t\t<div class=\"elementor-column elementor-col-100 elementor-top-column elementor-element elementor-element-7e9ebd8\" data-id=\"7e9ebd8\" data-element_type=\"column\" data-e-type=\"column\">\n\t\t\t<div class=\"elementor-widget-wrap elementor-element-populated\">\n\t\t\t\t\t\t<div class=\"elementor-element elementor-element-7632a9a elementor-widget elementor-widget-text-editor\" data-id=\"7632a9a\" data-element_type=\"widget\" data-e-type=\"widget\" data-widget_type=\"text-editor.default\">\n\t\t\t\t<div class=\"elementor-widget-container\">\n\t\t\t\t\t\t\t\t\t<p><span style=\"font-variant-numeric: normal; font-variant-east-asian: normal; background-color: transparent; font-size: 11pt; font-family: Arial; color: #000000; vertical-align: baseline; white-space: pre-wrap;\">Este desarrollo se realiza en gran parte al amparo del proyecto de investigaci\u00f3n\u00a0 \u201c<\/span><span style=\"font-variant-numeric: normal; font-variant-east-asian: normal; background-color: transparent; font-size: 11pt; font-family: Arial; color: #000000; font-style: italic; vertical-align: baseline; white-space: pre-wrap;\">Reducci\u00f3n de la EScala Temporal en la Planificaci\u00f3n HIdrol\u00f3gica para la gesti\u00f3n de Recursos y el medio Ambiente (<\/span><span style=\"font-variant-numeric: normal; font-variant-east-asian: normal; background-color: transparent; font-size: 11pt; font-family: Arial; color: #000000; font-weight: bold; font-style: italic; vertical-align: baseline; white-space: pre-wrap;\">RESPHIRA<\/span><span style=\"font-variant-numeric: normal; font-variant-east-asian: normal; background-color: transparent; font-size: 11pt; font-family: Arial; color: #000000; font-style: italic; vertical-align: baseline; white-space: pre-wrap;\">)<\/span><span style=\"font-variant-numeric: normal; font-variant-east-asian: normal; background-color: transparent; font-size: 11pt; font-family: Arial; color: #000000; vertical-align: baseline; white-space: pre-wrap;\">\u201d financiado por la Agencia Estatal de Investigaci\u00f3n (AEI) del\u00a0 Ministerio de Ciencia e Innovaci\u00f3n en la convocatoria de 2019 de proyectos de I+D+I de proyectos de generaci\u00f3n de conocimiento. (PID2019-106322RB-100\/AEI\/ 10.13039\/501100011033) vigente de junio de 2020 a mayo de 2023.<\/span><\/p>\t\t\t\t\t\t\t\t<\/div>\n\t\t\t\t<\/div>\n\t\t\t\t\t<\/div>\n\t\t<\/div>\n\t\t\t\t\t<\/div>\n\t\t<\/section>\n\t\t\t\t<\/div>\n\t\t","protected":false},"excerpt":{"rendered":"<p>Software AquaTool para la simulaci\u00f3n y optimizaci\u00f3n de la gesti\u00f3n de cuencas con tiempo en paso variable M\u00f3dulos disponibles Se presenta aqu\u00ed la nueva generaci\u00f3n de programas de AQUATOOL para el an\u00e1lisis de la gesti\u00f3n de cuencas con tama\u00f1o del paso de tiempo de c\u00e1lculo libre, desde diario a mensual. Estos programas han sido dise\u00f1ados &#8230; <a title=\"Aquatool 2025\" class=\"read-more\" href=\"https:\/\/aquatool.webs.upv.es\/aqt\/aquatool-2021\/\" aria-label=\"Leer m\u00e1s sobre Aquatool 2025\">Leer m\u00e1s<\/a><\/p>\n","protected":false},"author":1,"featured_media":0,"parent":0,"menu_order":0,"comment_status":"closed","ping_status":"closed","template":"","meta":{"inline_featured_image":false,"footnotes":""},"class_list":["post-766","page","type-page","status-publish"],"_links":{"self":[{"href":"https:\/\/aquatool.webs.upv.es\/aqt\/wp-json\/wp\/v2\/pages\/766","targetHints":{"allow":["GET"]}}],"collection":[{"href":"https:\/\/aquatool.webs.upv.es\/aqt\/wp-json\/wp\/v2\/pages"}],"about":[{"href":"https:\/\/aquatool.webs.upv.es\/aqt\/wp-json\/wp\/v2\/types\/page"}],"author":[{"embeddable":true,"href":"https:\/\/aquatool.webs.upv.es\/aqt\/wp-json\/wp\/v2\/users\/1"}],"replies":[{"embeddable":true,"href":"https:\/\/aquatool.webs.upv.es\/aqt\/wp-json\/wp\/v2\/comments?post=766"}],"version-history":[{"count":23,"href":"https:\/\/aquatool.webs.upv.es\/aqt\/wp-json\/wp\/v2\/pages\/766\/revisions"}],"predecessor-version":[{"id":1657,"href":"https:\/\/aquatool.webs.upv.es\/aqt\/wp-json\/wp\/v2\/pages\/766\/revisions\/1657"}],"wp:attachment":[{"href":"https:\/\/aquatool.webs.upv.es\/aqt\/wp-json\/wp\/v2\/media?parent=766"}],"curies":[{"name":"wp","href":"https:\/\/api.w.org\/{rel}","templated":true}]}}