{"id":61,"date":"2018-03-30T15:12:25","date_gmt":"2018-03-30T13:12:25","guid":{"rendered":"http:\/\/localhost\/aquatool\/?page_id=61"},"modified":"2025-10-01T13:39:17","modified_gmt":"2025-10-01T11:39:17","slug":"pdi","status":"publish","type":"page","link":"https:\/\/aquatool.webs.upv.es\/aqt\/pdi\/","title":{"rendered":"PDI"},"content":{"rendered":"\t\t<div data-elementor-type=\"wp-post\" data-elementor-id=\"61\" class=\"elementor elementor-61\">\n\t\t\t\t\t\t<section class=\"elementor-section elementor-top-section elementor-element elementor-element-707b0d4 elementor-section-boxed elementor-section-height-default elementor-section-height-default\" data-id=\"707b0d4\" data-element_type=\"section\" data-e-type=\"section\">\n\t\t\t\t\t\t<div class=\"elementor-container elementor-column-gap-default\">\n\t\t\t\t\t<div class=\"elementor-column elementor-col-100 elementor-top-column elementor-element elementor-element-5da8dcc\" data-id=\"5da8dcc\" data-element_type=\"column\" data-e-type=\"column\">\n\t\t\t<div class=\"elementor-widget-wrap elementor-element-populated\">\n\t\t\t\t\t\t<div class=\"elementor-element elementor-element-a121fd7 elementor-widget elementor-widget-heading\" data-id=\"a121fd7\" data-element_type=\"widget\" data-e-type=\"widget\" data-widget_type=\"heading.default\">\n\t\t\t\t<div class=\"elementor-widget-container\">\n\t\t\t\t\t<h2 class=\"elementor-heading-title elementor-size-default\">Personal Docente e Investigador<\/h2>\t\t\t\t<\/div>\n\t\t\t\t<\/div>\n\t\t\t\t\t<\/div>\n\t\t<\/div>\n\t\t\t\t\t<\/div>\n\t\t<\/section>\n\t\t\t\t<section class=\"elementor-section elementor-top-section elementor-element elementor-element-468397f elementor-section-boxed elementor-section-height-default elementor-section-height-default\" data-id=\"468397f\" data-element_type=\"section\" data-e-type=\"section\">\n\t\t\t\t\t\t<div class=\"elementor-container elementor-column-gap-default\">\n\t\t\t\t\t<div class=\"elementor-column elementor-col-25 elementor-top-column elementor-element elementor-element-b52e464\" data-id=\"b52e464\" data-element_type=\"column\" data-e-type=\"column\">\n\t\t\t<div class=\"elementor-widget-wrap elementor-element-populated\">\n\t\t\t\t\t\t<div class=\"elementor-element elementor-element-6007c21 elementor-widget elementor-widget-image\" data-id=\"6007c21\" data-element_type=\"widget\" data-e-type=\"widget\" data-widget_type=\"image.default\">\n\t\t\t\t<div class=\"elementor-widget-container\">\n\t\t\t\t\t\t\t\t\t\t\t\t\t\t\t\t<a href=\"http:\/\/www.upv.es\/ficha-personal\/ximoand\" target=\"_blank\">\n\t\t\t\t\t\t\t<img decoding=\"async\" width=\"150\" height=\"150\" src=\"https:\/\/aquatool.webs.upv.es\/aqt\/wp-content\/uploads\/Personal\/joaquin-150x150.jpg\" class=\"attachment-thumbnail size-thumbnail wp-image-130\" alt=\"\" \/>\t\t\t\t\t\t\t\t<\/a>\n\t\t\t\t\t\t\t\t\t\t\t\t\t\t\t<\/div>\n\t\t\t\t<\/div>\n\t\t\t\t<div class=\"elementor-element elementor-element-b4d25b9 elementor-widget elementor-widget-text-editor\" data-id=\"b4d25b9\" data-element_type=\"widget\" data-e-type=\"widget\" data-widget_type=\"text-editor.default\">\n\t\t\t\t<div class=\"elementor-widget-container\">\n\t\t\t\t\t\t\t\t\t<p style=\"text-align: center;\"><a href=\"http:\/\/www.upv.es\/ficha-personal\/ximoand\" target=\"_blank\" rel=\"noopener\"><strong>Joaqu\u00edn Andreu \u00c1lvarez<\/strong><\/a><\/p><p style=\"text-align: center;\">Catedr\u00e1tico de Universidad<\/p><p style=\"text-align: center;\"><a href=\"mailto:ximoand@upv.es\" target=\"_blank\" rel=\"noopener\">ximoand@upv.es<\/a><\/p>\t\t\t\t\t\t\t\t<\/div>\n\t\t\t\t<\/div>\n\t\t\t\t\t<\/div>\n\t\t<\/div>\n\t\t\t\t<div class=\"elementor-column elementor-col-25 elementor-top-column elementor-element elementor-element-1d61aeb\" data-id=\"1d61aeb\" data-element_type=\"column\" data-e-type=\"column\">\n\t\t\t<div class=\"elementor-widget-wrap elementor-element-populated\">\n\t\t\t\t\t\t<div class=\"elementor-element elementor-element-98a464e elementor-widget__width-inherit elementor-widget elementor-widget-image\" data-id=\"98a464e\" data-element_type=\"widget\" data-e-type=\"widget\" data-widget_type=\"image.default\">\n\t\t\t\t<div class=\"elementor-widget-container\">\n\t\t\t\t\t\t\t\t\t\t\t\t\t\t\t\t<a href=\"https:\/\/www.upv.es\/ficha-personal\/jparedea\" target=\"_blank\">\n\t\t\t\t\t\t\t<img decoding=\"async\" width=\"74\" height=\"99\" src=\"https:\/\/aquatool.webs.upv.es\/aqt\/wp-content\/uploads\/Personal\/javier.jpg\" class=\"attachment-thumbnail size-thumbnail wp-image-131\" alt=\"\" \/>\t\t\t\t\t\t\t\t<\/a>\n\t\t\t\t\t\t\t\t\t\t\t\t\t\t\t<\/div>\n\t\t\t\t<\/div>\n\t\t\t\t<div class=\"elementor-element elementor-element-0626828 elementor-widget elementor-widget-text-editor\" data-id=\"0626828\" data-element_type=\"widget\" data-e-type=\"widget\" data-widget_type=\"text-editor.default\">\n\t\t\t\t<div class=\"elementor-widget-container\">\n\t\t\t\t\t\t\t\t\t<p style=\"text-align: center;\"><a href=\"http:\/\/www.upv.es\/ficha-personal\/jparedea\" target=\"_blank\" rel=\"noopener\"><strong>Javier Paredes Arquiola<\/strong><\/a><\/p><p style=\"text-align: center;\">Catedr\u00e1tico de Universidad<\/p><p style=\"text-align: center;\"><a href=\"mailto:jparedea@hma.upv.es\">jparedea@hma.upv.es<\/a><\/p>\t\t\t\t\t\t\t\t<\/div>\n\t\t\t\t<\/div>\n\t\t\t\t\t<\/div>\n\t\t<\/div>\n\t\t\t\t<div class=\"elementor-column elementor-col-25 elementor-top-column elementor-element elementor-element-358619c\" data-id=\"358619c\" data-element_type=\"column\" data-e-type=\"column\">\n\t\t\t<div class=\"elementor-widget-wrap elementor-element-populated\">\n\t\t\t\t\t\t<div class=\"elementor-element elementor-element-f2a88e7 elementor-widget elementor-widget-image\" data-id=\"f2a88e7\" data-element_type=\"widget\" data-e-type=\"widget\" data-widget_type=\"image.default\">\n\t\t\t\t<div class=\"elementor-widget-container\">\n\t\t\t\t\t\t\t\t\t\t\t\t\t\t\t\t<a href=\"http:\/\/www.upv.es\/ficha-personal\/asolera\" target=\"_blank\">\n\t\t\t\t\t\t\t<img decoding=\"async\" width=\"150\" height=\"150\" src=\"https:\/\/aquatool.webs.upv.es\/aqt\/wp-content\/uploads\/Personal\/abel-150x150.png\" class=\"attachment-thumbnail size-thumbnail wp-image-517\" alt=\"\" \/>\t\t\t\t\t\t\t\t<\/a>\n\t\t\t\t\t\t\t\t\t\t\t\t\t\t\t<\/div>\n\t\t\t\t<\/div>\n\t\t\t\t<div class=\"elementor-element elementor-element-f5ccf4c elementor-widget elementor-widget-text-editor\" data-id=\"f5ccf4c\" data-element_type=\"widget\" data-e-type=\"widget\" data-widget_type=\"text-editor.default\">\n\t\t\t\t<div class=\"elementor-widget-container\">\n\t\t\t\t\t\t\t\t\t<p style=\"text-align: center;\"><a href=\"http:\/\/www.upv.es\/ficha-personal\/asolera\" target=\"_blank\" rel=\"noopener\"><strong>Abel Solera Solera<\/strong><\/a><\/p><p style=\"text-align: center;\">Catedr\u00e1tico de Universidad<\/p><p style=\"text-align: center;\"><a href=\"mailto:asolera@upvnet.upv.es\">asolera@upvnet.upv.es<\/a><\/p>\t\t\t\t\t\t\t\t<\/div>\n\t\t\t\t<\/div>\n\t\t\t\t\t<\/div>\n\t\t<\/div>\n\t\t\t\t<div class=\"elementor-column elementor-col-25 elementor-top-column elementor-element elementor-element-b548017\" data-id=\"b548017\" data-element_type=\"column\" data-e-type=\"column\">\n\t\t\t<div class=\"elementor-widget-wrap elementor-element-populated\">\n\t\t\t\t\t\t<div class=\"elementor-element elementor-element-ad9583a elementor-widget elementor-widget-image\" data-id=\"ad9583a\" data-element_type=\"widget\" data-e-type=\"widget\" data-widget_type=\"image.default\">\n\t\t\t\t<div class=\"elementor-widget-container\">\n\t\t\t\t\t\t\t\t\t\t\t\t\t\t\t\t<a href=\"http:\/\/www.upv.es\/ficha-personal\/rbermec\" target=\"_blank\">\n\t\t\t\t\t\t\t<img loading=\"lazy\" decoding=\"async\" width=\"150\" height=\"150\" src=\"https:\/\/aquatool.webs.upv.es\/aqt\/wp-content\/uploads\/2021\/07\/Foto_Rafael_Bergillos-150x150.jpg\" class=\"attachment-thumbnail size-thumbnail wp-image-883\" alt=\"\" srcset=\"https:\/\/aquatool.webs.upv.es\/aqt\/wp-content\/uploads\/2021\/07\/Foto_Rafael_Bergillos-150x150.jpg 150w, https:\/\/aquatool.webs.upv.es\/aqt\/wp-content\/uploads\/2021\/07\/Foto_Rafael_Bergillos.jpg 200w\" sizes=\"(max-width: 150px) 100vw, 150px\" \/>\t\t\t\t\t\t\t\t<\/a>\n\t\t\t\t\t\t\t\t\t\t\t\t\t\t\t<\/div>\n\t\t\t\t<\/div>\n\t\t\t\t<div class=\"elementor-element elementor-element-22b4e07 elementor-widget elementor-widget-text-editor\" data-id=\"22b4e07\" data-element_type=\"widget\" data-e-type=\"widget\" data-widget_type=\"text-editor.default\">\n\t\t\t\t<div class=\"elementor-widget-container\">\n\t\t\t\t\t\t\t\t\t<p style=\"text-align: center;\"><a href=\"http:\/\/www.upv.es\/ficha-personal\/rbermec\" target=\"_blank\" rel=\"noopener\"><strong>Rafael Bergillos Meca<\/strong><\/a><\/p><p style=\"text-align: center;\">Profesor Permanente Laboral<\/p><p style=\"text-align: center;\"><a href=\"mailto:rbermec@upv.es\">rbermec@upv.es<\/a><\/p>\t\t\t\t\t\t\t\t<\/div>\n\t\t\t\t<\/div>\n\t\t\t\t\t<\/div>\n\t\t<\/div>\n\t\t\t\t\t<\/div>\n\t\t<\/section>\n\t\t\t\t<\/div>\n\t\t","protected":false},"excerpt":{"rendered":"<p>Personal Docente e Investigador Joaqu\u00edn Andreu \u00c1lvarez Catedr\u00e1tico de Universidad ximoand@upv.es Javier Paredes Arquiola Catedr\u00e1tico de Universidad jparedea@hma.upv.es Abel Solera Solera Catedr\u00e1tico de Universidad asolera@upvnet.upv.es Rafael Bergillos Meca Profesor Permanente Laboral rbermec@upv.es<\/p>\n","protected":false},"author":1,"featured_media":0,"parent":0,"menu_order":0,"comment_status":"closed","ping_status":"closed","template":"","meta":{"inline_featured_image":false,"footnotes":""},"class_list":["post-61","page","type-page","status-publish"],"_links":{"self":[{"href":"https:\/\/aquatool.webs.upv.es\/aqt\/wp-json\/wp\/v2\/pages\/61","targetHints":{"allow":["GET"]}}],"collection":[{"href":"https:\/\/aquatool.webs.upv.es\/aqt\/wp-json\/wp\/v2\/pages"}],"about":[{"href":"https:\/\/aquatool.webs.upv.es\/aqt\/wp-json\/wp\/v2\/types\/page"}],"author":[{"embeddable":true,"href":"https:\/\/aquatool.webs.upv.es\/aqt\/wp-json\/wp\/v2\/users\/1"}],"replies":[{"embeddable":true,"href":"https:\/\/aquatool.webs.upv.es\/aqt\/wp-json\/wp\/v2\/comments?post=61"}],"version-history":[{"count":19,"href":"https:\/\/aquatool.webs.upv.es\/aqt\/wp-json\/wp\/v2\/pages\/61\/revisions"}],"predecessor-version":[{"id":1834,"href":"https:\/\/aquatool.webs.upv.es\/aqt\/wp-json\/wp\/v2\/pages\/61\/revisions\/1834"}],"wp:attachment":[{"href":"https:\/\/aquatool.webs.upv.es\/aqt\/wp-json\/wp\/v2\/media?parent=61"}],"curies":[{"name":"wp","href":"https:\/\/api.w.org\/{rel}","templated":true}]}}