{"id":495,"date":"2018-05-14T11:26:07","date_gmt":"2018-05-14T09:26:07","guid":{"rendered":"https:\/\/aquatool.webs.upv.es\/aqt\/?page_id=495"},"modified":"2018-07-16T16:09:34","modified_gmt":"2018-07-16T14:09:34","slug":"cursoonline","status":"publish","type":"page","link":"https:\/\/aquatool.webs.upv.es\/aqt\/cursoonline\/","title":{"rendered":"CursoOnline"},"content":{"rendered":"\t\t<div data-elementor-type=\"wp-post\" data-elementor-id=\"495\" class=\"elementor elementor-495 elementor-bc-flex-widget\">\n\t\t\t\t\t\t<section class=\"elementor-section elementor-top-section elementor-element elementor-element-c20f714 elementor-section-boxed elementor-section-height-default elementor-section-height-default\" data-id=\"c20f714\" data-element_type=\"section\" data-e-type=\"section\">\n\t\t\t\t\t\t<div class=\"elementor-container elementor-column-gap-default\">\n\t\t\t\t\t<div class=\"elementor-column elementor-col-100 elementor-top-column elementor-element elementor-element-18d1e57\" data-id=\"18d1e57\" data-element_type=\"column\" data-e-type=\"column\">\n\t\t\t<div class=\"elementor-widget-wrap elementor-element-populated\">\n\t\t\t\t\t\t<div class=\"elementor-element elementor-element-c3f073c elementor-widget elementor-widget-heading\" data-id=\"c3f073c\" data-element_type=\"widget\" data-e-type=\"widget\" data-widget_type=\"heading.default\">\n\t\t\t\t<div class=\"elementor-widget-container\">\n\t\t\t\t\t<h2 class=\"elementor-heading-title elementor-size-default\">AN\u00c1LISIS Y MODELACI\u00d3N DE SISTEMAS DE RECURSOS H\u00cdDRICOS CON EL SOFTWARE AQUATOOL<\/h2>\t\t\t\t<\/div>\n\t\t\t\t<\/div>\n\t\t\t\t\t<\/div>\n\t\t<\/div>\n\t\t\t\t\t<\/div>\n\t\t<\/section>\n\t\t\t\t<section class=\"elementor-section elementor-top-section elementor-element elementor-element-f6cc943 elementor-section-boxed elementor-section-height-default elementor-section-height-default\" data-id=\"f6cc943\" data-element_type=\"section\" data-e-type=\"section\">\n\t\t\t\t\t\t<div class=\"elementor-container elementor-column-gap-default\">\n\t\t\t\t\t<div class=\"elementor-column elementor-col-50 elementor-top-column elementor-element elementor-element-795f6d5\" data-id=\"795f6d5\" data-element_type=\"column\" data-e-type=\"column\">\n\t\t\t<div class=\"elementor-widget-wrap elementor-element-populated\">\n\t\t\t\t\t\t<div class=\"elementor-element elementor-element-05e00dc elementor-widget elementor-widget-text-editor\" data-id=\"05e00dc\" data-element_type=\"widget\" data-e-type=\"widget\" data-widget_type=\"text-editor.default\">\n\t\t\t\t<div class=\"elementor-widget-container\">\n\t\t\t\t\t\t\t\t\t<p style=\"text-align: justify;\">Este curso est\u00e1 recomendado para profesionales que desean iniciarse en trabajos relacionados con el an\u00e1lisis de sistemas hidrol\u00f3gicos para la planificaci\u00f3n y gesti\u00f3n de cuencas o sistemas de recursos h\u00eddricos.<\/p>\n<p style=\"text-align: justify;\">Se recomienda nivel formativo equivalente al grado universitario, con conocimientos avanzados sobre hidrolog\u00eda superficial y subterr\u00e1nea. Tambi\u00e9n es conveniente disponer de conocimientos sobre ofim\u00e1tica y c\u00e1lculo num\u00e9rico.<\/p>\t\t\t\t\t\t\t\t<\/div>\n\t\t\t\t<\/div>\n\t\t\t\t\t<\/div>\n\t\t<\/div>\n\t\t\t\t<div class=\"elementor-column elementor-col-50 elementor-top-column elementor-element elementor-element-c44cbf8\" data-id=\"c44cbf8\" data-element_type=\"column\" data-e-type=\"column\">\n\t\t\t<div class=\"elementor-widget-wrap elementor-element-populated\">\n\t\t\t\t\t\t<div class=\"elementor-element elementor-element-a7148e0 elementor-widget elementor-widget-image\" data-id=\"a7148e0\" data-element_type=\"widget\" data-e-type=\"widget\" data-widget_type=\"image.default\">\n\t\t\t\t<div class=\"elementor-widget-container\">\n\t\t\t\t\t\t\t\t\t\t\t\t\t\t\t<img fetchpriority=\"high\" decoding=\"async\" width=\"1024\" height=\"516\" src=\"https:\/\/aquatool.webs.upv.es\/aqt\/wp-content\/uploads\/Otros\/cursoOnlineGrande-1024x516.png\" class=\"attachment-large size-large wp-image-500\" alt=\"\" srcset=\"https:\/\/aquatool.webs.upv.es\/aqt\/wp-content\/uploads\/Otros\/cursoOnlineGrande-1024x516.png 1024w, https:\/\/aquatool.webs.upv.es\/aqt\/wp-content\/uploads\/Otros\/cursoOnlineGrande-300x151.png 300w, https:\/\/aquatool.webs.upv.es\/aqt\/wp-content\/uploads\/Otros\/cursoOnlineGrande-768x387.png 768w\" sizes=\"(max-width: 1024px) 100vw, 1024px\" \/>\t\t\t\t\t\t\t\t\t\t\t\t\t\t\t<\/div>\n\t\t\t\t<\/div>\n\t\t\t\t\t<\/div>\n\t\t<\/div>\n\t\t\t\t\t<\/div>\n\t\t<\/section>\n\t\t\t\t<section class=\"elementor-section elementor-top-section elementor-element elementor-element-c0f0be1 elementor-section-boxed elementor-section-height-default elementor-section-height-default\" data-id=\"c0f0be1\" data-element_type=\"section\" data-e-type=\"section\">\n\t\t\t\t\t\t<div class=\"elementor-container elementor-column-gap-default\">\n\t\t\t\t\t<div class=\"elementor-column elementor-col-100 elementor-top-column elementor-element elementor-element-7773a2a\" data-id=\"7773a2a\" data-element_type=\"column\" data-e-type=\"column\">\n\t\t\t<div class=\"elementor-widget-wrap elementor-element-populated\">\n\t\t\t\t\t\t<div class=\"elementor-element elementor-element-5ab3f1b elementor-widget elementor-widget-heading\" data-id=\"5ab3f1b\" data-element_type=\"widget\" data-e-type=\"widget\" data-widget_type=\"heading.default\">\n\t\t\t\t<div class=\"elementor-widget-container\">\n\t\t\t\t\t<h3 class=\"elementor-heading-title elementor-size-default\">Organizaci\u00f3n del curso Online<\/h3>\t\t\t\t<\/div>\n\t\t\t\t<\/div>\n\t\t\t\t<div class=\"elementor-element elementor-element-22a7c61 elementor-widget elementor-widget-text-editor\" data-id=\"22a7c61\" data-element_type=\"widget\" data-e-type=\"widget\" data-widget_type=\"text-editor.default\">\n\t\t\t\t<div class=\"elementor-widget-container\">\n\t\t\t\t\t\t\t\t\t<p style=\"text-align: justify;\">El presente curso se imparte completamente de forma online, a trav\u00e9s de Internet. Se llevar\u00e1 a cabo mediante la plataforma PoliformaT de la Universitat Polit\u00e8cnica de Val\u00e8ncia.<\/p><p style=\"text-align: justify;\">La parte de teor\u00eda se expondr\u00e1 a trav\u00e9s de una serie de v\u00eddeos donde los profesores explican la materia mediante presentaciones. \u00c9stas estar\u00e1n disponibles para descargar en formato PDF. La parte pr\u00e1ctica estar\u00e1 basada en una serie de ejercicios guiados que los alumnos tendr\u00e1n que desarrollar para practicar el manejo de las distintas herramientas y aplicar los conceptos estudiados en la parte te\u00f3rica.<\/p><p style=\"text-align: justify;\"><span style=\"text-decoration: underline;\">\u00cdndice b\u00e1sico del curso<\/span><\/p><p style=\"text-align: justify; padding-left: 30px;\">T1. Introducci\u00f3n<br \/>T2. Modelaci\u00f3n de un sistema de recursos h\u00eddricos<br \/>T3. An\u00e1lisis de sistemas<br \/>T4. Evaluaci\u00f3n de recursos h\u00eddricos <br \/>T5. Aguas subterr\u00e1neas y utilizaci\u00f3n conjunta<br \/>T6. Contaminaci\u00f3n y Calidad de aguas<\/p><p style=\"text-align: justify;\">El curso online no requiere de un horario fijo. Lo \u00fanico que se requiere estrictamente es tener un computador\/ordenador con conexi\u00f3n a Internet. Esta conexi\u00f3n debe ser suficiente para visualizar v\u00eddeos (de igual manera que se puede hacer en YouTube).<\/p><p style=\"text-align: justify;\">La duraci\u00f3n del curso es amplia para que el alumno avance a su ritmo, desde el trabajo o desde casa. No hay horarios establecidos, el alumno puede acceder a la plataforma en cualquier momento y avanzar con el contenido disponible.<\/p><p style=\"text-align: justify;\">La plataforma donde se realizar\u00e1 el curso dispondr\u00e1 de un Foro para dejar las dudas que surjan, las cuales se contestaran a la mayor brevedad por parte del profesorado u otros alumnos que quieran participar.<\/p><p style=\"text-align: justify;\">Todos los alumnos que sigan el curso y presenten los ejercicios pr\u00e1cticos requeridos recibir\u00e1n un certificado de aprovechamiento del mismo emitido por el Centro de Formaci\u00f3n Permanente de la Universitat Polit\u00e8cnica de Val\u00e8ncia.<\/p>\t\t\t\t\t\t\t\t<\/div>\n\t\t\t\t<\/div>\n\t\t\t\t\t<\/div>\n\t\t<\/div>\n\t\t\t\t\t<\/div>\n\t\t<\/section>\n\t\t\t\t<\/div>\n\t\t","protected":false},"excerpt":{"rendered":"<p>AN\u00c1LISIS Y MODELACI\u00d3N DE SISTEMAS DE RECURSOS H\u00cdDRICOS CON EL SOFTWARE AQUATOOL Este curso est\u00e1 recomendado para profesionales que desean iniciarse en trabajos relacionados con el an\u00e1lisis de sistemas hidrol\u00f3gicos para la planificaci\u00f3n y gesti\u00f3n de cuencas o sistemas de recursos h\u00eddricos. Se recomienda nivel formativo equivalente al grado universitario, con conocimientos avanzados sobre hidrolog\u00eda &#8230; <a title=\"CursoOnline\" class=\"read-more\" href=\"https:\/\/aquatool.webs.upv.es\/aqt\/cursoonline\/\" aria-label=\"Leer m\u00e1s sobre CursoOnline\">Leer m\u00e1s<\/a><\/p>\n","protected":false},"author":1,"featured_media":0,"parent":0,"menu_order":0,"comment_status":"closed","ping_status":"closed","template":"","meta":{"inline_featured_image":false,"footnotes":""},"class_list":["post-495","page","type-page","status-publish"],"_links":{"self":[{"href":"https:\/\/aquatool.webs.upv.es\/aqt\/wp-json\/wp\/v2\/pages\/495","targetHints":{"allow":["GET"]}}],"collection":[{"href":"https:\/\/aquatool.webs.upv.es\/aqt\/wp-json\/wp\/v2\/pages"}],"about":[{"href":"https:\/\/aquatool.webs.upv.es\/aqt\/wp-json\/wp\/v2\/types\/page"}],"author":[{"embeddable":true,"href":"https:\/\/aquatool.webs.upv.es\/aqt\/wp-json\/wp\/v2\/users\/1"}],"replies":[{"embeddable":true,"href":"https:\/\/aquatool.webs.upv.es\/aqt\/wp-json\/wp\/v2\/comments?post=495"}],"version-history":[{"count":6,"href":"https:\/\/aquatool.webs.upv.es\/aqt\/wp-json\/wp\/v2\/pages\/495\/revisions"}],"predecessor-version":[{"id":579,"href":"https:\/\/aquatool.webs.upv.es\/aqt\/wp-json\/wp\/v2\/pages\/495\/revisions\/579"}],"wp:attachment":[{"href":"https:\/\/aquatool.webs.upv.es\/aqt\/wp-json\/wp\/v2\/media?parent=495"}],"curies":[{"name":"wp","href":"https:\/\/api.w.org\/{rel}","templated":true}]}}