{"id":185,"date":"2018-04-06T13:58:15","date_gmt":"2018-04-06T11:58:15","guid":{"rendered":"http:\/\/localhost\/aquatool\/?page_id=185"},"modified":"2024-04-11T16:47:21","modified_gmt":"2024-04-11T14:47:21","slug":"licencias","status":"publish","type":"page","link":"https:\/\/aquatool.webs.upv.es\/aqt\/licencias\/","title":{"rendered":"Licencias"},"content":{"rendered":"\t\t<div data-elementor-type=\"wp-post\" data-elementor-id=\"185\" class=\"elementor elementor-185\">\n\t\t\t\t\t\t<section class=\"elementor-section elementor-top-section elementor-element elementor-element-c1b04ae elementor-section-boxed elementor-section-height-default elementor-section-height-default\" data-id=\"c1b04ae\" data-element_type=\"section\" data-e-type=\"section\">\n\t\t\t\t\t\t<div class=\"elementor-container elementor-column-gap-default\">\n\t\t\t\t\t<div class=\"elementor-column elementor-col-100 elementor-top-column elementor-element elementor-element-2a35999\" data-id=\"2a35999\" data-element_type=\"column\" data-e-type=\"column\">\n\t\t\t<div class=\"elementor-widget-wrap elementor-element-populated\">\n\t\t\t\t\t\t<div class=\"elementor-element elementor-element-b02e03c elementor-widget elementor-widget-heading\" data-id=\"b02e03c\" data-element_type=\"widget\" data-e-type=\"widget\" data-widget_type=\"heading.default\">\n\t\t\t\t<div class=\"elementor-widget-container\">\n\t\t\t\t\t<h2 class=\"elementor-heading-title elementor-size-default\">Licencias<\/h2>\t\t\t\t<\/div>\n\t\t\t\t<\/div>\n\t\t\t\t\t<\/div>\n\t\t<\/div>\n\t\t\t\t\t<\/div>\n\t\t<\/section>\n\t\t\t\t<section class=\"elementor-section elementor-top-section elementor-element elementor-element-5954847 elementor-section-boxed elementor-section-height-default elementor-section-height-default\" data-id=\"5954847\" data-element_type=\"section\" data-e-type=\"section\">\n\t\t\t\t\t\t<div class=\"elementor-container elementor-column-gap-default\">\n\t\t\t\t\t<div class=\"elementor-column elementor-col-50 elementor-top-column elementor-element elementor-element-d3caa29\" data-id=\"d3caa29\" data-element_type=\"column\" data-e-type=\"column\">\n\t\t\t<div class=\"elementor-widget-wrap elementor-element-populated\">\n\t\t\t\t\t\t<div class=\"elementor-element elementor-element-661b445 elementor-widget elementor-widget-heading\" data-id=\"661b445\" data-element_type=\"widget\" data-e-type=\"widget\" data-widget_type=\"heading.default\">\n\t\t\t\t<div class=\"elementor-widget-container\">\n\t\t\t\t\t<h5 class=\"elementor-heading-title elementor-size-default\">Software<\/h5>\t\t\t\t<\/div>\n\t\t\t\t<\/div>\n\t\t\t\t<div class=\"elementor-element elementor-element-8eb1772 elementor-widget elementor-widget-wp-widget-nav_menu\" data-id=\"8eb1772\" data-element_type=\"widget\" data-e-type=\"widget\" data-widget_type=\"wp-widget-nav_menu.default\">\n\t\t\t\t<div class=\"elementor-widget-container\">\n\t\t\t\t\t<div class=\"menu-software-container\"><ul id=\"menu-software\" class=\"menu\"><li id=\"menu-item-196\" class=\"menu-item menu-item-type-post_type menu-item-object-page menu-item-196\"><a href=\"https:\/\/aquatool.webs.upv.es\/aqt\/aquatool\/\">AquaTool<\/a><\/li>\n<li id=\"menu-item-195\" class=\"menu-item menu-item-type-post_type menu-item-object-page menu-item-195\"><a href=\"https:\/\/aquatool.webs.upv.es\/aqt\/rrea\/\">RREA<\/a><\/li>\n<li id=\"menu-item-194\" class=\"menu-item menu-item-type-post_type menu-item-object-page menu-item-194\"><a href=\"https:\/\/aquatool.webs.upv.es\/aqt\/otro-software\/\">Otro Software<\/a><\/li>\n<li id=\"menu-item-648\" class=\"menu-item menu-item-type-post_type menu-item-object-page menu-item-648\"><a href=\"https:\/\/aquatool.webs.upv.es\/aqt\/aqtplayer\/\">AqtPlayer<\/a><\/li>\n<li id=\"menu-item-193\" class=\"menu-item menu-item-type-post_type menu-item-object-page menu-item-193\"><a href=\"https:\/\/aquatool.webs.upv.es\/aqt\/descargas\/\">Descargas<\/a><\/li>\n<li id=\"menu-item-192\" class=\"menu-item menu-item-type-post_type menu-item-object-page menu-item-192\"><a href=\"https:\/\/aquatool.webs.upv.es\/aqt\/licencias\/\">Licencias<\/a><\/li>\n<li id=\"menu-item-191\" class=\"menu-item menu-item-type-post_type menu-item-object-page menu-item-191\"><a href=\"https:\/\/aquatool.webs.upv.es\/aqt\/manuales\/\">Manuales<\/a><\/li>\n<\/ul><\/div>\t\t\t\t<\/div>\n\t\t\t\t<\/div>\n\t\t\t\t\t<\/div>\n\t\t<\/div>\n\t\t\t\t<div class=\"elementor-column elementor-col-50 elementor-top-column elementor-element elementor-element-0ad7f36\" data-id=\"0ad7f36\" data-element_type=\"column\" data-e-type=\"column\">\n\t\t\t<div class=\"elementor-widget-wrap elementor-element-populated\">\n\t\t\t\t\t\t<div class=\"elementor-element elementor-element-6e9dece elementor-widget elementor-widget-text-editor\" data-id=\"6e9dece\" data-element_type=\"widget\" data-e-type=\"widget\" data-widget_type=\"text-editor.default\">\n\t\t\t\t<div class=\"elementor-widget-container\">\n\t\t\t\t\t\t\t\t\t<p align=\"justify\">AQUATOOL incluye varios m\u00f3dulos relacionados, pero independientes, que pueden ser licenciados individualmente. Estos son los siguientes:<\/p><div align=\"justify\"><ul><li><strong>SIMGES:<\/strong>\u00a0M\u00f3dulo de Simulaci\u00f3n de la gesti\u00f3n de sistemas de recursos h\u00eddricos incluyendo aguas subterr\u00e1neas.<\/li><li><strong>OPTIGES:<\/strong>\u00a0M\u00f3dulo de Optimizaci\u00f3n de la gesti\u00f3n de sistemas de recursos h\u00eddricos.<\/li><li><strong>GESCAL:<\/strong>\u00a0M\u00f3dulo de simulaci\u00f3n de la calidad de aguas.<\/li><li><strong>SIMRISK:<\/strong>\u00a0M\u00f3dulo de evaluaci\u00f3n de riesgos en la gesti\u00f3n.<\/li><\/ul><\/div>\t\t\t\t\t\t\t\t<\/div>\n\t\t\t\t<\/div>\n\t\t\t\t\t<\/div>\n\t\t<\/div>\n\t\t\t\t\t<\/div>\n\t\t<\/section>\n\t\t\t\t<section class=\"elementor-section elementor-top-section elementor-element elementor-element-eb6b58b elementor-section-boxed elementor-section-height-default elementor-section-height-default\" data-id=\"eb6b58b\" data-element_type=\"section\" data-e-type=\"section\">\n\t\t\t\t\t\t<div class=\"elementor-container elementor-column-gap-default\">\n\t\t\t\t\t<div class=\"elementor-column elementor-col-100 elementor-top-column elementor-element elementor-element-0b5338b\" data-id=\"0b5338b\" data-element_type=\"column\" data-e-type=\"column\">\n\t\t\t<div class=\"elementor-widget-wrap elementor-element-populated\">\n\t\t\t\t\t\t<div class=\"elementor-element elementor-element-39fae72 elementor-widget elementor-widget-text-editor\" data-id=\"39fae72\" data-element_type=\"widget\" data-e-type=\"widget\" data-widget_type=\"text-editor.default\">\n\t\t\t\t<div class=\"elementor-widget-container\">\n\t\t\t\t\t\t\t\t\t<p align=\"justify\">Los m\u00f3dulos anteriores se utilizan conjuntamente mediante el interfaz AQUATOOL.<\/p><div align=\"justify\">Las condiciones y precios seg\u00fan el tipo de usuario son las siguientes:\u00a0<\/div>\t\t\t\t\t\t\t\t<\/div>\n\t\t\t\t<\/div>\n\t\t\t\t\t<\/div>\n\t\t<\/div>\n\t\t\t\t\t<\/div>\n\t\t<\/section>\n\t\t\t\t<section class=\"elementor-section elementor-top-section elementor-element elementor-element-862b5d3 elementor-section-boxed elementor-section-height-default elementor-section-height-default\" data-id=\"862b5d3\" data-element_type=\"section\" data-e-type=\"section\">\n\t\t\t\t\t\t<div class=\"elementor-container elementor-column-gap-default\">\n\t\t\t\t\t<div class=\"elementor-column elementor-col-50 elementor-top-column elementor-element elementor-element-4bc7dea\" data-id=\"4bc7dea\" data-element_type=\"column\" data-e-type=\"column\">\n\t\t\t<div class=\"elementor-widget-wrap\">\n\t\t\t\t\t\t\t<\/div>\n\t\t<\/div>\n\t\t\t\t<div class=\"elementor-column elementor-col-50 elementor-top-column elementor-element elementor-element-3df2402\" data-id=\"3df2402\" data-element_type=\"column\" data-e-type=\"column\">\n\t\t\t<div class=\"elementor-widget-wrap elementor-element-populated\">\n\t\t\t\t\t\t<div class=\"elementor-element elementor-element-05189e0 elementor-widget elementor-widget-text-editor\" data-id=\"05189e0\" data-element_type=\"widget\" data-e-type=\"widget\" data-widget_type=\"text-editor.default\">\n\t\t\t\t<div class=\"elementor-widget-container\">\n\t\t\t\t\t\t\t\t\t<table width=\"100%\">\n<tbody>\n<tr>\n<td valign=\"top\" width=\"107\"><strong>Tipo de usuario<\/strong><\/td>\n<td valign=\"top\" width=\"55\"><strong>Precio<\/strong><\/td>\n<td valign=\"top\" width=\"400\"><strong>Condiciones y obtenci\u00f3n<\/strong><\/td>\n<\/tr>\n<tr>\n<td valign=\"top\">Evaluaci\u00f3n y estudiantes<\/td>\n<td valign=\"top\">Gratuito<\/td>\n<td valign=\"top\">\n<p align=\"justify\">Los programas pueden ser descargados directamente de la web. La licencia permite la visualizaci\u00f3n y edici\u00f3n de cualquier esquema. Pero solo permite la simulaci\u00f3n de esquemas de tama\u00f1o reducido. No da derecho a ning\u00fan tipo de asistencia ni ayuda en el uso del software.<\/p>\n<\/td>\n<\/tr>\n<tr>\n<td valign=\"top\">Instituciones de car\u00e1cter p\u00fablico que hagan utilizaci\u00f3n del sistema para fines no lucrativos.<\/td>\n<td valign=\"top\">\n<p>Gratuito<\/p>\n<p>(<b>sin<\/b> asistencia t\u00e9cnica)<\/p>\n<\/td>\n<td valign=\"top\">\n<p align=\"justify\">Requiere la&nbsp;<a href=\"..\/..\/files\/programas\/licencias\/Formulario_Lic_AQT.rtf\" target=\"_blank\" rel=\"noopener\">identificaci\u00f3n y el alta<\/a>&nbsp;en nuestro servicio rellenando el formulario de alta. La licencia debe ser renovada cada a\u00f1o.<br>Los programas son plenamente operativos.<br>La licencia no da derecho a ning\u00fan tipo de asistencia ni ayuda en el uso del software.<\/p>\n<\/td>\n<\/tr>\n<tr>\n<td valign=\"top\">Instituciones de car\u00e1cter p\u00fablico que hagan utilizaci\u00f3n del sistema para fines no lucrativos.<\/td>\n<td valign=\"top\">\n<p>1500\u20ac\/a\u00f1o<\/p>\n<p>(<b>con<\/b> asistencia t\u00e9cnica)<\/p>\n<\/td>\n<td valign=\"top\">\n<p align=\"justify\">Se contrata mediante \u00abprestaci\u00f3n de servicios\u00bb con la UPV. Estando las condiciones especificadas en la misma. Esta licencia da derecho a la ayuda en el manejo de los programas mediante email o tel\u00e9fono. Esta ayuda no incluye la asesor\u00eda en el dise\u00f1o de modelos ni en el an\u00e1lisis de resultados (Esta asesor\u00eda podr\u00eda definirse y presupuestarse a la medida de los objetivos de la instituci\u00f3n).<\/p>\n<\/td>\n<\/tr>\n<tr>\n<td valign=\"top\">Empresas consultoras<\/td>\n<td valign=\"top\">\n<p>1r m\u00f3dulo:<br>12.000\u20ac<\/p>\n<p>Siguientes:<br>6.000\u20ac<\/p>\n<\/td>\n<td valign=\"top\">\n<p align=\"justify\">Se contrata mediante \u00abprestaci\u00f3n de servicios\u00bb con la UPV. Estando las condiciones especificadas en la misma. A grandes rasgos:<\/p>\n<ul>\n<li>Da derecho a la ayuda en el manejo de los programas mediante email o tel\u00e9fono.<\/li>\n<li>Tambi\u00e9n se incluye la posibilidad de que una persona que designe la Empresa, realice una estancia en el IIAMA de una semana, durante la cual efect\u00fae pr\u00e1cticas con AQUATOOL, de forma que las dudas que puedan plante\u00e1rsele sean resueltas por personal del equipo de investigaci\u00f3n. Los costes de la estancia ser\u00e1n por cuenta de la Empresa, y esta tendr\u00e1 lugar en fechas que ser\u00e1n designadas de mutuo acuerdo por ambas partes.<\/li>\n<li>El derecho de actualizaciones y ayuda es v\u00e1lido por un periodo de 2 a\u00f1os.<\/li>\n<\/ul>\n<div>Tambi\u00e9n se puede contratar una licencia temporal (por 3 a\u00f1os) a un precio igual al 50% del indicado.<\/div>\n<\/td>\n<\/tr>\n<tr>\n<td valign=\"top\">Renovaci\u00f3n de licencias para empresas.<\/td>\n<td valign=\"top\">1.000\u20ac<\/td>\n<td valign=\"top\">\n<p align=\"justify\">Para aquellas empresas&nbsp; e instituciones que han adquirido una licencia y desean renovar el servicio de asistencia telef\u00f3nica y por email se ofrece un contrato de mantenimiento anual.<\/p>\n<\/td>\n<\/tr>\n<\/tbody>\n<\/table>\n<p>15<\/p>\t\t\t\t\t\t\t\t<\/div>\n\t\t\t\t<\/div>\n\t\t\t\t\t<\/div>\n\t\t<\/div>\n\t\t\t\t\t<\/div>\n\t\t<\/section>\n\t\t\t\t<section class=\"elementor-section elementor-top-section elementor-element elementor-element-106fae3 elementor-section-boxed elementor-section-height-default elementor-section-height-default\" data-id=\"106fae3\" data-element_type=\"section\" data-e-type=\"section\">\n\t\t\t\t\t\t<div class=\"elementor-container elementor-column-gap-default\">\n\t\t\t\t\t<div class=\"elementor-column elementor-col-100 elementor-top-column elementor-element elementor-element-7aed857\" data-id=\"7aed857\" data-element_type=\"column\" data-e-type=\"column\">\n\t\t\t<div class=\"elementor-widget-wrap elementor-element-populated\">\n\t\t\t\t\t\t<div class=\"elementor-element elementor-element-d678a38 elementor-widget elementor-widget-text-editor\" data-id=\"d678a38\" data-element_type=\"widget\" data-e-type=\"widget\" data-widget_type=\"text-editor.default\">\n\t\t\t\t<div class=\"elementor-widget-container\">\n\t\t\t\t\t\t\t\t\t<p style=\"text-align: left;\" align=\"justify\">En el caso de empresas y licencias para instituciones con asistencia t\u00e9cnica inclu\u00edda, contactar con Abel Solera Solera o Javier Paredes Arquiola (<a href=\"mailto:asolera@upvnet.upv.es\">asolera@upvnet.upv.es<\/a>;\u00a0<a href=\"mailto:jparedea@hma.upv.es\">jparedea@hma.upv.es<\/a>; +34963879612 &#8211; +34963877610) para adquirir las licencias.<\/p><p>Los m\u00f3dulos cuya licencia es gratuita para cualquier tipo de usuario son los que se listan a continuacu\u00f3n. Para su uso ser\u00e1 necesario un registro a trav\u00e9s de este\u00a0<a href=\"..\/..\/files\/programas\/licencias\/registro_es.php\" target=\"_blank\" rel=\"noopener\">formulario<\/a>.<\/p><ul><li><span style=\"font-weight: bold;\">RREA: <\/span>m\u00f3dulo para\u00a0estimar el efecto de diferentes presiones ambientales sobre las masas de agua superficiales continentales.<\/li><li><span style=\"font-weight: bold;\">Aquival:<\/span>\u00a0m\u00f3dulo para la modelaci\u00f3n distribuida mediante el m\u00e9todo de los autovalores a partir de par\u00e1metros calibrados en modelos en diferencias finitas y elementos finitos.<\/li><li><span style=\"font-weight: bold;\">EvalHid:<\/span>\u00a0m\u00f3dulo de evaluaci\u00f3n de recursos h\u00eddricos.<\/li><li><strong>Caudeco:<\/strong>\u00a0M\u00f3dulo de evaluaci\u00f3n de caudales ecol\u00f3gicos.<\/li><\/ul>\t\t\t\t\t\t\t\t<\/div>\n\t\t\t\t<\/div>\n\t\t\t\t\t<\/div>\n\t\t<\/div>\n\t\t\t\t\t<\/div>\n\t\t<\/section>\n\t\t\t\t<section class=\"elementor-section elementor-top-section elementor-element elementor-element-6677cfa elementor-section-boxed elementor-section-height-default elementor-section-height-default\" data-id=\"6677cfa\" data-element_type=\"section\" data-e-type=\"section\">\n\t\t\t\t\t\t<div class=\"elementor-container elementor-column-gap-default\">\n\t\t\t\t\t<div class=\"elementor-column elementor-col-100 elementor-top-column elementor-element elementor-element-0097f19\" data-id=\"0097f19\" data-element_type=\"column\" data-e-type=\"column\">\n\t\t\t<div class=\"elementor-widget-wrap elementor-element-populated\">\n\t\t\t\t\t\t<div class=\"elementor-element elementor-element-574d5d7 elementor-widget elementor-widget-heading\" data-id=\"574d5d7\" data-element_type=\"widget\" data-e-type=\"widget\" data-widget_type=\"heading.default\">\n\t\t\t\t<div class=\"elementor-widget-container\">\n\t\t\t\t\t<h3 class=\"elementor-heading-title elementor-size-default\">Cursos<\/h3>\t\t\t\t<\/div>\n\t\t\t\t<\/div>\n\t\t\t\t<div class=\"elementor-element elementor-element-e6d6e58 elementor-widget elementor-widget-text-editor\" data-id=\"e6d6e58\" data-element_type=\"widget\" data-e-type=\"widget\" data-widget_type=\"text-editor.default\">\n\t\t\t\t<div class=\"elementor-widget-container\">\n\t\t\t\t\t\t\t\t\t<p style=\"text-align: justify;\">El Grupo de Ingenier\u00eda de Recursos H\u00eddricos (GIRH) ofrece cursos de formaci\u00f3n en \u00abAn\u00e1lisis y Modelaci\u00f3n de Sistemas de Gesti\u00f3n de Recursos H\u00eddricos con AQUATOOL\u00bb con distintos alcances y contenidos seg\u00fan las necesidades del cliente. Los precios de estos cursos depender\u00e1n del tiempo, contenido y otros factores, concret\u00e1ndose en un convenio con el GIRH.<br \/>Adem\u00e1s de dar una formaci\u00f3n t\u00e9cnica en el uso de los modelos que se describen, tambi\u00e9n se\u00a0 imparten conceptos te\u00f3ricos y experiencias de inter\u00e9s para trabajos de an\u00e1lisis de la gesti\u00f3n de cuencas hidrol\u00f3gicas.<\/p><p style=\"text-align: justify;\">Pueden contactar con Abel Solera Solera o Javier Paredes Arquiola (<a style=\"background-color: #ffffff;\" href=\"mailto:asolera@upvnet.upv.es\">asolera@upvnet.upv.es<\/a>;\u00a0<a style=\"background-color: #ffffff;\" href=\"mailto:jparedea@hma.upv.es\">jparedea@hma.upv.es<\/a>; +34963879612 &#8211; +34963877610).<\/p>\t\t\t\t\t\t\t\t<\/div>\n\t\t\t\t<\/div>\n\t\t\t\t\t<\/div>\n\t\t<\/div>\n\t\t\t\t\t<\/div>\n\t\t<\/section>\n\t\t\t\t<section class=\"elementor-section elementor-top-section elementor-element elementor-element-792dcc0 elementor-section-boxed elementor-section-height-default elementor-section-height-default\" data-id=\"792dcc0\" data-element_type=\"section\" data-e-type=\"section\">\n\t\t\t\t\t\t<div class=\"elementor-container elementor-column-gap-default\">\n\t\t\t\t\t<div class=\"elementor-column elementor-col-100 elementor-top-column elementor-element elementor-element-62c0db9\" data-id=\"62c0db9\" data-element_type=\"column\" data-e-type=\"column\">\n\t\t\t<div class=\"elementor-widget-wrap elementor-element-populated\">\n\t\t\t\t\t\t<div class=\"elementor-element elementor-element-a79e9f7 elementor-widget elementor-widget-heading\" data-id=\"a79e9f7\" data-element_type=\"widget\" data-e-type=\"widget\" data-widget_type=\"heading.default\">\n\t\t\t\t<div class=\"elementor-widget-container\">\n\t\t\t\t\t<h3 class=\"elementor-heading-title elementor-size-default\">Contratos<\/h3>\t\t\t\t<\/div>\n\t\t\t\t<\/div>\n\t\t\t\t<div class=\"elementor-element elementor-element-6247efc elementor-widget elementor-widget-text-editor\" data-id=\"6247efc\" data-element_type=\"widget\" data-e-type=\"widget\" data-widget_type=\"text-editor.default\">\n\t\t\t\t<div class=\"elementor-widget-container\">\n\t\t\t\t\t\t\t\t\t<p style=\"text-align: justify;\">El desarrollo de AQUATOOL est\u00e1 basado en la necesidad de analizar problemas reales en la planificaci\u00f3n y gesti\u00f3n de cuencas reales. Por y para esto el equipo de desarrollo de AQUATOOL tiene experiencia de m\u00e1s de 25 a\u00f1os en trabajos de asesor\u00eda con administraciones y empresas dedicados a la planificaci\u00f3n hidrol\u00f3gica.<\/p><p style=\"text-align: justify;\">Para la contrataci\u00f3n de servicios espec\u00edficos relacionados con la planificaci\u00f3n hidrol\u00f3gica contacte con nosotros (<a href=\"mailto:asolera@upvnet.upv.es\">asolera@upvnet.upv.es<\/a>;\u00a0<a href=\"mailto:jparedea@hma.upv.es\">jparedea@hma.upv.es<\/a>\u00a0&#8211; +34963879612 &#8211; +34963877610).<\/p>\t\t\t\t\t\t\t\t<\/div>\n\t\t\t\t<\/div>\n\t\t\t\t\t<\/div>\n\t\t<\/div>\n\t\t\t\t\t<\/div>\n\t\t<\/section>\n\t\t\t\t<\/div>\n\t\t","protected":false},"excerpt":{"rendered":"<p>Licencias Software AQUATOOL incluye varios m\u00f3dulos relacionados, pero independientes, que pueden ser licenciados individualmente. Estos son los siguientes: SIMGES:\u00a0M\u00f3dulo de Simulaci\u00f3n de la gesti\u00f3n de sistemas de recursos h\u00eddricos incluyendo aguas subterr\u00e1neas. OPTIGES:\u00a0M\u00f3dulo de Optimizaci\u00f3n de la gesti\u00f3n de sistemas de recursos h\u00eddricos. GESCAL:\u00a0M\u00f3dulo de simulaci\u00f3n de la calidad de aguas. SIMRISK:\u00a0M\u00f3dulo de evaluaci\u00f3n de &#8230; <a title=\"Licencias\" class=\"read-more\" href=\"https:\/\/aquatool.webs.upv.es\/aqt\/licencias\/\" aria-label=\"Leer m\u00e1s sobre Licencias\">Leer m\u00e1s<\/a><\/p>\n","protected":false},"author":1,"featured_media":0,"parent":0,"menu_order":0,"comment_status":"closed","ping_status":"closed","template":"","meta":{"inline_featured_image":false,"footnotes":""},"class_list":["post-185","page","type-page","status-publish"],"_links":{"self":[{"href":"https:\/\/aquatool.webs.upv.es\/aqt\/wp-json\/wp\/v2\/pages\/185","targetHints":{"allow":["GET"]}}],"collection":[{"href":"https:\/\/aquatool.webs.upv.es\/aqt\/wp-json\/wp\/v2\/pages"}],"about":[{"href":"https:\/\/aquatool.webs.upv.es\/aqt\/wp-json\/wp\/v2\/types\/page"}],"author":[{"embeddable":true,"href":"https:\/\/aquatool.webs.upv.es\/aqt\/wp-json\/wp\/v2\/users\/1"}],"replies":[{"embeddable":true,"href":"https:\/\/aquatool.webs.upv.es\/aqt\/wp-json\/wp\/v2\/comments?post=185"}],"version-history":[{"count":17,"href":"https:\/\/aquatool.webs.upv.es\/aqt\/wp-json\/wp\/v2\/pages\/185\/revisions"}],"predecessor-version":[{"id":1528,"href":"https:\/\/aquatool.webs.upv.es\/aqt\/wp-json\/wp\/v2\/pages\/185\/revisions\/1528"}],"wp:attachment":[{"href":"https:\/\/aquatool.webs.upv.es\/aqt\/wp-json\/wp\/v2\/media?parent=185"}],"curies":[{"name":"wp","href":"https:\/\/api.w.org\/{rel}","templated":true}]}}