{"id":176,"date":"2018-04-06T13:57:39","date_gmt":"2018-04-06T11:57:39","guid":{"rendered":"http:\/\/localhost\/aquatool\/?page_id=176"},"modified":"2024-01-08T13:00:35","modified_gmt":"2024-01-08T11:00:35","slug":"rrea","status":"publish","type":"page","link":"https:\/\/aquatool.webs.upv.es\/aqt\/rrea\/","title":{"rendered":"RREA"},"content":{"rendered":"\t\t<div data-elementor-type=\"wp-post\" data-elementor-id=\"176\" class=\"elementor elementor-176\">\n\t\t\t\t\t\t<section class=\"elementor-section elementor-top-section elementor-element elementor-element-f11a831 elementor-section-boxed elementor-section-height-default elementor-section-height-default\" data-id=\"f11a831\" data-element_type=\"section\" data-e-type=\"section\">\n\t\t\t\t\t\t<div class=\"elementor-container elementor-column-gap-default\">\n\t\t\t\t\t<div class=\"elementor-column elementor-col-100 elementor-top-column elementor-element elementor-element-85519b4\" data-id=\"85519b4\" data-element_type=\"column\" data-e-type=\"column\">\n\t\t\t<div class=\"elementor-widget-wrap elementor-element-populated\">\n\t\t\t\t\t\t<div class=\"elementor-element elementor-element-d0e40a2 elementor-widget elementor-widget-heading\" data-id=\"d0e40a2\" data-element_type=\"widget\" data-e-type=\"widget\" data-widget_type=\"heading.default\">\n\t\t\t\t<div class=\"elementor-widget-container\">\n\t\t\t\t\t<h2 class=\"elementor-heading-title elementor-size-default\">Modelo RREA<\/h2>\t\t\t\t<\/div>\n\t\t\t\t<\/div>\n\t\t\t\t\t<\/div>\n\t\t<\/div>\n\t\t\t\t\t<\/div>\n\t\t<\/section>\n\t\t\t\t<section class=\"elementor-section elementor-top-section elementor-element elementor-element-ce14cce elementor-section-boxed elementor-section-height-default elementor-section-height-default\" data-id=\"ce14cce\" data-element_type=\"section\" data-e-type=\"section\">\n\t\t\t\t\t\t<div class=\"elementor-container elementor-column-gap-default\">\n\t\t\t\t\t<div class=\"elementor-column elementor-col-50 elementor-top-column elementor-element elementor-element-06f5ed4\" data-id=\"06f5ed4\" data-element_type=\"column\" data-e-type=\"column\">\n\t\t\t<div class=\"elementor-widget-wrap elementor-element-populated\">\n\t\t\t\t\t\t<div class=\"elementor-element elementor-element-d76e5db elementor-widget elementor-widget-heading\" data-id=\"d76e5db\" data-element_type=\"widget\" data-e-type=\"widget\" data-widget_type=\"heading.default\">\n\t\t\t\t<div class=\"elementor-widget-container\">\n\t\t\t\t\t<h5 class=\"elementor-heading-title elementor-size-default\">Software<\/h5>\t\t\t\t<\/div>\n\t\t\t\t<\/div>\n\t\t\t\t<div class=\"elementor-element elementor-element-98f6351 elementor-widget elementor-widget-wp-widget-nav_menu\" data-id=\"98f6351\" data-element_type=\"widget\" data-e-type=\"widget\" data-widget_type=\"wp-widget-nav_menu.default\">\n\t\t\t\t<div class=\"elementor-widget-container\">\n\t\t\t\t\t<div class=\"menu-software-container\"><ul id=\"menu-software\" class=\"menu\"><li id=\"menu-item-196\" class=\"menu-item menu-item-type-post_type menu-item-object-page menu-item-196\"><a href=\"https:\/\/aquatool.webs.upv.es\/aqt\/aquatool\/\">AquaTool<\/a><\/li>\n<li id=\"menu-item-195\" class=\"menu-item menu-item-type-post_type menu-item-object-page menu-item-195\"><a href=\"https:\/\/aquatool.webs.upv.es\/aqt\/rrea\/\">RREA<\/a><\/li>\n<li id=\"menu-item-194\" class=\"menu-item menu-item-type-post_type menu-item-object-page menu-item-194\"><a href=\"https:\/\/aquatool.webs.upv.es\/aqt\/otro-software\/\">Otro Software<\/a><\/li>\n<li id=\"menu-item-648\" class=\"menu-item menu-item-type-post_type menu-item-object-page menu-item-648\"><a href=\"https:\/\/aquatool.webs.upv.es\/aqt\/aqtplayer\/\">AqtPlayer<\/a><\/li>\n<li id=\"menu-item-193\" class=\"menu-item menu-item-type-post_type menu-item-object-page menu-item-193\"><a href=\"https:\/\/aquatool.webs.upv.es\/aqt\/descargas\/\">Descargas<\/a><\/li>\n<li id=\"menu-item-192\" class=\"menu-item menu-item-type-post_type menu-item-object-page menu-item-192\"><a href=\"https:\/\/aquatool.webs.upv.es\/aqt\/licencias\/\">Licencias<\/a><\/li>\n<li id=\"menu-item-191\" class=\"menu-item menu-item-type-post_type menu-item-object-page menu-item-191\"><a href=\"https:\/\/aquatool.webs.upv.es\/aqt\/manuales\/\">Manuales<\/a><\/li>\n<\/ul><\/div>\t\t\t\t<\/div>\n\t\t\t\t<\/div>\n\t\t\t\t\t<\/div>\n\t\t<\/div>\n\t\t\t\t<div class=\"elementor-column elementor-col-50 elementor-top-column elementor-element elementor-element-5bb68a5\" data-id=\"5bb68a5\" data-element_type=\"column\" data-e-type=\"column\">\n\t\t\t<div class=\"elementor-widget-wrap elementor-element-populated\">\n\t\t\t\t\t\t<div class=\"elementor-element elementor-element-c9a6d11 elementor-widget elementor-widget-text-editor\" data-id=\"c9a6d11\" data-element_type=\"widget\" data-e-type=\"widget\" data-widget_type=\"text-editor.default\">\n\t\t\t\t<div class=\"elementor-widget-container\">\n\t\t\t\t\t\t\t\t\t<p style=\"text-align: justify;\">El modelo RREA (Respuesta R\u00e1pida al Estado Ambiente) tiene como objetivo estimar el efecto de diferentes presiones ambientales sobre las masas de agua superficiales continentales. Est\u00e1 pensado para su aplicaci\u00f3n a escala de grandes sistemas de recursos h\u00eddricos. Su utilidad es muy variada permitiendo, por ejemplo: definir zonas no muestreadas con alto riesgo de contaminaci\u00f3n, estimar la eficacia de las medidas de depuraci\u00f3n o calcular la situaci\u00f3n del sistema en diferentes escenarios (cambio clim\u00e1tico, \u00e9pocas de sequ\u00eda, etc.)<\/p>\n<p style=\"text-align: justify;\">B\u00e1sicamente el programa estima concentraciones de contaminantes en las masas de agua superficiales teniendo en cuenta la carga que se aporta en cada masa, la contaminaci\u00f3n que proviene de aguas arriba y la posible degradaci\u00f3n que se produce en la propia masa de agua. Contempla la continuidad del flujo entre las sucesivas masas de agua y por tanto el efecto de cualquier medida sobre todo el sistema.<\/p>\n<p style=\"text-align: justify;\">El programa ha sido desarrollado dentro del Grupo de Ingenier\u00eda de Recursos H\u00eddricos (GIRH) de la Universitat Polit\u00e8cnica de Val\u00e8ncia (UPV).<\/p>\t\t\t\t\t\t\t\t<\/div>\n\t\t\t\t<\/div>\n\t\t\t\t<div class=\"elementor-element elementor-element-6cd6037 elementor-widget elementor-widget-text-editor\" data-id=\"6cd6037\" data-element_type=\"widget\" data-e-type=\"widget\" data-widget_type=\"text-editor.default\">\n\t\t\t\t<div class=\"elementor-widget-container\">\n\t\t\t\t\t\t\t\t\t<p>En enero de 2024 se publica la versi\u00f3n 4.0 de esta herramienta cuyos cambios principales se detallan en el siguiente documento:<\/p>\t\t\t\t\t\t\t\t<\/div>\n\t\t\t\t<\/div>\n\t\t\t\t<div class=\"elementor-element elementor-element-d88003e elementor-widget elementor-widget-image\" data-id=\"d88003e\" data-element_type=\"widget\" data-e-type=\"widget\" data-widget_type=\"image.default\">\n\t\t\t\t<div class=\"elementor-widget-container\">\n\t\t\t\t\t\t\t\t\t\t\t\t<figure class=\"wp-caption\">\n\t\t\t\t\t\t\t\t\t\t\t<a href=\"https:\/\/aquatool.webs.upv.es\/files\/manuales\/rrea\/Cambios_Versiones_RREA.pdf\" target=\"_blank\">\n\t\t\t\t\t\t\t<img decoding=\"async\" width=\"64\" height=\"64\" src=\"https:\/\/aquatool.webs.upv.es\/aqt\/wp-content\/uploads\/Iconos\/pdf64.png\" class=\"attachment-large size-large wp-image-156\" alt=\"\" \/>\t\t\t\t\t\t\t\t<\/a>\n\t\t\t\t\t\t\t\t\t\t\t<figcaption class=\"widget-image-caption wp-caption-text\">Cambios de la versi\u00f3n<\/figcaption>\n\t\t\t\t\t\t\t\t\t\t<\/figure>\n\t\t\t\t\t\t\t\t\t<\/div>\n\t\t\t\t<\/div>\n\t\t\t\t\t<\/div>\n\t\t<\/div>\n\t\t\t\t\t<\/div>\n\t\t<\/section>\n\t\t\t\t<\/div>\n\t\t","protected":false},"excerpt":{"rendered":"<p>Modelo RREA Software El modelo RREA (Respuesta R\u00e1pida al Estado Ambiente) tiene como objetivo estimar el efecto de diferentes presiones ambientales sobre las masas de agua superficiales continentales. Est\u00e1 pensado para su aplicaci\u00f3n a escala de grandes sistemas de recursos h\u00eddricos. Su utilidad es muy variada permitiendo, por ejemplo: definir zonas no muestreadas con alto &#8230; <a title=\"RREA\" class=\"read-more\" href=\"https:\/\/aquatool.webs.upv.es\/aqt\/rrea\/\" aria-label=\"Leer m\u00e1s sobre RREA\">Leer m\u00e1s<\/a><\/p>\n","protected":false},"author":1,"featured_media":0,"parent":0,"menu_order":0,"comment_status":"closed","ping_status":"closed","template":"","meta":{"inline_featured_image":false,"footnotes":""},"class_list":["post-176","page","type-page","status-publish"],"_links":{"self":[{"href":"https:\/\/aquatool.webs.upv.es\/aqt\/wp-json\/wp\/v2\/pages\/176","targetHints":{"allow":["GET"]}}],"collection":[{"href":"https:\/\/aquatool.webs.upv.es\/aqt\/wp-json\/wp\/v2\/pages"}],"about":[{"href":"https:\/\/aquatool.webs.upv.es\/aqt\/wp-json\/wp\/v2\/types\/page"}],"author":[{"embeddable":true,"href":"https:\/\/aquatool.webs.upv.es\/aqt\/wp-json\/wp\/v2\/users\/1"}],"replies":[{"embeddable":true,"href":"https:\/\/aquatool.webs.upv.es\/aqt\/wp-json\/wp\/v2\/comments?post=176"}],"version-history":[{"count":19,"href":"https:\/\/aquatool.webs.upv.es\/aqt\/wp-json\/wp\/v2\/pages\/176\/revisions"}],"predecessor-version":[{"id":1467,"href":"https:\/\/aquatool.webs.upv.es\/aqt\/wp-json\/wp\/v2\/pages\/176\/revisions\/1467"}],"wp:attachment":[{"href":"https:\/\/aquatool.webs.upv.es\/aqt\/wp-json\/wp\/v2\/media?parent=176"}],"curies":[{"name":"wp","href":"https:\/\/api.w.org\/{rel}","templated":true}]}}