{"id":1722,"date":"2025-05-15T12:07:58","date_gmt":"2025-05-15T10:07:58","guid":{"rendered":"https:\/\/aquatool.webs.upv.es\/aqt\/?page_id=1722"},"modified":"2025-05-26T11:34:43","modified_gmt":"2025-05-26T09:34:43","slug":"licenciasgeoaquatool","status":"publish","type":"page","link":"https:\/\/aquatool.webs.upv.es\/aqt\/licenciasgeoaquatool\/","title":{"rendered":"Licencias GeoAquaTool"},"content":{"rendered":"\t\t<div data-elementor-type=\"wp-post\" data-elementor-id=\"1722\" class=\"elementor elementor-1722\">\n\t\t\t\t\t\t<section class=\"elementor-section elementor-top-section elementor-element elementor-element-c1b04ae elementor-section-boxed elementor-section-height-default elementor-section-height-default\" data-id=\"c1b04ae\" data-element_type=\"section\" data-e-type=\"section\">\n\t\t\t\t\t\t<div class=\"elementor-container elementor-column-gap-default\">\n\t\t\t\t\t<div class=\"elementor-column elementor-col-100 elementor-top-column elementor-element elementor-element-2a35999\" data-id=\"2a35999\" data-element_type=\"column\" data-e-type=\"column\">\n\t\t\t<div class=\"elementor-widget-wrap elementor-element-populated\">\n\t\t\t\t\t\t<div class=\"elementor-element elementor-element-b02e03c elementor-widget elementor-widget-heading\" data-id=\"b02e03c\" data-element_type=\"widget\" data-e-type=\"widget\" data-widget_type=\"heading.default\">\n\t\t\t\t<div class=\"elementor-widget-container\">\n\t\t\t\t\t<h2 class=\"elementor-heading-title elementor-size-default\">Licencias<\/h2>\t\t\t\t<\/div>\n\t\t\t\t<\/div>\n\t\t\t\t\t<\/div>\n\t\t<\/div>\n\t\t\t\t\t<\/div>\n\t\t<\/section>\n\t\t\t\t<section class=\"elementor-section elementor-top-section elementor-element elementor-element-5954847 elementor-section-boxed elementor-section-height-default elementor-section-height-default\" data-id=\"5954847\" data-element_type=\"section\" data-e-type=\"section\">\n\t\t\t\t\t\t<div class=\"elementor-container elementor-column-gap-default\">\n\t\t\t\t\t<div class=\"elementor-column elementor-col-50 elementor-top-column elementor-element elementor-element-d3caa29\" data-id=\"d3caa29\" data-element_type=\"column\" data-e-type=\"column\">\n\t\t\t<div class=\"elementor-widget-wrap elementor-element-populated\">\n\t\t\t\t\t\t<div class=\"elementor-element elementor-element-661b445 elementor-widget elementor-widget-heading\" data-id=\"661b445\" data-element_type=\"widget\" data-e-type=\"widget\" data-widget_type=\"heading.default\">\n\t\t\t\t<div class=\"elementor-widget-container\">\n\t\t\t\t\t<h5 class=\"elementor-heading-title elementor-size-default\">Software<\/h5>\t\t\t\t<\/div>\n\t\t\t\t<\/div>\n\t\t\t\t<div class=\"elementor-element elementor-element-8eb1772 elementor-widget elementor-widget-wp-widget-nav_menu\" data-id=\"8eb1772\" data-element_type=\"widget\" data-e-type=\"widget\" data-widget_type=\"wp-widget-nav_menu.default\">\n\t\t\t\t<div class=\"elementor-widget-container\">\n\t\t\t\t\t<div class=\"menu-aqt-tiempo-variable-container\"><ul id=\"menu-aqt-tiempo-variable\" class=\"menu\"><li id=\"menu-item-784\" class=\"menu-item menu-item-type-post_type menu-item-object-page menu-item-784\"><a href=\"https:\/\/aquatool.webs.upv.es\/aqt\/aquatool-2021\/\">Aquatool 2025<\/a><\/li>\n<li id=\"menu-item-1054\" class=\"menu-item menu-item-type-post_type menu-item-object-page menu-item-1054\"><a href=\"https:\/\/aquatool.webs.upv.es\/aqt\/aquatool-geo\/\">GeoAquaTool<\/a><\/li>\n<li id=\"menu-item-797\" class=\"menu-item menu-item-type-post_type menu-item-object-page menu-item-797\"><a href=\"https:\/\/aquatool.webs.upv.es\/aqt\/aqt-sim\/\">AQT-SIM<\/a><\/li>\n<li id=\"menu-item-806\" class=\"menu-item menu-item-type-post_type menu-item-object-page menu-item-806\"><a href=\"https:\/\/aquatool.webs.upv.es\/aqt\/aqt-opt\/\">AQT-OPT<\/a><\/li>\n<li id=\"menu-item-821\" class=\"menu-item menu-item-type-post_type menu-item-object-page menu-item-821\"><a href=\"https:\/\/aquatool.webs.upv.es\/aqt\/aqt-cal\/\">AQT-CAL<\/a><\/li>\n<li id=\"menu-item-812\" class=\"menu-item menu-item-type-post_type menu-item-object-page menu-item-812\"><a href=\"https:\/\/aquatool.webs.upv.es\/aqt\/aqt-risk\/\">AQT-RISK<\/a><\/li>\n<li id=\"menu-item-832\" class=\"menu-item menu-item-type-post_type menu-item-object-page menu-item-832\"><a href=\"https:\/\/aquatool.webs.upv.es\/aqt\/descargas-2\/\">Descargas<\/a><\/li>\n<li id=\"menu-item-842\" class=\"menu-item menu-item-type-post_type menu-item-object-page menu-item-842\"><a href=\"https:\/\/aquatool.webs.upv.es\/aqt\/documentos\/\">Documentos<\/a><\/li>\n<li id=\"menu-item-1676\" class=\"menu-item menu-item-type-post_type menu-item-object-page menu-item-1676\"><a href=\"https:\/\/aquatool.webs.upv.es\/aqt\/ejercicios-2\/\">Ejercicios con GeoAquaTool<\/a><\/li>\n<\/ul><\/div>\t\t\t\t<\/div>\n\t\t\t\t<\/div>\n\t\t\t\t\t<\/div>\n\t\t<\/div>\n\t\t\t\t<div class=\"elementor-column elementor-col-50 elementor-top-column elementor-element elementor-element-0ad7f36\" data-id=\"0ad7f36\" data-element_type=\"column\" data-e-type=\"column\">\n\t\t\t<div class=\"elementor-widget-wrap elementor-element-populated\">\n\t\t\t\t\t\t<div class=\"elementor-element elementor-element-6e9dece elementor-widget elementor-widget-text-editor\" data-id=\"6e9dece\" data-element_type=\"widget\" data-e-type=\"widget\" data-widget_type=\"text-editor.default\">\n\t\t\t\t<div class=\"elementor-widget-container\">\n\t\t\t\t\t\t\t\t\t<p align=\"justify\">GEOAQUATOOL junto con sus m\u00f3dulos de c\u00e1lculo asociados puede ser utilizado de forma gratuita con ciertos l\u00edmites.\u00a0<\/p>\n<p align=\"justify\">Pero para uso comercial requiere la contrataci\u00f3n de una licencia de uso. Esta licencia permite el uso de todas las extensiones y utilidades del sistema dise\u00f1adas para facilitar y agilizar el trabajo con el mismo.<\/p>\n<p align=\"justify\">\u00a0<\/p>\n<div align=\"justify\">\u00a0<\/div>\t\t\t\t\t\t\t\t<\/div>\n\t\t\t\t<\/div>\n\t\t\t\t\t<\/div>\n\t\t<\/div>\n\t\t\t\t\t<\/div>\n\t\t<\/section>\n\t\t\t\t<section class=\"elementor-section elementor-top-section elementor-element elementor-element-eb6b58b elementor-section-boxed elementor-section-height-default elementor-section-height-default\" data-id=\"eb6b58b\" data-element_type=\"section\" data-e-type=\"section\">\n\t\t\t\t\t\t<div class=\"elementor-container elementor-column-gap-default\">\n\t\t\t\t\t<div class=\"elementor-column elementor-col-100 elementor-top-column elementor-element elementor-element-0b5338b\" data-id=\"0b5338b\" data-element_type=\"column\" data-e-type=\"column\">\n\t\t\t<div class=\"elementor-widget-wrap\">\n\t\t\t\t\t\t\t<\/div>\n\t\t<\/div>\n\t\t\t\t\t<\/div>\n\t\t<\/section>\n\t\t\t\t<section class=\"elementor-section elementor-top-section elementor-element elementor-element-862b5d3 elementor-section-boxed elementor-section-height-default elementor-section-height-default\" data-id=\"862b5d3\" data-element_type=\"section\" data-e-type=\"section\">\n\t\t\t\t\t\t<div class=\"elementor-container elementor-column-gap-default\">\n\t\t\t\t\t<div class=\"elementor-column elementor-col-50 elementor-top-column elementor-element elementor-element-4bc7dea\" data-id=\"4bc7dea\" data-element_type=\"column\" data-e-type=\"column\">\n\t\t\t<div class=\"elementor-widget-wrap\">\n\t\t\t\t\t\t\t<\/div>\n\t\t<\/div>\n\t\t\t\t<div class=\"elementor-column elementor-col-50 elementor-top-column elementor-element elementor-element-3df2402\" data-id=\"3df2402\" data-element_type=\"column\" data-e-type=\"column\">\n\t\t\t<div class=\"elementor-widget-wrap elementor-element-populated\">\n\t\t\t\t\t\t<div class=\"elementor-element elementor-element-39fae72 elementor-widget elementor-widget-text-editor\" data-id=\"39fae72\" data-element_type=\"widget\" data-e-type=\"widget\" data-widget_type=\"text-editor.default\">\n\t\t\t\t<div class=\"elementor-widget-container\">\n\t\t\t\t\t\t\t\t\t<p>A continuaci\u00f3n se lista las opciones para acceder al software y sus condiciones.<\/p>\t\t\t\t\t\t\t\t<\/div>\n\t\t\t\t<\/div>\n\t\t\t\t<div class=\"elementor-element elementor-element-05189e0 elementor-widget elementor-widget-text-editor\" data-id=\"05189e0\" data-element_type=\"widget\" data-e-type=\"widget\" data-widget_type=\"text-editor.default\">\n\t\t\t\t<div class=\"elementor-widget-container\">\n\t\t\t\t\t\t\t\t\t<table width=\"100%\">\n<tbody>\n<tr>\n<td valign=\"top\" width=\"107\"><strong>Tipo de licencia<\/strong><\/td>\n<td valign=\"top\" width=\"55\"><strong>Precio<\/strong><\/td>\n<td valign=\"top\" width=\"400\"><strong>Condiciones y obtenci\u00f3n<\/strong><\/td>\n<\/tr>\n<tr>\n<td valign=\"top\">Evaluaci\u00f3n&nbsp;<\/td>\n<td valign=\"top\">Gratuito<\/td>\n<td valign=\"top\">\n<p align=\"justify\">El software puede ser descargado e instalado sin m\u00e1s. Esta instalaci\u00f3n permitir\u00e1 su uso durante un mes. Transcurrido este, el usuario deber\u00e1 registrarse para continuar utilizando el programa libremente. Esta versi\u00f3n tendr\u00e1 limitado el tama\u00f1o de esquemas que se puede crear.&nbsp;<\/p>\n<\/td>\n<\/tr>\n<tr>\n<td valign=\"top\">Libre<\/td>\n<td valign=\"top\">\n<p>Gratuito<\/p>\n<\/td>\n<td valign=\"top\">\n<p align=\"justify\">Una vez registrado, el usuario podr\u00e1 usar GeoAquaTool de forma gratuita. Esta versi\u00f3n permite la edici\u00f3n de modelos de cualquier tama\u00f1o. Aunque tendr\u00e1 limitado el uso de algunas funciones m\u00e1s complejas y limitado el n\u00famero de elementos para los que podr\u00e1 obtener resultados. &nbsp;<\/p>\n<\/td>\n<\/tr>\n<tr>\n<td valign=\"top\">Agencias de cuenca<\/td>\n<td valign=\"top\">\n<p>Gratuito<\/p>\n<\/td>\n<td valign=\"top\">\n<p>Instituciones dedicadas a la gesti\u00f3n del agua, como Confederaciones Hidrogr\u00e1ficas, pueden obtener una licencia completa gratuita, sin m\u00e1s limitaciones que las propias del programa y el equipo donde se instale. Pero sin derecho a ayuda o asistencia t\u00e9cnica.<\/p>\n<p>Se requiere la&nbsp;identificaci\u00f3n y el alta&nbsp;en nuestro servicio rellenando y enviando el <a href=\"https:\/\/aquatool.webs.upv.es\/files\/GeoAquaTool\/Formulario_Lic_GeoAqt.docx\">formulario<\/a> al correo electr\u00f3nico <a href=\"mailto:aquatool@upv.es\">aquatool@upv.es<\/a> .&nbsp;<\/p>\n<p align=\"justify\">A diferencia de la anterior, esta licencia no fija ning\u00fan l\u00edmite en el tama\u00f1o de modelos con los que puede trabajar. S\u00ed tendr\u00e1 limitadas algunas funciones complejas destinadas a agilizar el proceso de sistemas complejos.<\/p>\n<\/td>\n<\/tr>\n<tr>\n<td valign=\"top\">Comercial<\/td>\n<td valign=\"top\">\n<p>1.200\u20ac\/a\u00f1o<\/p>\n<\/td>\n<td valign=\"top\">\n<p>Se puede adquirir una licencia para uso comercial del programa con validez de un a\u00f1o y renovable. Esta licencia, durante su vigencia, adem\u00e1s del uso completo del programa, da derecho a la atenci\u00f3n por correo electr\u00f3nico o tel\u00e9fono de cualquier cuesti\u00f3n que pueda plantearse en su uso.&nbsp; &nbsp;<\/p>\n<p>Para contratar la licencia deber\u00e1 completar la siguiente <a href=\"https:\/\/aquatool.webs.upv.es\/files\/GeoAquaTool\/HojaEncargoGeoAquaTool.docx\">hoja de encargo<\/a> y enviarla al correo electr\u00f3nico <a href=\"mailto:aquatool@upv.es\">aquatool@upv.es<\/a>.&nbsp;&nbsp;<\/p>\n<\/td>\n<\/tr>\n<\/tbody>\n<\/table>\t\t\t\t\t\t\t\t<\/div>\n\t\t\t\t<\/div>\n\t\t\t\t\t<\/div>\n\t\t<\/div>\n\t\t\t\t\t<\/div>\n\t\t<\/section>\n\t\t\t\t<section class=\"elementor-section elementor-top-section elementor-element elementor-element-6677cfa elementor-section-boxed elementor-section-height-default elementor-section-height-default\" data-id=\"6677cfa\" data-element_type=\"section\" data-e-type=\"section\">\n\t\t\t\t\t\t<div class=\"elementor-container elementor-column-gap-default\">\n\t\t\t\t\t<div class=\"elementor-column elementor-col-100 elementor-top-column elementor-element elementor-element-0097f19\" data-id=\"0097f19\" data-element_type=\"column\" data-e-type=\"column\">\n\t\t\t<div class=\"elementor-widget-wrap elementor-element-populated\">\n\t\t\t\t\t\t<div class=\"elementor-element elementor-element-574d5d7 elementor-widget elementor-widget-heading\" data-id=\"574d5d7\" data-element_type=\"widget\" data-e-type=\"widget\" data-widget_type=\"heading.default\">\n\t\t\t\t<div class=\"elementor-widget-container\">\n\t\t\t\t\t<h3 class=\"elementor-heading-title elementor-size-default\">Cursos<\/h3>\t\t\t\t<\/div>\n\t\t\t\t<\/div>\n\t\t\t\t<div class=\"elementor-element elementor-element-e6d6e58 elementor-widget elementor-widget-text-editor\" data-id=\"e6d6e58\" data-element_type=\"widget\" data-e-type=\"widget\" data-widget_type=\"text-editor.default\">\n\t\t\t\t<div class=\"elementor-widget-container\">\n\t\t\t\t\t\t\t\t\t<p style=\"text-align: justify;\">El Grupo de Ingenier\u00eda de Recursos H\u00eddricos (GIRH) ofrece cursos de formaci\u00f3n en \u00abAn\u00e1lisis y Modelaci\u00f3n de Sistemas de Gesti\u00f3n de Recursos H\u00eddricos con AQUATOOL\u00bb con distintos alcances y contenidos seg\u00fan las necesidades del cliente. Los precios de estos cursos depender\u00e1n del tiempo, contenido y otros factores, concret\u00e1ndose en un convenio con el GIRH.<br \/>Adem\u00e1s de dar una formaci\u00f3n t\u00e9cnica en el uso de los modelos que se describen, tambi\u00e9n se\u00a0 imparten conceptos te\u00f3ricos y experiencias de inter\u00e9s para trabajos de an\u00e1lisis de la gesti\u00f3n de cuencas hidrol\u00f3gicas.<\/p>\n<p style=\"text-align: justify;\">Pueden contactar con nosotros a trav\u00e9s del correo\u00a0<a href=\"mailto:aquatool@upv.es\">aquatool@upv.es<\/a> o los tel\u00e9fonos:- +34963877614 &#8211; +34963879612 &#8211; +34963879610- +34963879490).<\/p>\t\t\t\t\t\t\t\t<\/div>\n\t\t\t\t<\/div>\n\t\t\t\t\t<\/div>\n\t\t<\/div>\n\t\t\t\t\t<\/div>\n\t\t<\/section>\n\t\t\t\t<section class=\"elementor-section elementor-top-section elementor-element elementor-element-792dcc0 elementor-section-boxed elementor-section-height-default elementor-section-height-default\" data-id=\"792dcc0\" data-element_type=\"section\" data-e-type=\"section\">\n\t\t\t\t\t\t<div class=\"elementor-container elementor-column-gap-default\">\n\t\t\t\t\t<div class=\"elementor-column elementor-col-100 elementor-top-column elementor-element elementor-element-62c0db9\" data-id=\"62c0db9\" data-element_type=\"column\" data-e-type=\"column\">\n\t\t\t<div class=\"elementor-widget-wrap elementor-element-populated\">\n\t\t\t\t\t\t<div class=\"elementor-element elementor-element-a79e9f7 elementor-widget elementor-widget-heading\" data-id=\"a79e9f7\" data-element_type=\"widget\" data-e-type=\"widget\" data-widget_type=\"heading.default\">\n\t\t\t\t<div class=\"elementor-widget-container\">\n\t\t\t\t\t<h3 class=\"elementor-heading-title elementor-size-default\">Contratos<\/h3>\t\t\t\t<\/div>\n\t\t\t\t<\/div>\n\t\t\t\t<div class=\"elementor-element elementor-element-6247efc elementor-widget elementor-widget-text-editor\" data-id=\"6247efc\" data-element_type=\"widget\" data-e-type=\"widget\" data-widget_type=\"text-editor.default\">\n\t\t\t\t<div class=\"elementor-widget-container\">\n\t\t\t\t\t\t\t\t\t<p style=\"text-align: justify;\">El desarrollo de AQUATOOL est\u00e1 basado en la necesidad de analizar problemas reales en la planificaci\u00f3n y gesti\u00f3n de cuencas reales. Por y para esto el equipo de desarrollo de AQUATOOL tiene experiencia de m\u00e1s de 25 a\u00f1os en trabajos de asesor\u00eda con administraciones y empresas dedicados a la planificaci\u00f3n hidrol\u00f3gica.<\/p>\n<p style=\"text-align: justify;\">Para la contrataci\u00f3n de servicios espec\u00edficos relacionados con el an\u00e1lisis de sistemas para planificaci\u00f3n y gesti\u00f3n contacte con nosotros a trav\u00e9s del correo\u00a0<a href=\"mailto:aquatool@upv.es\">aquatool@upv.es<\/a> o los tel\u00e9fonos:- +34963877614 &#8211; +34963879612 &#8211; +34963879610- +34963879490).<\/p>\t\t\t\t\t\t\t\t<\/div>\n\t\t\t\t<\/div>\n\t\t\t\t\t<\/div>\n\t\t<\/div>\n\t\t\t\t\t<\/div>\n\t\t<\/section>\n\t\t\t\t<\/div>\n\t\t","protected":false},"excerpt":{"rendered":"<p>Licencias Software GEOAQUATOOL junto con sus m\u00f3dulos de c\u00e1lculo asociados puede ser utilizado de forma gratuita con ciertos l\u00edmites.\u00a0 Pero para uso comercial requiere la contrataci\u00f3n de una licencia de uso. Esta licencia permite el uso de todas las extensiones y utilidades del sistema dise\u00f1adas para facilitar y agilizar el trabajo con el mismo. \u00a0 &#8230; <a title=\"Licencias GeoAquaTool\" class=\"read-more\" href=\"https:\/\/aquatool.webs.upv.es\/aqt\/licenciasgeoaquatool\/\" aria-label=\"Leer m\u00e1s sobre Licencias GeoAquaTool\">Leer m\u00e1s<\/a><\/p>\n","protected":false},"author":1,"featured_media":0,"parent":0,"menu_order":0,"comment_status":"closed","ping_status":"closed","template":"","meta":{"inline_featured_image":false,"footnotes":""},"class_list":["post-1722","page","type-page","status-publish"],"_links":{"self":[{"href":"https:\/\/aquatool.webs.upv.es\/aqt\/wp-json\/wp\/v2\/pages\/1722","targetHints":{"allow":["GET"]}}],"collection":[{"href":"https:\/\/aquatool.webs.upv.es\/aqt\/wp-json\/wp\/v2\/pages"}],"about":[{"href":"https:\/\/aquatool.webs.upv.es\/aqt\/wp-json\/wp\/v2\/types\/page"}],"author":[{"embeddable":true,"href":"https:\/\/aquatool.webs.upv.es\/aqt\/wp-json\/wp\/v2\/users\/1"}],"replies":[{"embeddable":true,"href":"https:\/\/aquatool.webs.upv.es\/aqt\/wp-json\/wp\/v2\/comments?post=1722"}],"version-history":[{"count":24,"href":"https:\/\/aquatool.webs.upv.es\/aqt\/wp-json\/wp\/v2\/pages\/1722\/revisions"}],"predecessor-version":[{"id":1765,"href":"https:\/\/aquatool.webs.upv.es\/aqt\/wp-json\/wp\/v2\/pages\/1722\/revisions\/1765"}],"wp:attachment":[{"href":"https:\/\/aquatool.webs.upv.es\/aqt\/wp-json\/wp\/v2\/media?parent=1722"}],"curies":[{"name":"wp","href":"https:\/\/api.w.org\/{rel}","templated":true}]}}