{"id":107,"date":"2018-04-03T18:31:44","date_gmt":"2018-04-03T16:31:44","guid":{"rendered":"http:\/\/localhost\/aquatool\/?page_id=107"},"modified":"2025-11-30T14:19:35","modified_gmt":"2025-11-30T12:19:35","slug":"cursos","status":"publish","type":"page","link":"https:\/\/aquatool.webs.upv.es\/aqt\/cursos\/","title":{"rendered":"Cursos"},"content":{"rendered":"\t\t<div data-elementor-type=\"wp-page\" data-elementor-id=\"107\" class=\"elementor elementor-107\">\n\t\t\t\t\t\t<section class=\"elementor-section elementor-top-section elementor-element elementor-element-d2fae2a elementor-section-boxed elementor-section-height-default elementor-section-height-default\" data-id=\"d2fae2a\" data-element_type=\"section\" data-e-type=\"section\">\n\t\t\t\t\t\t<div class=\"elementor-container elementor-column-gap-default\">\n\t\t\t\t\t<div class=\"elementor-column elementor-col-100 elementor-top-column elementor-element elementor-element-1acb6eb\" data-id=\"1acb6eb\" data-element_type=\"column\" data-e-type=\"column\">\n\t\t\t<div class=\"elementor-widget-wrap elementor-element-populated\">\n\t\t\t\t\t\t<div class=\"elementor-element elementor-element-731a979 elementor-widget elementor-widget-heading\" data-id=\"731a979\" data-element_type=\"widget\" data-e-type=\"widget\" data-widget_type=\"heading.default\">\n\t\t\t\t<div class=\"elementor-widget-container\">\n\t\t\t\t\t<h2 class=\"elementor-heading-title elementor-size-default\">Cursos con AQUATOOL<\/h2>\t\t\t\t<\/div>\n\t\t\t\t<\/div>\n\t\t\t\t<div class=\"elementor-element elementor-element-adca98f elementor-widget elementor-widget-text-editor\" data-id=\"adca98f\" data-element_type=\"widget\" data-e-type=\"widget\" data-widget_type=\"text-editor.default\">\n\t\t\t\t<div class=\"elementor-widget-container\">\n\t\t\t\t\t\t\t\t\t<p style=\"text-align: justify;\">El grupo de ingenier\u00eda de recursos h\u00eddricos imparte cursos de formaci\u00f3n en \u00abAn\u00e1lisis y Modelaci\u00f3n de Sistemas de Gesti\u00f3n de Recursos H\u00eddricos con el software AQUATOOL\u00bb en los que adem\u00e1s de dar una formaci\u00f3n b\u00e1sica en el uso de los modelos que se describen en este portal, tambi\u00e9n se imparten conceptos te\u00f3ricos necesarios para el trabajo de an\u00e1lisis de la gesti\u00f3n de cuencas hidrol\u00f3gicas.<\/p>\t\t\t\t\t\t\t\t<\/div>\n\t\t\t\t<\/div>\n\t\t\t\t\t<\/div>\n\t\t<\/div>\n\t\t\t\t\t<\/div>\n\t\t<\/section>\n\t\t\t\t<section class=\"elementor-section elementor-top-section elementor-element elementor-element-ee76494 elementor-section-boxed elementor-section-height-default elementor-section-height-default\" data-id=\"ee76494\" data-element_type=\"section\" data-e-type=\"section\">\n\t\t\t\t\t\t<div class=\"elementor-container elementor-column-gap-default\">\n\t\t\t\t\t<div class=\"elementor-column elementor-col-100 elementor-top-column elementor-element elementor-element-a34127f\" data-id=\"a34127f\" data-element_type=\"column\" data-e-type=\"column\">\n\t\t\t<div class=\"elementor-widget-wrap elementor-element-populated\">\n\t\t\t\t\t\t<div class=\"elementor-element elementor-element-30aa3d0 elementor-widget elementor-widget-heading\" data-id=\"30aa3d0\" data-element_type=\"widget\" data-e-type=\"widget\" data-widget_type=\"heading.default\">\n\t\t\t\t<div class=\"elementor-widget-container\">\n\t\t\t\t\t<h3 class=\"elementor-heading-title elementor-size-default\">Pr\u00f3ximo curso: Noviembre 2025<\/h3>\t\t\t\t<\/div>\n\t\t\t\t<\/div>\n\t\t\t\t<section class=\"elementor-section elementor-inner-section elementor-element elementor-element-203adad elementor-section-boxed elementor-section-height-default elementor-section-height-default\" data-id=\"203adad\" data-element_type=\"section\" data-e-type=\"section\">\n\t\t\t\t\t\t<div class=\"elementor-container elementor-column-gap-default\">\n\t\t\t\t\t<div class=\"elementor-column elementor-col-50 elementor-inner-column elementor-element elementor-element-3838db7\" data-id=\"3838db7\" data-element_type=\"column\" data-e-type=\"column\">\n\t\t\t<div class=\"elementor-widget-wrap elementor-element-populated\">\n\t\t\t\t\t\t<div class=\"elementor-element elementor-element-d9dde12 elementor-view-default elementor-widget elementor-widget-icon\" data-id=\"d9dde12\" data-element_type=\"widget\" data-e-type=\"widget\" data-widget_type=\"icon.default\">\n\t\t\t\t<div class=\"elementor-widget-container\">\n\t\t\t\t\t\t\t<div class=\"elementor-icon-wrapper\">\n\t\t\t<div class=\"elementor-icon\">\n\t\t\t\t\t\t\t<i class=\"fa fa-info-circle\" aria-hidden=\"true\"><\/i>\n\t\t\t\t\t\t<\/div>\n\t\t<\/div>\n\t\t\t\t\t\t<\/div>\n\t\t\t\t<\/div>\n\t\t\t\t\t<\/div>\n\t\t<\/div>\n\t\t\t\t<div class=\"elementor-column elementor-col-50 elementor-inner-column elementor-element elementor-element-640b47a\" data-id=\"640b47a\" data-element_type=\"column\" data-e-type=\"column\">\n\t\t\t<div class=\"elementor-widget-wrap elementor-element-populated\">\n\t\t\t\t\t\t<div class=\"elementor-element elementor-element-47aba99 elementor-widget elementor-widget-text-editor\" data-id=\"47aba99\" data-element_type=\"widget\" data-e-type=\"widget\" data-widget_type=\"text-editor.default\">\n\t\t\t\t<div class=\"elementor-widget-container\">\n\t\t\t\t\t\t\t\t\t<p style=\"text-align: justify;\">7\u00aa Edici\u00f3n: <em><strong>\u00abAN\u00c1LISIS Y MODELACI\u00d3N DE SISTEMAS DE RECURSOS H\u00cdDRICOS CON EL SOFTWARE AQUATOOL\u00bb<\/strong><\/em>.\u00a0<\/p><p style=\"text-align: justify;\">Este curso est\u00e1 recomendado para profesionales que desean iniciarse en trabajos relacionados con el an\u00e1lisis de sistemas hidrol\u00f3gicos para la planificaci\u00f3n y gesti\u00f3n de cuencas o sistemas de recursos h\u00eddricos. Se recomienda nivel formativo equivalente al grado universitario, con conocimientos avanzados sobre hidrolog\u00eda superficial y subterr\u00e1nea. Tambi\u00e9n es conveniente disponer de conocimientos sobre ofim\u00e1tica y c\u00e1lculo num\u00e9rico.<\/p>\t\t\t\t\t\t\t\t<\/div>\n\t\t\t\t<\/div>\n\t\t\t\t<div class=\"elementor-element elementor-element-dc96ad9 elementor-button-info elementor-align-center elementor-widget elementor-widget-button\" data-id=\"dc96ad9\" data-element_type=\"widget\" data-e-type=\"widget\" data-widget_type=\"button.default\">\n\t\t\t\t<div class=\"elementor-widget-container\">\n\t\t\t\t\t\t\t\t\t<div class=\"elementor-button-wrapper\">\n\t\t\t\t\t<a class=\"elementor-button elementor-button-link elementor-size-sm\" href=\"https:\/\/www.cfp.upv.es\/formacion-permanente\/curso\/analisis-modelacion-sistemas-recursos-hidricos-software-aquatool_102242.pdf\" target=\"_blank\">\n\t\t\t\t\t\t<span class=\"elementor-button-content-wrapper\">\n\t\t\t\t\t\t\t\t\t<span class=\"elementor-button-text\">M\u00e1s informaci\u00f3n<\/span>\n\t\t\t\t\t<\/span>\n\t\t\t\t\t<\/a>\n\t\t\t\t<\/div>\n\t\t\t\t\t\t\t\t<\/div>\n\t\t\t\t<\/div>\n\t\t\t\t<div class=\"elementor-element elementor-element-ca46f07 elementor-button-info elementor-align-center elementor-widget elementor-widget-button\" data-id=\"ca46f07\" data-element_type=\"widget\" data-e-type=\"widget\" data-widget_type=\"button.default\">\n\t\t\t\t<div class=\"elementor-widget-container\">\n\t\t\t\t\t\t\t\t\t<div class=\"elementor-button-wrapper\">\n\t\t\t\t\t<a class=\"elementor-button elementor-button-link elementor-size-sm\" href=\"https:\/\/www.cfp.upv.es\/formacion-permanente\/curso\/analisis-y-modelacion-de-sistemas-de-recursos-hidricos-con-el-software-aquatool_102242.html\" target=\"_blank\">\n\t\t\t\t\t\t<span class=\"elementor-button-content-wrapper\">\n\t\t\t\t\t\t\t\t\t<span class=\"elementor-button-text\">Inscripci\u00f3n<\/span>\n\t\t\t\t\t<\/span>\n\t\t\t\t\t<\/a>\n\t\t\t\t<\/div>\n\t\t\t\t\t\t\t\t<\/div>\n\t\t\t\t<\/div>\n\t\t\t\t\t<\/div>\n\t\t<\/div>\n\t\t\t\t\t<\/div>\n\t\t<\/section>\n\t\t\t\t\t<\/div>\n\t\t<\/div>\n\t\t\t\t\t<\/div>\n\t\t<\/section>\n\t\t\t\t<section class=\"elementor-section elementor-top-section elementor-element elementor-element-e260ec8 elementor-section-boxed elementor-section-height-default elementor-section-height-default\" data-id=\"e260ec8\" data-element_type=\"section\" data-e-type=\"section\">\n\t\t\t\t\t\t<div class=\"elementor-container elementor-column-gap-default\">\n\t\t\t\t\t<div class=\"elementor-column elementor-col-100 elementor-top-column elementor-element elementor-element-a72faf8\" data-id=\"a72faf8\" data-element_type=\"column\" data-e-type=\"column\">\n\t\t\t<div class=\"elementor-widget-wrap elementor-element-populated\">\n\t\t\t\t\t\t<div class=\"elementor-element elementor-element-915b883 elementor-widget elementor-widget-heading\" data-id=\"915b883\" data-element_type=\"widget\" data-e-type=\"widget\" data-widget_type=\"heading.default\">\n\t\t\t\t<div class=\"elementor-widget-container\">\n\t\t\t\t\t<h3 class=\"elementor-heading-title elementor-size-default\">Cursos finalizados:<\/h3>\t\t\t\t<\/div>\n\t\t\t\t<\/div>\n\t\t\t\t<section class=\"elementor-section elementor-inner-section elementor-element elementor-element-27d4373 elementor-section-boxed elementor-section-height-default elementor-section-height-default\" data-id=\"27d4373\" data-element_type=\"section\" data-e-type=\"section\">\n\t\t\t\t\t\t<div class=\"elementor-container elementor-column-gap-default\">\n\t\t\t\t\t<div class=\"elementor-column elementor-col-50 elementor-inner-column elementor-element elementor-element-e36ca86\" data-id=\"e36ca86\" data-element_type=\"column\" data-e-type=\"column\">\n\t\t\t<div class=\"elementor-widget-wrap elementor-element-populated\">\n\t\t\t\t\t\t<div class=\"elementor-element elementor-element-5e05a80 elementor-view-default elementor-widget elementor-widget-icon\" data-id=\"5e05a80\" data-element_type=\"widget\" data-e-type=\"widget\" data-widget_type=\"icon.default\">\n\t\t\t\t<div class=\"elementor-widget-container\">\n\t\t\t\t\t\t\t<div class=\"elementor-icon-wrapper\">\n\t\t\t<div class=\"elementor-icon\">\n\t\t\t\t\t\t\t<i class=\"fa fa-flag-o\" aria-hidden=\"true\"><\/i>\n\t\t\t\t\t\t<\/div>\n\t\t<\/div>\n\t\t\t\t\t\t<\/div>\n\t\t\t\t<\/div>\n\t\t\t\t\t<\/div>\n\t\t<\/div>\n\t\t\t\t<div class=\"elementor-column elementor-col-50 elementor-inner-column elementor-element elementor-element-1acb84c\" data-id=\"1acb84c\" data-element_type=\"column\" data-e-type=\"column\">\n\t\t\t<div class=\"elementor-widget-wrap elementor-element-populated\">\n\t\t\t\t\t\t<div class=\"elementor-element elementor-element-5b984fb elementor-widget elementor-widget-text-editor\" data-id=\"5b984fb\" data-element_type=\"widget\" data-e-type=\"widget\" data-widget_type=\"text-editor.default\">\n\t\t\t\t<div class=\"elementor-widget-container\">\n\t\t\t\t\t\t\t\t\t<p style=\"text-align: justify;\"><strong><em>\u00abAN\u00c1LISIS Y MODELACI\u00d3N DE SISTEMAS DE RECURSOS H\u00cdDRICOS CON EL SOFTWARE AQUATOOL\u00bb<\/em>\u00a0Online<\/strong><strong>.<\/strong>\u00a0Durante los meses de septiembre y octubre de 2014,\u00a0<span style=\"color: var( --e-global-color-text ); font-family: var( --e-global-typography-text-font-family ), Verdana; font-weight: var( --e-global-typography-text-font-weight );\">septiembre y octubre de<\/span><span style=\"color: var( --e-global-color-text ); font-family: var( --e-global-typography-text-font-family ), Verdana; font-weight: var( --e-global-typography-text-font-weight );\">\u00a02015, julio de 2018, mayo de 2023, octubre a diciembre de 2023, y enero a marzo 2025 se impartieron de forma no presencial las\u00a0<\/span><span style=\"color: var( --e-global-color-text ); font-family: var( --e-global-typography-text-font-family ), Verdana; font-weight: bold;\">1<span style=\"font-size: 12.75px; height: 0px; line-height: 0; position: relative; vertical-align: baseline; bottom: 1ex;\">a<\/span>,\u00a02<span style=\"font-size: 12.75px; height: 0px; line-height: 0; position: relative; vertical-align: baseline; bottom: 1ex;\">a<\/span>,\u00a0<\/span><span style=\"color: var( --e-global-color-text ); font-family: var( --e-global-typography-text-font-family ), Verdana; font-weight: bold;\">3<\/span><span style=\"color: var( --e-global-color-text ); font-family: var( --e-global-typography-text-font-family ), Verdana; font-weight: bold; font-size: 12.75px; height: 0px; line-height: 0; position: relative; vertical-align: baseline; bottom: 1ex;\">a<\/span><span style=\"color: var( --e-global-color-text ); font-family: var( --e-global-typography-text-font-family ), Verdana; font-weight: bold;\">, 4<\/span><span style=\"color: var( --e-global-color-text ); font-family: var( --e-global-typography-text-font-family ), Verdana; font-weight: bold; font-size: 12.75px; height: 0px; line-height: 0; position: relative; vertical-align: baseline; bottom: 1ex;\">a<\/span><span style=\"color: var( --e-global-color-text ); font-family: var( --e-global-typography-text-font-family ), Verdana; font-weight: bold;\">, 5<\/span><span style=\"color: var( --e-global-color-text ); font-family: var( --e-global-typography-text-font-family ), Verdana; font-weight: bold; font-size: 12.75px; height: 0px; line-height: 0; position: relative; vertical-align: baseline; bottom: 1ex;\">a<\/span><span style=\"color: var( --e-global-color-text ); font-family: var( --e-global-typography-text-font-family ), Verdana; font-weight: bold;\">\u00a0y 6\u00aa\u00a0<\/span><span style=\"color: var( --e-global-color-text ); font-family: var( --e-global-typography-text-font-family ), Verdana; font-weight: bold;\">ediciones<\/span><span style=\"color: var( --e-global-color-text ); font-family: var( --e-global-typography-text-font-family ), Verdana; font-weight: var( --e-global-typography-text-font-weight );\"> de este curso, respectivamente. Este curso est\u00e1 recomendado para profesionales que desean iniciarse o especializarse en trabajos relacionados con el an\u00e1lisis de sistemas hidrol\u00f3gicos para la planificaci\u00f3n y gesti\u00f3n de cuencas o sistemas de recursos h\u00eddricos. Se recomienda nivel formativo equivalente al grado universitario, con conocimientos avanzados sobre hidrolog\u00eda superficial y subterr\u00e1nea. Tambi\u00e9n es conveniente disponer de conocimientos sobre ofim\u00e1tica y c\u00e1lculo num\u00e9ricos.<\/span><\/p>\t\t\t\t\t\t\t\t<\/div>\n\t\t\t\t<\/div>\n\t\t\t\t\t<\/div>\n\t\t<\/div>\n\t\t\t\t\t<\/div>\n\t\t<\/section>\n\t\t\t\t<section class=\"elementor-section elementor-inner-section elementor-element elementor-element-dadcbd9 elementor-section-boxed elementor-section-height-default elementor-section-height-default\" data-id=\"dadcbd9\" data-element_type=\"section\" data-e-type=\"section\">\n\t\t\t\t\t\t<div class=\"elementor-container elementor-column-gap-default\">\n\t\t\t\t\t<div class=\"elementor-column elementor-col-50 elementor-inner-column elementor-element elementor-element-5ff9138\" data-id=\"5ff9138\" data-element_type=\"column\" data-e-type=\"column\">\n\t\t\t<div class=\"elementor-widget-wrap elementor-element-populated\">\n\t\t\t\t\t\t<div class=\"elementor-element elementor-element-8319e50 elementor-view-default elementor-widget elementor-widget-icon\" data-id=\"8319e50\" data-element_type=\"widget\" data-e-type=\"widget\" data-widget_type=\"icon.default\">\n\t\t\t\t<div class=\"elementor-widget-container\">\n\t\t\t\t\t\t\t<div class=\"elementor-icon-wrapper\">\n\t\t\t<div class=\"elementor-icon\">\n\t\t\t\t\t\t\t<i class=\"fa fa-flag-o\" aria-hidden=\"true\"><\/i>\n\t\t\t\t\t\t<\/div>\n\t\t<\/div>\n\t\t\t\t\t\t<\/div>\n\t\t\t\t<\/div>\n\t\t\t\t\t<\/div>\n\t\t<\/div>\n\t\t\t\t<div class=\"elementor-column elementor-col-50 elementor-inner-column elementor-element elementor-element-bd10c81\" data-id=\"bd10c81\" data-element_type=\"column\" data-e-type=\"column\">\n\t\t\t<div class=\"elementor-widget-wrap elementor-element-populated\">\n\t\t\t\t\t\t<div class=\"elementor-element elementor-element-ebb0b68 elementor-widget elementor-widget-text-editor\" data-id=\"ebb0b68\" data-element_type=\"widget\" data-e-type=\"widget\" data-widget_type=\"text-editor.default\">\n\t\t\t\t<div class=\"elementor-widget-container\">\n\t\t\t\t\t\t\t\t\t<p style=\"text-align: justify;\">Los d\u00edas\u00a0<strong>19 y 20 de Junio de 2013<\/strong>\u00a0se organiz\u00f3 el curso\u00a0<strong>\u00abModelaci\u00f3n integral de sistemas de recursos h\u00eddricos con la herramienta AQUATOOL\u00bb<\/strong>\u00a0como parte de las Jornadas Internacionales de Sistemas Soporte a la Decisi\u00f3n en la Planificaci\u00f3n y Gesti\u00f3n de Recursos H\u00eddricos. Se us\u00f3 los distintos m\u00f3dulos de AQUATOOL como SimGes, GesCal, Caudeco, EvalHid, OptiGes y Simrisk.<\/p>\t\t\t\t\t\t\t\t<\/div>\n\t\t\t\t<\/div>\n\t\t\t\t\t<\/div>\n\t\t<\/div>\n\t\t\t\t\t<\/div>\n\t\t<\/section>\n\t\t\t\t\t<\/div>\n\t\t<\/div>\n\t\t\t\t\t<\/div>\n\t\t<\/section>\n\t\t\t\t<\/div>\n\t\t","protected":false},"excerpt":{"rendered":"<p>Cursos con AQUATOOL El grupo de ingenier\u00eda de recursos h\u00eddricos imparte cursos de formaci\u00f3n en \u00abAn\u00e1lisis y Modelaci\u00f3n de Sistemas de Gesti\u00f3n de Recursos H\u00eddricos con el software AQUATOOL\u00bb en los que adem\u00e1s de dar una formaci\u00f3n b\u00e1sica en el uso de los modelos que se describen en este portal, tambi\u00e9n se imparten conceptos te\u00f3ricos &#8230; <a title=\"Cursos\" class=\"read-more\" href=\"https:\/\/aquatool.webs.upv.es\/aqt\/cursos\/\" aria-label=\"Leer m\u00e1s sobre Cursos\">Leer m\u00e1s<\/a><\/p>\n","protected":false},"author":1,"featured_media":0,"parent":0,"menu_order":0,"comment_status":"closed","ping_status":"closed","template":"","meta":{"inline_featured_image":false,"footnotes":""},"class_list":["post-107","page","type-page","status-publish"],"_links":{"self":[{"href":"https:\/\/aquatool.webs.upv.es\/aqt\/wp-json\/wp\/v2\/pages\/107","targetHints":{"allow":["GET"]}}],"collection":[{"href":"https:\/\/aquatool.webs.upv.es\/aqt\/wp-json\/wp\/v2\/pages"}],"about":[{"href":"https:\/\/aquatool.webs.upv.es\/aqt\/wp-json\/wp\/v2\/types\/page"}],"author":[{"embeddable":true,"href":"https:\/\/aquatool.webs.upv.es\/aqt\/wp-json\/wp\/v2\/users\/1"}],"replies":[{"embeddable":true,"href":"https:\/\/aquatool.webs.upv.es\/aqt\/wp-json\/wp\/v2\/comments?post=107"}],"version-history":[{"count":88,"href":"https:\/\/aquatool.webs.upv.es\/aqt\/wp-json\/wp\/v2\/pages\/107\/revisions"}],"predecessor-version":[{"id":1858,"href":"https:\/\/aquatool.webs.upv.es\/aqt\/wp-json\/wp\/v2\/pages\/107\/revisions\/1858"}],"wp:attachment":[{"href":"https:\/\/aquatool.webs.upv.es\/aqt\/wp-json\/wp\/v2\/media?parent=107"}],"curies":[{"name":"wp","href":"https:\/\/api.w.org\/{rel}","templated":true}]}}