{"id":1047,"date":"2022-07-19T11:46:33","date_gmt":"2022-07-19T09:46:33","guid":{"rendered":"https:\/\/aquatool.webs.upv.es\/aqt\/?page_id=1047"},"modified":"2023-11-20T12:47:54","modified_gmt":"2023-11-20T10:47:54","slug":"aquatool-geo","status":"publish","type":"page","link":"https:\/\/aquatool.webs.upv.es\/aqt\/aquatool-geo\/","title":{"rendered":"Aquatool Geo"},"content":{"rendered":"\t\t<div data-elementor-type=\"wp-page\" data-elementor-id=\"1047\" class=\"elementor elementor-1047\">\n\t\t\t\t\t\t<section class=\"elementor-section elementor-top-section elementor-element elementor-element-2ccb9c78 elementor-section-boxed elementor-section-height-default elementor-section-height-default\" data-id=\"2ccb9c78\" data-element_type=\"section\" data-e-type=\"section\">\n\t\t\t\t\t\t<div class=\"elementor-container elementor-column-gap-default\">\n\t\t\t\t\t<div class=\"elementor-column elementor-col-100 elementor-top-column elementor-element elementor-element-12feb998\" data-id=\"12feb998\" data-element_type=\"column\" data-e-type=\"column\">\n\t\t\t<div class=\"elementor-widget-wrap elementor-element-populated\">\n\t\t\t\t\t\t<div class=\"elementor-element elementor-element-326d1601 elementor-widget elementor-widget-heading\" data-id=\"326d1601\" data-element_type=\"widget\" data-e-type=\"widget\" data-widget_type=\"heading.default\">\n\t\t\t\t<div class=\"elementor-widget-container\">\n\t\t\t\t\t<h2 class=\"elementor-heading-title elementor-size-default\">Entorno de desarrollo de sistema de apoyo a la decisi\u00f3n <b>Geo-AquaTool.<\/b>\n<H3><br>Herramienta para la creaci\u00f3n, edici\u00f3n, manejo y an\u00e1lisis de modelos de simulaci\u00f3n y optimizaci\u00f3n de la gesti\u00f3n de cuencas con tiempo en paso variable.<\/H3><\/h2>\t\t\t\t<\/div>\n\t\t\t\t<\/div>\n\t\t\t\t\t<\/div>\n\t\t<\/div>\n\t\t\t\t\t<\/div>\n\t\t<\/section>\n\t\t\t\t<section class=\"elementor-section elementor-top-section elementor-element elementor-element-73071ca4 elementor-section-boxed elementor-section-height-default elementor-section-height-default\" data-id=\"73071ca4\" data-element_type=\"section\" data-e-type=\"section\">\n\t\t\t\t\t\t<div class=\"elementor-container elementor-column-gap-default\">\n\t\t\t\t\t<div class=\"elementor-column elementor-col-50 elementor-top-column elementor-element elementor-element-1f4f5455\" data-id=\"1f4f5455\" data-element_type=\"column\" data-e-type=\"column\">\n\t\t\t<div class=\"elementor-widget-wrap elementor-element-populated\">\n\t\t\t\t\t\t<div class=\"elementor-element elementor-element-7cbd2792 elementor-widget elementor-widget-heading\" data-id=\"7cbd2792\" data-element_type=\"widget\" data-e-type=\"widget\" data-widget_type=\"heading.default\">\n\t\t\t\t<div class=\"elementor-widget-container\">\n\t\t\t\t\t<h5 class=\"elementor-heading-title elementor-size-default\">M\u00f3dulos disponibles<\/h5>\t\t\t\t<\/div>\n\t\t\t\t<\/div>\n\t\t\t\t<div class=\"elementor-element elementor-element-4e8adfb4 elementor-widget elementor-widget-wp-widget-nav_menu\" data-id=\"4e8adfb4\" data-element_type=\"widget\" data-e-type=\"widget\" data-widget_type=\"wp-widget-nav_menu.default\">\n\t\t\t\t<div class=\"elementor-widget-container\">\n\t\t\t\t\t<div class=\"menu-aqt-tiempo-variable-container\"><ul id=\"menu-aqt-tiempo-variable\" class=\"menu\"><li id=\"menu-item-784\" class=\"menu-item menu-item-type-post_type menu-item-object-page menu-item-784\"><a href=\"https:\/\/aquatool.webs.upv.es\/aqt\/aquatool-2021\/\">Aquatool 2025<\/a><\/li>\n<li id=\"menu-item-1054\" class=\"menu-item menu-item-type-post_type menu-item-object-page menu-item-1054\"><a href=\"https:\/\/aquatool.webs.upv.es\/aqt\/aquatool-geo\/\">GeoAquaTool<\/a><\/li>\n<li id=\"menu-item-797\" class=\"menu-item menu-item-type-post_type menu-item-object-page menu-item-797\"><a href=\"https:\/\/aquatool.webs.upv.es\/aqt\/aqt-sim\/\">AQT-SIM<\/a><\/li>\n<li id=\"menu-item-806\" class=\"menu-item menu-item-type-post_type menu-item-object-page menu-item-806\"><a href=\"https:\/\/aquatool.webs.upv.es\/aqt\/aqt-opt\/\">AQT-OPT<\/a><\/li>\n<li id=\"menu-item-821\" class=\"menu-item menu-item-type-post_type menu-item-object-page menu-item-821\"><a href=\"https:\/\/aquatool.webs.upv.es\/aqt\/aqt-cal\/\">AQT-CAL<\/a><\/li>\n<li id=\"menu-item-812\" class=\"menu-item menu-item-type-post_type menu-item-object-page menu-item-812\"><a href=\"https:\/\/aquatool.webs.upv.es\/aqt\/aqt-risk\/\">AQT-RISK<\/a><\/li>\n<li id=\"menu-item-832\" class=\"menu-item menu-item-type-post_type menu-item-object-page menu-item-832\"><a href=\"https:\/\/aquatool.webs.upv.es\/aqt\/descargas-2\/\">Descargas<\/a><\/li>\n<li id=\"menu-item-842\" class=\"menu-item menu-item-type-post_type menu-item-object-page menu-item-842\"><a href=\"https:\/\/aquatool.webs.upv.es\/aqt\/documentos\/\">Documentos<\/a><\/li>\n<li id=\"menu-item-1676\" class=\"menu-item menu-item-type-post_type menu-item-object-page menu-item-1676\"><a href=\"https:\/\/aquatool.webs.upv.es\/aqt\/ejercicios-2\/\">Ejercicios con GeoAquaTool<\/a><\/li>\n<\/ul><\/div>\t\t\t\t<\/div>\n\t\t\t\t<\/div>\n\t\t\t\t\t<\/div>\n\t\t<\/div>\n\t\t\t\t<div class=\"elementor-column elementor-col-50 elementor-top-column elementor-element elementor-element-4774376\" data-id=\"4774376\" data-element_type=\"column\" data-e-type=\"column\">\n\t\t\t<div class=\"elementor-widget-wrap elementor-element-populated\">\n\t\t\t\t\t\t<div class=\"elementor-element elementor-element-2a5d9c8f elementor-widget elementor-widget-text-editor\" data-id=\"2a5d9c8f\" data-element_type=\"widget\" data-e-type=\"widget\" data-widget_type=\"text-editor.default\">\n\t\t\t\t<div class=\"elementor-widget-container\">\n\t\t\t\t\t\t\t\t\t<p>GEO-AQUATOOL es el nuevo interface para la edici\u00f3n de modelos de simulaci\u00f3n de la gesti\u00f3n de sistemas con AQUATOOL2021.<\/p><p>La principal novedad de este programa es que trabaja sobre una base de dibujo georeferenciada, lo que permite situar los modelos y elementos de an\u00e1lisis sobre una localizaci\u00f3n adecuada a su emplazamiento geogr\u00e1fico.<\/p><p>En esta p\u00e1gina se puede obtener informaci\u00f3n r\u00e1pida sobre c\u00f3mo trabajar con esta herramienta.<\/p>\t\t\t\t\t\t\t\t<\/div>\n\t\t\t\t<\/div>\n\t\t\t\t<div class=\"elementor-element elementor-element-f8f5252 elementor-widget elementor-widget-text-editor\" data-id=\"f8f5252\" data-element_type=\"widget\" data-e-type=\"widget\" data-widget_type=\"text-editor.default\">\n\t\t\t\t<div class=\"elementor-widget-container\">\n\t\t\t\t\t\t\t\t\t<h3>Importar esquemas antiguos desarrollados con AQUATOOL+<\/h3>\t\t\t\t\t\t\t\t<\/div>\n\t\t\t\t<\/div>\n\t\t\t\t<div class=\"elementor-element elementor-element-169cf59 elementor-widget elementor-widget-text-editor\" data-id=\"169cf59\" data-element_type=\"widget\" data-e-type=\"widget\" data-widget_type=\"text-editor.default\">\n\t\t\t\t<div class=\"elementor-widget-container\">\n\t\t\t\t\t\t\t\t\t<p>Es muy probable que cuando comenzamos a trabajar con este programa ya tengamos una versi\u00f3n anterior del modelo de simulaci\u00f3n de la gesti\u00f3n de la cuenca desarrollado con Aquatool+. Y queremos conservar los datos introducidos en aquel modelo.<\/p><p>Solo necesita acceder a la base de datos de aquel a trav\u00e9s del men\u00fa: \u00abArchivo\u00bb-\u00abAbrir\u00bb. En este proceso se ha de conocer algunas correcciones que se har\u00e1n a aquel modelo:<\/p><ul><li>En primer lugar el esquema gr\u00e1fico se ha de situar en una <strong>localizaci\u00f3n geogr\u00e1fica<\/strong> adecuada. Para ello se ha dise\u00f1ado un sencillo reescalado para el cual se requiere las coordenadas de dos puntos dadas en los dos sistemas de coordenadas: las coordenadas (x,y) en el visor de Aquatool+ y las coordenadas equivalentes en (latitud, Longitud).<\/li><li>El <strong>paso de tiempo<\/strong> que era mensual en Aquatool+ pasa a ser libre, adem\u00e1s tendr\u00e1 dos formas de medida:<ul><li>\u00a0 <span style=\"text-decoration: underline;\">En fracciones del a\u00f1o<\/span>: por ejemplo 12 (meses), 48 (semanas) o 360 (d\u00edas). En esta opci\u00f3n la identidad con las fechas en el a\u00f1o no es exacta, pero simplifica en tratamiento estad\u00edstico para un a\u00f1o medio. Esta opci\u00f3n es adecuada para simulaciones a largo plazo en las que se pretende obtener estad\u00edsticos anuales.<\/li><li>\u00a0<span style=\"text-decoration: underline;\">En d\u00edas<\/span>: cada paso de tiempo en el c\u00e1lculo se mide en un n\u00famero de d\u00edas dado, por ejemplo: 1(diario), 7 (semanal), 30 (mensual). En esta opci\u00f3n la conexi\u00f3n con el calendario es exacta, pero ofrece dificultades si se trata hacer acumulaciones mensuales o anuales, ya que un paso de tiempo puede superponerse en 2 intervalos. Esta opci\u00f3n es m\u00e1s adecuada para periodos de c\u00e1lculo cortos. Por ejemplo para an\u00e1lisis predictivos.<\/li><\/ul><\/li><li>Correcciones generales en las <strong>unidades de medida<\/strong> para los datos. En general los datos de flujo pasan a medirse en m3\/s y los par\u00e1metros correspondientes en m3\/dia.<\/li><li>\u00a0Correcciones en la definici\u00f3n de <strong>conducciones<\/strong>.<ul><li>La importaci\u00f3n elimina los l\u00edmites de capacidad de la conducci\u00f3n por encima de 1000 para considerarlos con capacidad ilimitada.<\/li><li>Desaparece la calificaci\u00f3n de conducciones tipo 1, tipo 2 o tipo 3. Las caracter\u00edsticas de filtraci\u00f3n o conexi\u00f3n con acu\u00edfero se definen para cualquier conducci\u00f3n.<\/li><li>El par\u00e1metro de filtraci\u00f3n A en tramos tipo 2 se multiplica por 0.38 para medirse en m3\/d\u00eda<\/li><\/ul><\/li><li>\u00a0Correcciones en la definici\u00f3n de <strong>embalses<\/strong>.<ul><li>\u00a0 Un embalse se define por su capacidad como dato \u00fanico. Se fija esta capacidad como el m\u00e1ximo de los vol\u00famenes m\u00e1ximos.<\/li><li>Si todos los valores de volumen m\u00e1ximo o m\u00ednimo son iguales se elimina esta serie. El m\u00ednimo pasa a considerarse \u00abembalse muerto\u00bb.<\/li><li>Los datos de volumen objetivo no son necesarios. Si coinciden con el m\u00e1ximo o con el m\u00ednimo se eliminan.<\/li><li>Los par\u00e1metros de filtraci\u00f3n A y B se multiplica por 0.38 para medirse en m3\/d\u00eda<\/li><li>El nudo de vertido y el caudal m\u00e1ximo de sueltas controladas se eliminan si coinciden con el valor que Aquatool+ fijaba por defecto.<\/li><\/ul><\/li><li>Correcciones en la definici\u00f3n de <strong>acu\u00edferos<\/strong>.<ul><li>El par\u00e1metro de flujo en acu\u00edfero en mes-1 se corrige a dias-1<\/li><li>En modelos tipo <span style=\"text-decoration: underline;\">autovalores<\/span><ul><li>Ser\u00e1 necesario definir un dato m\u00e1s que es la acci\u00f3n elemental para detracciones imposibles para cualquier par\u00e1metro de control que represente un flujo.<\/li><li>Si el paso de tiempo de c\u00e1lculo deja de ser el mes, los par\u00e1metros del modelo ser\u00e1n incorrectos. Ser\u00e1 necesario utilizar Aquival para obtener los par\u00e1metros en la escala correcta.<\/li><\/ul><\/li><li>Los acu\u00edferos de tipo rectangular no se admiten en esta versi\u00f3n. De incluir alguno, ser\u00e1 necesario redefinirlo como autovalores mediante Aquival.<\/li><\/ul><\/li><\/ul><div>\u00a0<\/div>\t\t\t\t\t\t\t\t<\/div>\n\t\t\t\t<\/div>\n\t\t\t\t\t<\/div>\n\t\t<\/div>\n\t\t\t\t\t<\/div>\n\t\t<\/section>\n\t\t\t\t<section class=\"elementor-section elementor-top-section elementor-element elementor-element-df3b44a elementor-section-boxed elementor-section-height-default elementor-section-height-default\" data-id=\"df3b44a\" data-element_type=\"section\" data-e-type=\"section\">\n\t\t\t\t\t\t<div class=\"elementor-container elementor-column-gap-default\">\n\t\t\t\t\t<div class=\"elementor-column elementor-col-100 elementor-top-column elementor-element elementor-element-7e9ebd8\" data-id=\"7e9ebd8\" data-element_type=\"column\" data-e-type=\"column\">\n\t\t\t<div class=\"elementor-widget-wrap elementor-element-populated\">\n\t\t\t\t\t\t<div class=\"elementor-element elementor-element-7632a9a elementor-widget elementor-widget-text-editor\" data-id=\"7632a9a\" data-element_type=\"widget\" data-e-type=\"widget\" data-widget_type=\"text-editor.default\">\n\t\t\t\t<div class=\"elementor-widget-container\">\n\t\t\t\t\t\t\t\t\t<p><span style=\"font-variant-numeric: normal; font-variant-east-asian: normal; background-color: transparent; font-size: 11pt; font-family: Arial; color: #000000; vertical-align: baseline; white-space: pre-wrap;\">Este desarrollo se realiza en gran parte al amparo del proyecto de investigaci\u00f3n\u00a0 \u201c<\/span><span style=\"font-variant-numeric: normal; font-variant-east-asian: normal; background-color: transparent; font-size: 11pt; font-family: Arial; color: #000000; font-style: italic; vertical-align: baseline; white-space: pre-wrap;\">Reducci\u00f3n de la EScala Temporal en la Planificaci\u00f3n HIdrol\u00f3gica para la gesti\u00f3n de Recursos y el medio Ambiente (<\/span><span style=\"font-variant-numeric: normal; font-variant-east-asian: normal; background-color: transparent; font-size: 11pt; font-family: Arial; color: #000000; font-weight: bold; font-style: italic; vertical-align: baseline; white-space: pre-wrap;\">RESPHIRA<\/span><span style=\"font-variant-numeric: normal; font-variant-east-asian: normal; background-color: transparent; font-size: 11pt; font-family: Arial; color: #000000; font-style: italic; vertical-align: baseline; white-space: pre-wrap;\">)<\/span><span style=\"font-variant-numeric: normal; font-variant-east-asian: normal; background-color: transparent; font-size: 11pt; font-family: Arial; color: #000000; vertical-align: baseline; white-space: pre-wrap;\">\u201d financiado por la Agencia Estatal de Investigaci\u00f3n (AEI) del\u00a0 Ministerio de Ciencia e Innovaci\u00f3n en la convocatoria de 2019 de proyectos de I+D+I de proyectos de generaci\u00f3n de conocimiento. (PID2019-106322RB-100\/AEI\/ 10.13039\/501100011033) vigente de junio de 2020 a mayo de 2023.<\/span><\/p>\t\t\t\t\t\t\t\t<\/div>\n\t\t\t\t<\/div>\n\t\t\t\t\t<\/div>\n\t\t<\/div>\n\t\t\t\t\t<\/div>\n\t\t<\/section>\n\t\t\t\t<\/div>\n\t\t","protected":false},"excerpt":{"rendered":"<p>Entorno de desarrollo de sistema de apoyo a la decisi\u00f3n Geo-AquaTool. Herramienta para la creaci\u00f3n, edici\u00f3n, manejo y an\u00e1lisis de modelos de simulaci\u00f3n y optimizaci\u00f3n de la gesti\u00f3n de cuencas con tiempo en paso variable. M\u00f3dulos disponibles GEO-AQUATOOL es el nuevo interface para la edici\u00f3n de modelos de simulaci\u00f3n de la gesti\u00f3n de sistemas con &#8230; <a title=\"Aquatool Geo\" class=\"read-more\" href=\"https:\/\/aquatool.webs.upv.es\/aqt\/aquatool-geo\/\" aria-label=\"Leer m\u00e1s sobre Aquatool Geo\">Leer m\u00e1s<\/a><\/p>\n","protected":false},"author":1,"featured_media":0,"parent":0,"menu_order":0,"comment_status":"closed","ping_status":"closed","template":"","meta":{"inline_featured_image":false,"footnotes":""},"class_list":["post-1047","page","type-page","status-publish"],"_links":{"self":[{"href":"https:\/\/aquatool.webs.upv.es\/aqt\/wp-json\/wp\/v2\/pages\/1047","targetHints":{"allow":["GET"]}}],"collection":[{"href":"https:\/\/aquatool.webs.upv.es\/aqt\/wp-json\/wp\/v2\/pages"}],"about":[{"href":"https:\/\/aquatool.webs.upv.es\/aqt\/wp-json\/wp\/v2\/types\/page"}],"author":[{"embeddable":true,"href":"https:\/\/aquatool.webs.upv.es\/aqt\/wp-json\/wp\/v2\/users\/1"}],"replies":[{"embeddable":true,"href":"https:\/\/aquatool.webs.upv.es\/aqt\/wp-json\/wp\/v2\/comments?post=1047"}],"version-history":[{"count":8,"href":"https:\/\/aquatool.webs.upv.es\/aqt\/wp-json\/wp\/v2\/pages\/1047\/revisions"}],"predecessor-version":[{"id":1430,"href":"https:\/\/aquatool.webs.upv.es\/aqt\/wp-json\/wp\/v2\/pages\/1047\/revisions\/1430"}],"wp:attachment":[{"href":"https:\/\/aquatool.webs.upv.es\/aqt\/wp-json\/wp\/v2\/media?parent=1047"}],"curies":[{"name":"wp","href":"https:\/\/api.w.org\/{rel}","templated":true}]}}